{"id":1516,"date":"2024-08-19T20:57:33","date_gmt":"2024-08-19T18:57:33","guid":{"rendered":"https:\/\/www.madnaughty.cz\/?post_type=product&#038;p=1516"},"modified":"2024-08-19T23:01:09","modified_gmt":"2024-08-19T21:01:09","slug":"tricko-plus-size-modelky-unisex","status":"publish","type":"product","link":"http:\/\/www.madnaughty.cz\/?product=tricko-plus-size-modelky-unisex","title":{"rendered":"Tri\u010dko \u2013 Plus Size Modelky \u2013 Unisex"},"content":{"rendered":"<div class=\"woocommerce-product-details__short-description\">\n<p>Bu\u010fte hrdou sou\u010d\u00e1st\u00ed t\u00fdmu plus size modelek s na\u0161\u00edm tri\u010dkem, kter\u00e9 je navr\u017eeno pro v\u0161echny d\u00edvky, kter\u00e9 slav\u00ed svou kr\u00e1su a sebev\u011bdom\u00ed. Toto tri\u010dko je perfektn\u00ed volbou pro ka\u017edou \u017eenu, kter\u00e1 se c\u00edt\u00ed dob\u0159e ve sv\u00e9 k\u016f\u017ei a chce to uk\u00e1zat sv\u011btu.<\/p>\n<p><strong>Specifikace:<\/strong><\/p>\n<ul>\n<li><strong>Materi\u00e1l:<\/strong> 100% bavlna<\/li>\n<li><strong>Barvy:<\/strong> \u010cern\u00e1 nebo b\u00edl\u00e1<\/li>\n<li><strong>Velikosti:<\/strong> S-3XL<\/li>\n<\/ul>\n<p><strong>Vlastnosti:<\/strong><\/p>\n<ul>\n<li>Pohodln\u00fd a m\u011bkk\u00fd materi\u00e1l, kter\u00fd zaru\u010duje komfort p\u0159i ka\u017edodenn\u00edm no\u0161en\u00ed.<\/li>\n<li>Jednoduch\u00fd, ale v\u00fdrazn\u00fd design s logem +Size modelky, kter\u00fd podtrhuje va\u0161i hrdost na to, k\u00fdm jste.<\/li>\n<li>Dostupn\u00e9 ve dvou z\u00e1kladn\u00edch barv\u00e1ch \u2013 \u010dern\u00e9 a b\u00edl\u00e9, kter\u00e9 snadno zkombinujete s jak\u00fdmkoli outfitem.<\/li>\n<\/ul>\n<p><strong>Pozn\u00e1mka:<\/strong> Toto tri\u010dko je ide\u00e1ln\u00edm dopl\u0148kem pro v\u0161echny, kdo jsou hrd\u00ed na sv\u00e9 t\u011blo a neboj\u00ed se to uk\u00e1zat. Noste ho s hrdost\u00ed a bu\u010fte inspirac\u00ed pro ostatn\u00ed!<\/p>\n<\/div>\n","protected":false},"excerpt":{"rendered":"<p>Bu\u010fte hrdou sou\u010d\u00e1st\u00ed t\u00fdmu plus size modelek s na\u0161\u00edm tri\u010dkem, kter\u00e9 je navr\u017eeno pro v\u0161echny d\u00edvky, kter\u00e9 slav\u00ed svou kr\u00e1su a sebev\u011bdom\u00ed. Toto tri\u010dko je perfektn\u00ed<span class=\"excerpt-hellip\"> [\u2026]<\/span><\/p>\n","protected":false},"featured_media":1536,"comment_status":"open","ping_status":"closed","template":"","meta":[],"product_cat":[119],"product_tag":[],"class_list":{"0":"post-1516","1":"product","2":"type-product","3":"status-publish","4":"has-post-thumbnail","6":"product_cat-plussizemodelky","8":"first","9":"onbackorder","10":"shipping-taxable","11":"purchasable","12":"product-type-variable"},"_links":{"self":[{"href":"http:\/\/www.madnaughty.cz\/index.php?rest_route=\/wp\/v2\/product\/1516"}],"collection":[{"href":"http:\/\/www.madnaughty.cz\/index.php?rest_route=\/wp\/v2\/product"}],"about":[{"href":"http:\/\/www.madnaughty.cz\/index.php?rest_route=\/wp\/v2\/types\/product"}],"replies":[{"embeddable":true,"href":"http:\/\/www.madnaughty.cz\/index.php?rest_route=%2Fwp%2Fv2%2Fcomments&post=1516"}],"wp:featuredmedia":[{"embeddable":true,"href":"http:\/\/www.madnaughty.cz\/index.php?rest_route=\/wp\/v2\/media\/1536"}],"wp:attachment":[{"href":"http:\/\/www.madnaughty.cz\/index.php?rest_route=%2Fwp%2Fv2%2Fmedia&parent=1516"}],"wp:term":[{"taxonomy":"product_cat","embeddable":true,"href":"http:\/\/www.madnaughty.cz\/index.php?rest_route=%2Fwp%2Fv2%2Fproduct_cat&post=1516"},{"taxonomy":"product_tag","embeddable":true,"href":"http:\/\/www.madnaughty.cz\/index.php?rest_route=%2Fwp%2Fv2%2Fproduct_tag&post=1516"}],"curies":[{"name":"wp","href":"https:\/\/api.w.org\/{rel}","templated":true}]}}