{"id":1540,"date":"2024-08-19T22:49:57","date_gmt":"2024-08-19T20:49:57","guid":{"rendered":"https:\/\/www.madnaughty.cz\/?post_type=product&#038;p=1540"},"modified":"2024-08-19T22:56:00","modified_gmt":"2024-08-19T20:56:00","slug":"tricko-finalistka-plus-size-miss-unisex","status":"publish","type":"product","link":"http:\/\/www.madnaughty.cz\/?product=tricko-finalistka-plus-size-miss-unisex","title":{"rendered":"Tri\u010dko \u2013 Finalistka Plus Size Miss \u2013 Unisex"},"content":{"rendered":"<div class=\"woocommerce-product-details__short-description\">\n<p>Toto tri\u010dko je ur\u010deno v\u0161em finalistk\u00e1m sout\u011b\u017ee Plus Size Miss, kter\u00e9 s hrdost\u00ed oslavuj\u00ed svou cestu a \u00fasp\u011bch. Je navr\u017eeno pro \u017eeny, kter\u00e9 sebev\u011bdom\u011b nos\u00ed titul finalistky a cht\u011bj\u00ed to sv\u011btu uk\u00e1zat.<\/p>\n<p><strong>Specifikace:<\/strong><\/p>\n<ul>\n<li><strong>Materi\u00e1l:<\/strong> 100% bavlna<\/li>\n<li><strong>Barvy:<\/strong> \u010cern\u00e1 nebo b\u00edl\u00e1<\/li>\n<li><strong>Velikosti:<\/strong> S-3XL<\/li>\n<\/ul>\n<p><strong>Vlastnosti:<\/strong><\/p>\n<ul>\n<li>Pohodln\u00fd a kvalitn\u00ed materi\u00e1l, kter\u00fd zaji\u0161\u0165uje komfort p\u0159i ka\u017edodenn\u00edm no\u0161en\u00ed.<\/li>\n<li>Elegantn\u00ed logo &#8222;Plus Size Miss Finalistka&#8220; na hrudi, kter\u00e9 symbolizuje va\u0161i \u00fasp\u011b\u0161nou \u00fa\u010dast v sout\u011b\u017ei.<\/li>\n<li>Dostupn\u00e9 ve dvou klasick\u00fdch barv\u00e1ch \u2013 \u010dern\u00e9 a b\u00edl\u00e9, ide\u00e1ln\u00ed pro ka\u017ed\u00fd styl.<\/li>\n<\/ul>\n<p><strong>Pozn\u00e1mka:<\/strong> Toto tri\u010dko je perfektn\u00edm zp\u016fsobem, jak si p\u0159ipomenout sv\u00e9 \u00fasp\u011bchy a nosit je s hrdost\u00ed. Pro ka\u017edou \u017eenu, kter\u00e1 dos\u00e1hla fin\u00e1le, je toto tri\u010dko skv\u011bl\u00fdm dopl\u0148kem, kter\u00fd podtrhne jej\u00ed jedine\u010dnou kr\u00e1su a s\u00edlu.<\/p>\n<\/div>\n","protected":false},"excerpt":{"rendered":"<p>Toto tri\u010dko je ur\u010deno v\u0161em finalistk\u00e1m sout\u011b\u017ee Plus Size Miss, kter\u00e9 s hrdost\u00ed oslavuj\u00ed svou cestu a \u00fasp\u011bch. Je navr\u017eeno pro \u017eeny, kter\u00e9 sebev\u011bdom\u011b nos\u00ed titul<span class=\"excerpt-hellip\"> [\u2026]<\/span><\/p>\n","protected":false},"featured_media":1556,"comment_status":"open","ping_status":"closed","template":"","meta":[],"product_cat":[119],"product_tag":[],"class_list":{"0":"post-1540","1":"product","2":"type-product","3":"status-publish","4":"has-post-thumbnail","6":"product_cat-plussizemodelky","8":"first","9":"onbackorder","10":"shipping-taxable","11":"purchasable","12":"product-type-variable"},"_links":{"self":[{"href":"http:\/\/www.madnaughty.cz\/index.php?rest_route=\/wp\/v2\/product\/1540"}],"collection":[{"href":"http:\/\/www.madnaughty.cz\/index.php?rest_route=\/wp\/v2\/product"}],"about":[{"href":"http:\/\/www.madnaughty.cz\/index.php?rest_route=\/wp\/v2\/types\/product"}],"replies":[{"embeddable":true,"href":"http:\/\/www.madnaughty.cz\/index.php?rest_route=%2Fwp%2Fv2%2Fcomments&post=1540"}],"wp:featuredmedia":[{"embeddable":true,"href":"http:\/\/www.madnaughty.cz\/index.php?rest_route=\/wp\/v2\/media\/1556"}],"wp:attachment":[{"href":"http:\/\/www.madnaughty.cz\/index.php?rest_route=%2Fwp%2Fv2%2Fmedia&parent=1540"}],"wp:term":[{"taxonomy":"product_cat","embeddable":true,"href":"http:\/\/www.madnaughty.cz\/index.php?rest_route=%2Fwp%2Fv2%2Fproduct_cat&post=1540"},{"taxonomy":"product_tag","embeddable":true,"href":"http:\/\/www.madnaughty.cz\/index.php?rest_route=%2Fwp%2Fv2%2Fproduct_tag&post=1540"}],"curies":[{"name":"wp","href":"https:\/\/api.w.org\/{rel}","templated":true}]}}