{"id":1557,"date":"2024-08-19T22:54:21","date_gmt":"2024-08-19T20:54:21","guid":{"rendered":"https:\/\/www.madnaughty.cz\/?post_type=product&#038;p=1557"},"modified":"2024-08-19T23:00:16","modified_gmt":"2024-08-19T21:00:16","slug":"tricko-plus-size-miss-unisex","status":"publish","type":"product","link":"http:\/\/www.madnaughty.cz\/?product=tricko-plus-size-miss-unisex","title":{"rendered":"Tri\u010dko \u2013 Plus Size Miss \u2013 Unisex"},"content":{"rendered":"<div class=\"woocommerce-product-details__short-description\">\n<p>P\u0159edstavujeme tri\u010dko pro v\u0161echny d\u00edvky a \u017eeny, kter\u00e9 jsou hrd\u00e9 na sv\u016fj titul Plus Size Miss! Toto tri\u010dko je navr\u017eeno pro sebev\u011bdom\u00e9 \u017eeny, kter\u00e9 slav\u00ed svou jedine\u010dnou kr\u00e1su a cht\u011bj\u00ed to sv\u011btu uk\u00e1zat.<\/p>\n<p><strong>Specifikace:<\/strong><\/p>\n<ul>\n<li><strong>Materi\u00e1l:<\/strong> 100% bavlna<\/li>\n<li><strong>Barvy:<\/strong> \u010cern\u00e1 nebo b\u00edl\u00e1<\/li>\n<li><strong>Velikosti:<\/strong> S-3XL<\/li>\n<\/ul>\n<p><strong>Vlastnosti:<\/strong><\/p>\n<ul>\n<li>M\u011bkk\u00fd a pohodln\u00fd materi\u00e1l, kter\u00fd poskytuje maxim\u00e1ln\u00ed komfort p\u0159i ka\u017edodenn\u00edm no\u0161en\u00ed.<\/li>\n<li>Stylov\u00e9 logo &#8222;Plus Size Miss&#8220; na hrudi, kter\u00e9 podtrhuje va\u0161i hrdost a kr\u00e1su.<\/li>\n<li>Dostupn\u00e9 ve dvou elegantn\u00edch barv\u00e1ch \u2013 \u010dern\u00e9 a b\u00edl\u00e9, kter\u00e9 snadno zkombinujete s jak\u00fdmkoli outfitem.<\/li>\n<\/ul>\n<p><strong>Pozn\u00e1mka:<\/strong> Toto tri\u010dko je perfektn\u00ed volbou pro ka\u017edou Plus Size Miss, kter\u00e1 chce nosit svou korunku s hrdost\u00ed a sebev\u011bdom\u00edm. Oslavte svou kr\u00e1su s t\u00edmto stylov\u00fdm tri\u010dkem!<\/p>\n<\/div>\n","protected":false},"excerpt":{"rendered":"<p>P\u0159edstavujeme tri\u010dko pro v\u0161echny d\u00edvky a \u017eeny, kter\u00e9 jsou hrd\u00e9 na sv\u016fj titul Plus Size Miss! Toto tri\u010dko je navr\u017eeno pro sebev\u011bdom\u00e9 \u017eeny, kter\u00e9 slav\u00ed svou<span class=\"excerpt-hellip\"> [\u2026]<\/span><\/p>\n","protected":false},"featured_media":1571,"comment_status":"open","ping_status":"closed","template":"","meta":[],"product_cat":[119],"product_tag":[],"class_list":{"0":"post-1557","1":"product","2":"type-product","3":"status-publish","4":"has-post-thumbnail","6":"product_cat-plussizemodelky","8":"first","9":"onbackorder","10":"shipping-taxable","11":"purchasable","12":"product-type-variable"},"_links":{"self":[{"href":"http:\/\/www.madnaughty.cz\/index.php?rest_route=\/wp\/v2\/product\/1557"}],"collection":[{"href":"http:\/\/www.madnaughty.cz\/index.php?rest_route=\/wp\/v2\/product"}],"about":[{"href":"http:\/\/www.madnaughty.cz\/index.php?rest_route=\/wp\/v2\/types\/product"}],"replies":[{"embeddable":true,"href":"http:\/\/www.madnaughty.cz\/index.php?rest_route=%2Fwp%2Fv2%2Fcomments&post=1557"}],"wp:featuredmedia":[{"embeddable":true,"href":"http:\/\/www.madnaughty.cz\/index.php?rest_route=\/wp\/v2\/media\/1571"}],"wp:attachment":[{"href":"http:\/\/www.madnaughty.cz\/index.php?rest_route=%2Fwp%2Fv2%2Fmedia&parent=1557"}],"wp:term":[{"taxonomy":"product_cat","embeddable":true,"href":"http:\/\/www.madnaughty.cz\/index.php?rest_route=%2Fwp%2Fv2%2Fproduct_cat&post=1557"},{"taxonomy":"product_tag","embeddable":true,"href":"http:\/\/www.madnaughty.cz\/index.php?rest_route=%2Fwp%2Fv2%2Fproduct_tag&post=1557"}],"curies":[{"name":"wp","href":"https:\/\/api.w.org\/{rel}","templated":true}]}}