{"id":1574,"date":"2024-08-20T08:58:56","date_gmt":"2024-08-20T06:58:56","guid":{"rendered":"https:\/\/www.madnaughty.cz\/?post_type=product&#038;p=1574"},"modified":"2024-08-20T09:09:46","modified_gmt":"2024-08-20T07:09:46","slug":"samolepka-vinylova-plus-size-modelky","status":"publish","type":"product","link":"http:\/\/www.madnaughty.cz\/?product=samolepka-vinylova-plus-size-modelky","title":{"rendered":"Samolepka vinylov\u00e1 \u2013 Plus Size Modelky"},"content":{"rendered":"<p>Stylov\u00e1 a v\u00fdrazn\u00e1 samolepka s logem Plus Size Modelky je ide\u00e1ln\u00edm dopl\u0148kem pro v\u0161echny hrd\u00e9 plus size modelky! Tato r\u016f\u017eov\u00e1 vinylov\u00e1 samolepka upout\u00e1 pozornost a umo\u017en\u00ed v\u00e1m vyj\u00e1d\u0159it svou hrdost p\u0159\u00edmo na va\u0161em aut\u011b.<\/p>\n<p><strong>Specifikace:<\/strong><\/p>\n<ul>\n<li><strong>Velikost:<\/strong> 30 x 9 cm<\/li>\n<li><strong>Barva:<\/strong> R\u016f\u017eov\u00e1<\/li>\n<li><strong>Materi\u00e1l:<\/strong> Vinyl<\/li>\n<\/ul>\n<p><strong>Vlastnosti:<\/strong><\/p>\n<ul>\n<li>Vysoce kvalitn\u00ed samolepka z leskl\u00e9ho vinylu, vhodn\u00e1 pro dekoraci vnit\u0159n\u00edch i venkovn\u00edch hladk\u00fdch povrch\u016f, jako jsou auta, okna nebo n\u00e1bytek.<\/li>\n<li>St\u0159edn\u011bdob\u00e1 f\u00f3lie s trvanlivost\u00ed 2\u20135 let, odoln\u00e1 v\u016f\u010di pov\u011btrnostn\u00edm vliv\u016fm.<\/li>\n<li>Samolepka nem\u00e1 \u017e\u00e1dn\u00e9 pozad\u00ed, co\u017e umo\u017e\u0148uje dokonal\u00e9 splynut\u00ed s jak\u00fdmkoli povrchem. Pro maxim\u00e1ln\u00ed efekt zvolte barvu, kter\u00e1 kontrastuje s povrchem va\u0161eho auta.<\/li>\n<\/ul>\n","protected":false},"excerpt":{"rendered":"<p>Stylov\u00e1 a v\u00fdrazn\u00e1 samolepka s logem Plus Size Modelky je ide\u00e1ln\u00edm dopl\u0148kem pro v\u0161echny hrd\u00e9 plus size modelky! Tato r\u016f\u017eov\u00e1 vinylov\u00e1 samolepka upout\u00e1 pozornost a umo\u017en\u00ed<span class=\"excerpt-hellip\"> [\u2026]<\/span><\/p>\n","protected":false},"featured_media":1583,"comment_status":"open","ping_status":"closed","template":"","meta":[],"product_cat":[119],"product_tag":[],"class_list":{"0":"post-1574","1":"product","2":"type-product","3":"status-publish","4":"has-post-thumbnail","6":"product_cat-plussizemodelky","8":"first","9":"instock","10":"shipping-taxable","11":"purchasable","12":"product-type-simple"},"_links":{"self":[{"href":"http:\/\/www.madnaughty.cz\/index.php?rest_route=\/wp\/v2\/product\/1574"}],"collection":[{"href":"http:\/\/www.madnaughty.cz\/index.php?rest_route=\/wp\/v2\/product"}],"about":[{"href":"http:\/\/www.madnaughty.cz\/index.php?rest_route=\/wp\/v2\/types\/product"}],"replies":[{"embeddable":true,"href":"http:\/\/www.madnaughty.cz\/index.php?rest_route=%2Fwp%2Fv2%2Fcomments&post=1574"}],"wp:featuredmedia":[{"embeddable":true,"href":"http:\/\/www.madnaughty.cz\/index.php?rest_route=\/wp\/v2\/media\/1583"}],"wp:attachment":[{"href":"http:\/\/www.madnaughty.cz\/index.php?rest_route=%2Fwp%2Fv2%2Fmedia&parent=1574"}],"wp:term":[{"taxonomy":"product_cat","embeddable":true,"href":"http:\/\/www.madnaughty.cz\/index.php?rest_route=%2Fwp%2Fv2%2Fproduct_cat&post=1574"},{"taxonomy":"product_tag","embeddable":true,"href":"http:\/\/www.madnaughty.cz\/index.php?rest_route=%2Fwp%2Fv2%2Fproduct_tag&post=1574"}],"curies":[{"name":"wp","href":"https:\/\/api.w.org\/{rel}","templated":true}]}}