{"id":1576,"date":"2024-08-20T09:03:37","date_gmt":"2024-08-20T07:03:37","guid":{"rendered":"https:\/\/www.madnaughty.cz\/?post_type=product&#038;p=1576"},"modified":"2024-08-20T09:09:15","modified_gmt":"2024-08-20T07:09:15","slug":"samolepka-vinylova-miss-plus-size","status":"publish","type":"product","link":"http:\/\/www.madnaughty.cz\/?product=samolepka-vinylova-miss-plus-size","title":{"rendered":"Samolepka vinylov\u00e1 \u2013 Miss Plus Size"},"content":{"rendered":"<p>Elegantn\u00ed samolepka &#8222;Miss Plus Size&#8220; v r\u016f\u017eov\u00e9 barv\u011b je dokonal\u00fdm dopl\u0148kem pro ka\u017edou sebev\u011bdomou \u017eenu, kter\u00e1 chce uk\u00e1zat svou hrdost na sv\u00e9 k\u0159ivky. Tato samolepka je ide\u00e1ln\u00ed pro um\u00edst\u011bn\u00ed na auto, okno, notebook \u010di jin\u00e9 hladk\u00e9 povrchy.<\/p>\n<p><strong>Specifikace:<\/strong><\/p>\n<ul>\n<li><strong>Velikost:<\/strong> 30 x 8 cm<\/li>\n<li><strong>Barva:<\/strong> R\u016f\u017eov\u00fd<\/li>\n<li><strong>Materi\u00e1l:<\/strong> vinyl<\/li>\n<\/ul>\n<p><strong>Vlastnosti:<\/strong><\/p>\n<ul>\n<li>Samolepka je vyrobena z kvalitn\u00edho leskl\u00e9ho vinylu, kter\u00fd je vhodn\u00fd pro vnit\u0159n\u00ed i venkovn\u00ed pou\u017eit\u00ed.<\/li>\n<li>St\u0159edn\u011bdob\u00e1 f\u00f3lie s trvanlivost\u00ed 2\u20135 let, odoln\u00e1 v\u016f\u010di pov\u011btrnostn\u00edm vliv\u016fm a UV z\u00e1\u0159en\u00ed.<\/li>\n<li>Samolepka nem\u00e1 \u017e\u00e1dn\u00e9 pozad\u00ed, co\u017e zaji\u0161\u0165uje \u010dist\u00fd a profesion\u00e1ln\u00ed vzhled na jak\u00e9mkoli povrchu.<\/li>\n<\/ul>\n","protected":false},"excerpt":{"rendered":"<p>Elegantn\u00ed samolepka &#8222;Miss Plus Size&#8220; v r\u016f\u017eov\u00e9 barv\u011b je dokonal\u00fdm dopl\u0148kem pro ka\u017edou sebev\u011bdomou \u017eenu, kter\u00e1 chce uk\u00e1zat svou hrdost na sv\u00e9 k\u0159ivky. Tato samolepka je<span class=\"excerpt-hellip\"> [\u2026]<\/span><\/p>\n","protected":false},"featured_media":1586,"comment_status":"open","ping_status":"closed","template":"","meta":[],"product_cat":[119],"product_tag":[],"class_list":{"0":"post-1576","1":"product","2":"type-product","3":"status-publish","4":"has-post-thumbnail","6":"product_cat-plussizemodelky","8":"first","9":"instock","10":"shipping-taxable","11":"purchasable","12":"product-type-simple"},"_links":{"self":[{"href":"http:\/\/www.madnaughty.cz\/index.php?rest_route=\/wp\/v2\/product\/1576"}],"collection":[{"href":"http:\/\/www.madnaughty.cz\/index.php?rest_route=\/wp\/v2\/product"}],"about":[{"href":"http:\/\/www.madnaughty.cz\/index.php?rest_route=\/wp\/v2\/types\/product"}],"replies":[{"embeddable":true,"href":"http:\/\/www.madnaughty.cz\/index.php?rest_route=%2Fwp%2Fv2%2Fcomments&post=1576"}],"wp:featuredmedia":[{"embeddable":true,"href":"http:\/\/www.madnaughty.cz\/index.php?rest_route=\/wp\/v2\/media\/1586"}],"wp:attachment":[{"href":"http:\/\/www.madnaughty.cz\/index.php?rest_route=%2Fwp%2Fv2%2Fmedia&parent=1576"}],"wp:term":[{"taxonomy":"product_cat","embeddable":true,"href":"http:\/\/www.madnaughty.cz\/index.php?rest_route=%2Fwp%2Fv2%2Fproduct_cat&post=1576"},{"taxonomy":"product_tag","embeddable":true,"href":"http:\/\/www.madnaughty.cz\/index.php?rest_route=%2Fwp%2Fv2%2Fproduct_tag&post=1576"}],"curies":[{"name":"wp","href":"https:\/\/api.w.org\/{rel}","templated":true}]}}