{"id":1579,"date":"2024-08-20T09:04:52","date_gmt":"2024-08-20T07:04:52","guid":{"rendered":"https:\/\/www.madnaughty.cz\/?post_type=product&#038;p=1579"},"modified":"2024-08-20T09:44:10","modified_gmt":"2024-08-20T07:44:10","slug":"samolepka-vinylova-finalistka-miss-plus-size","status":"publish","type":"product","link":"http:\/\/www.madnaughty.cz\/?product=samolepka-vinylova-finalistka-miss-plus-size","title":{"rendered":"Samolepka vinylov\u00e1 \u2013 Finalistka Miss Plus Size"},"content":{"rendered":"<p>Tato stylov\u00e1 r\u016f\u017eov\u00e1 samolepka \u201eFinalistka Miss Plus Size\u201c je ur\u010dena v\u0161em finalistk\u00e1m, kter\u00e9 hrd\u011b nesou sv\u016fj titul. Perfektn\u00ed pro um\u00edst\u011bn\u00ed na auto, okno, notebook nebo jin\u00fd hladk\u00fd povrch, kde chcete uk\u00e1zat sv\u016fj \u00fasp\u011bch.<\/p>\n<p><strong>Specifikace:<\/strong><\/p>\n<ul>\n<li><strong>Velikost:<\/strong> 30 x 13 cm<\/li>\n<li><strong>Barva:<\/strong> R\u016f\u017eov\u00e1<\/li>\n<li><strong>Materi\u00e1l:<\/strong> vinyl<\/li>\n<\/ul>\n<p><strong>Vlastnosti:<\/strong><\/p>\n<ul>\n<li>Samolepka je vyrobena z kvalitn\u00edho leskl\u00e9ho vinylu, kter\u00fd je vhodn\u00fd pro vnit\u0159n\u00ed i venkovn\u00ed pou\u017eit\u00ed.<\/li>\n<li>St\u0159edn\u011bdob\u00e1 f\u00f3lie s trvanlivost\u00ed 2\u20135 let, odoln\u00e1 v\u016f\u010di pov\u011btrnostn\u00edm vliv\u016fm a UV z\u00e1\u0159en\u00ed.<\/li>\n<li>Samolepka nem\u00e1 \u017e\u00e1dn\u00e9 pozad\u00ed, co\u017e zaji\u0161\u0165uje \u010dist\u00fd a profesion\u00e1ln\u00ed vzhled na jak\u00e9mkoli povrchu.<\/li>\n<\/ul>\n","protected":false},"excerpt":{"rendered":"<p>Tato stylov\u00e1 r\u016f\u017eov\u00e1 samolepka \u201eFinalistka Miss Plus Size\u201c je ur\u010dena v\u0161em finalistk\u00e1m, kter\u00e9 hrd\u011b nesou sv\u016fj titul. Perfektn\u00ed pro um\u00edst\u011bn\u00ed na auto, okno, notebook nebo jin\u00fd<span class=\"excerpt-hellip\"> [\u2026]<\/span><\/p>\n","protected":false},"featured_media":1577,"comment_status":"open","ping_status":"closed","template":"","meta":[],"product_cat":[119],"product_tag":[],"class_list":{"0":"post-1579","1":"product","2":"type-product","3":"status-publish","4":"has-post-thumbnail","6":"product_cat-plussizemodelky","8":"first","9":"instock","10":"shipping-taxable","11":"purchasable","12":"product-type-variable"},"_links":{"self":[{"href":"http:\/\/www.madnaughty.cz\/index.php?rest_route=\/wp\/v2\/product\/1579"}],"collection":[{"href":"http:\/\/www.madnaughty.cz\/index.php?rest_route=\/wp\/v2\/product"}],"about":[{"href":"http:\/\/www.madnaughty.cz\/index.php?rest_route=\/wp\/v2\/types\/product"}],"replies":[{"embeddable":true,"href":"http:\/\/www.madnaughty.cz\/index.php?rest_route=%2Fwp%2Fv2%2Fcomments&post=1579"}],"wp:featuredmedia":[{"embeddable":true,"href":"http:\/\/www.madnaughty.cz\/index.php?rest_route=\/wp\/v2\/media\/1577"}],"wp:attachment":[{"href":"http:\/\/www.madnaughty.cz\/index.php?rest_route=%2Fwp%2Fv2%2Fmedia&parent=1579"}],"wp:term":[{"taxonomy":"product_cat","embeddable":true,"href":"http:\/\/www.madnaughty.cz\/index.php?rest_route=%2Fwp%2Fv2%2Fproduct_cat&post=1579"},{"taxonomy":"product_tag","embeddable":true,"href":"http:\/\/www.madnaughty.cz\/index.php?rest_route=%2Fwp%2Fv2%2Fproduct_tag&post=1579"}],"curies":[{"name":"wp","href":"https:\/\/api.w.org\/{rel}","templated":true}]}}