{"id":1588,"date":"2024-08-20T09:19:38","date_gmt":"2024-08-20T07:19:38","guid":{"rendered":"https:\/\/www.madnaughty.cz\/?post_type=product&#038;p=1588"},"modified":"2024-08-20T09:25:48","modified_gmt":"2024-08-20T07:25:48","slug":"klicenka-plus-size-miss","status":"publish","type":"product","link":"http:\/\/www.madnaughty.cz\/?product=klicenka-plus-size-miss","title":{"rendered":"Kl\u00ed\u010denka \u2013 Plus Size Miss"},"content":{"rendered":"<p>Oslavte sv\u00e9 jedine\u010dn\u00e9 postaven\u00ed s touto stylovou kl\u00ed\u010denkou \u201ePlussize Miss \u2665\u201c. Design je jednoduch\u00fd, ale v\u00fdrazn\u00fd, a dokonale podtrhne va\u0161i osobnost. Ide\u00e1ln\u00ed jako d\u00e1rek nebo pro ka\u017edodenn\u00ed no\u0161en\u00ed.<\/p>\n<p><strong>Specifikace:<\/strong><\/p>\n<ul>\n<li><strong>Design:<\/strong> Kulat\u00fd p\u0159\u00edv\u011bsek s n\u00e1pisem pro origin\u00e1ln\u00ed a osobit\u00fd vzhled<\/li>\n<li><strong>Materi\u00e1l:<\/strong> Pr\u016fhledn\u00fd akryl s vinylov\u00fdm polepem pro modern\u00ed a stylov\u00fd efekt<\/li>\n<li><strong>Velikost:<\/strong> 5\u00d75 cm \u2013 ide\u00e1ln\u00ed velikost pro snadn\u00e9 no\u0161en\u00ed na kl\u00ed\u010d\u00edch nebo ta\u0161ce<\/li>\n<li><strong>Funkce:<\/strong> P\u0159id\u00e1v\u00e1 osobn\u00ed n\u00e1dech a hravost va\u0161im kl\u00ed\u010d\u016fm<\/li>\n<\/ul>\n<p>&nbsp;<\/p>\n","protected":false},"excerpt":{"rendered":"<div class=\"woocommerce-product-details__short-description\">\n<p>Kl\u00ed\u010denka s motivem a p\u0159\u00edv\u011bskem \u2665<\/p>\n<\/div>\n","protected":false},"featured_media":1591,"comment_status":"open","ping_status":"closed","template":"","meta":[],"product_cat":[119],"product_tag":[108,112,113,103],"class_list":{"0":"post-1588","1":"product","2":"type-product","3":"status-publish","4":"has-post-thumbnail","6":"product_cat-plussizemodelky","7":"product_tag-hanbate","8":"product_tag-valentyn","9":"product_tag-vtipne","10":"product_tag-z-lasky","12":"first","13":"instock","14":"shipping-taxable","15":"purchasable","16":"product-type-simple"},"_links":{"self":[{"href":"http:\/\/www.madnaughty.cz\/index.php?rest_route=\/wp\/v2\/product\/1588"}],"collection":[{"href":"http:\/\/www.madnaughty.cz\/index.php?rest_route=\/wp\/v2\/product"}],"about":[{"href":"http:\/\/www.madnaughty.cz\/index.php?rest_route=\/wp\/v2\/types\/product"}],"replies":[{"embeddable":true,"href":"http:\/\/www.madnaughty.cz\/index.php?rest_route=%2Fwp%2Fv2%2Fcomments&post=1588"}],"wp:featuredmedia":[{"embeddable":true,"href":"http:\/\/www.madnaughty.cz\/index.php?rest_route=\/wp\/v2\/media\/1591"}],"wp:attachment":[{"href":"http:\/\/www.madnaughty.cz\/index.php?rest_route=%2Fwp%2Fv2%2Fmedia&parent=1588"}],"wp:term":[{"taxonomy":"product_cat","embeddable":true,"href":"http:\/\/www.madnaughty.cz\/index.php?rest_route=%2Fwp%2Fv2%2Fproduct_cat&post=1588"},{"taxonomy":"product_tag","embeddable":true,"href":"http:\/\/www.madnaughty.cz\/index.php?rest_route=%2Fwp%2Fv2%2Fproduct_tag&post=1588"}],"curies":[{"name":"wp","href":"https:\/\/api.w.org\/{rel}","templated":true}]}}