{"id":1589,"date":"2024-08-20T09:19:44","date_gmt":"2024-08-20T07:19:44","guid":{"rendered":"https:\/\/www.madnaughty.cz\/?post_type=product&#038;p=1589"},"modified":"2024-08-20T09:21:44","modified_gmt":"2024-08-20T07:21:44","slug":"zalozka-plus-size-modelky","status":"publish","type":"product","link":"http:\/\/www.madnaughty.cz\/?product=zalozka-plus-size-modelky","title":{"rendered":"Z\u00e1lo\u017eka Plus Size Modelky"},"content":{"rendered":"<p>Tato elegantn\u00ed z\u00e1lo\u017eka \u201ePlussize Modelky \u2665\u201c je ide\u00e1ln\u00ed pro v\u0161echny, kte\u0159\u00ed s hrdost\u00ed podporuj\u00ed plus size modeling. Skv\u011bl\u00fd dopln\u011bk do knihy, kter\u00fd v\u00e1m pom\u016f\u017ee snadno naj\u00edt svou str\u00e1nku a z\u00e1rove\u0148 uk\u00e1zat podporu tomuto kr\u00e1sn\u00e9mu hnut\u00ed.<\/p>\n<p><strong>Specifikace:<\/strong><\/p>\n<ul>\n<li><strong>Velikost:<\/strong> 12 x 3,2 cm \u2013 ide\u00e1ln\u00ed rozm\u011br pro v\u0161echny velikosti knih a pohodln\u00e9 pou\u017e\u00edv\u00e1n\u00ed.<\/li>\n<li><strong>Materi\u00e1l:<\/strong> Kvalitn\u00ed akryl s vinylov\u00fdm polepem<\/li>\n<\/ul>\n<p><strong>Vlastnosti:<\/strong><\/p>\n<ul>\n<li>Odoln\u00fd a pevn\u00fd materi\u00e1l<\/li>\n<li>Design s motivem \u201ePlussize Modelky\u201c<\/li>\n<li>Skv\u011bl\u00fd d\u00e1rek pro ka\u017edou \u010dten\u00e1\u0159ku, kter\u00e1 podporuje plus size modeling<\/li>\n<\/ul>\n<p>&nbsp;<\/p>\n<p><strong>P\u00e9\u010de:<\/strong> Snadn\u00e9 \u010di\u0161t\u011bn\u00ed \u2013 sta\u010d\u00ed ot\u0159\u00edt vlhk\u00fdm had\u0159\u00edkem. Aby se zachoval vzhled polepu, doporu\u010dujeme vyhnout se pou\u017eit\u00ed agresivn\u00edch \u010distic\u00edch prost\u0159edk\u016f.<\/p>\n<p>&nbsp;<\/p>\n<p>&nbsp;<\/p>\n","protected":false},"excerpt":{"rendered":"<p>Tato elegantn\u00ed z\u00e1lo\u017eka \u201ePlussize Modelky \u2665\u201c je ide\u00e1ln\u00ed pro v\u0161echny, kte\u0159\u00ed s hrdost\u00ed podporuj\u00ed plus size modeling. Skv\u011bl\u00fd dopln\u011bk do knihy, kter\u00fd v\u00e1m pom\u016f\u017ee snadno naj\u00edt<span class=\"excerpt-hellip\"> [\u2026]<\/span><\/p>\n","protected":false},"featured_media":1594,"comment_status":"open","ping_status":"closed","template":"","meta":[],"product_cat":[119],"product_tag":[],"class_list":{"0":"post-1589","1":"product","2":"type-product","3":"status-publish","4":"has-post-thumbnail","6":"product_cat-plussizemodelky","8":"first","9":"instock","10":"shipping-taxable","11":"purchasable","12":"product-type-simple"},"_links":{"self":[{"href":"http:\/\/www.madnaughty.cz\/index.php?rest_route=\/wp\/v2\/product\/1589"}],"collection":[{"href":"http:\/\/www.madnaughty.cz\/index.php?rest_route=\/wp\/v2\/product"}],"about":[{"href":"http:\/\/www.madnaughty.cz\/index.php?rest_route=\/wp\/v2\/types\/product"}],"replies":[{"embeddable":true,"href":"http:\/\/www.madnaughty.cz\/index.php?rest_route=%2Fwp%2Fv2%2Fcomments&post=1589"}],"wp:featuredmedia":[{"embeddable":true,"href":"http:\/\/www.madnaughty.cz\/index.php?rest_route=\/wp\/v2\/media\/1594"}],"wp:attachment":[{"href":"http:\/\/www.madnaughty.cz\/index.php?rest_route=%2Fwp%2Fv2%2Fmedia&parent=1589"}],"wp:term":[{"taxonomy":"product_cat","embeddable":true,"href":"http:\/\/www.madnaughty.cz\/index.php?rest_route=%2Fwp%2Fv2%2Fproduct_cat&post=1589"},{"taxonomy":"product_tag","embeddable":true,"href":"http:\/\/www.madnaughty.cz\/index.php?rest_route=%2Fwp%2Fv2%2Fproduct_tag&post=1589"}],"curies":[{"name":"wp","href":"https:\/\/api.w.org\/{rel}","templated":true}]}}