{"id":1596,"date":"2024-08-20T09:21:49","date_gmt":"2024-08-20T07:21:49","guid":{"rendered":"https:\/\/www.madnaughty.cz\/?post_type=product&#038;p=1596"},"modified":"2024-08-20T09:22:38","modified_gmt":"2024-08-20T07:22:38","slug":"zalozka-plus-size-miss","status":"publish","type":"product","link":"http:\/\/www.madnaughty.cz\/?product=zalozka-plus-size-miss","title":{"rendered":"Z\u00e1lo\u017eka Plus Size Miss"},"content":{"rendered":"<p>Podpo\u0159te sv\u00e9 \u010dten\u00e1\u0159sk\u00e9 dobrodru\u017estv\u00ed s touto z\u00e1lo\u017ekou \u201ePlussize Miss \u2665\u201c. Perfektn\u00ed dopln\u011bk pro v\u0161echny finalistky, fanynky a podporovatelky plus size sout\u011b\u017e\u00ed kr\u00e1sy.<\/p>\n<p><strong>Specifikace:<\/strong><\/p>\n<ul>\n<li><strong>Velikost:<\/strong> 12 x 3,2 cm \u2013 ide\u00e1ln\u00ed rozm\u011br pro v\u0161echny velikosti knih a pohodln\u00e9 pou\u017e\u00edv\u00e1n\u00ed.<\/li>\n<li><strong>Materi\u00e1l:<\/strong> Kvalitn\u00ed akryl s vinylov\u00fdm polepem<\/li>\n<\/ul>\n<p><strong>Vlastnosti:<\/strong><\/p>\n<ul>\n<li>Odoln\u00fd a pevn\u00fd materi\u00e1l<\/li>\n<li>Design s motivem \u201ePlussize Miss\u201c<\/li>\n<li>Skv\u011bl\u00fd d\u00e1rek pro ka\u017edou \u010dten\u00e1\u0159ku, kter\u00e1 podporuje plus size modeling<\/li>\n<\/ul>\n<p>&nbsp;<\/p>\n<p><strong>P\u00e9\u010de:<\/strong> Snadn\u00e9 \u010di\u0161t\u011bn\u00ed \u2013 sta\u010d\u00ed ot\u0159\u00edt vlhk\u00fdm had\u0159\u00edkem. Aby se zachoval vzhled polepu, doporu\u010dujeme vyhnout se pou\u017eit\u00ed agresivn\u00edch \u010distic\u00edch prost\u0159edk\u016f.<\/p>\n<p>&nbsp;<\/p>\n<p>&nbsp;<\/p>\n","protected":false},"excerpt":{"rendered":"<p>Podpo\u0159te sv\u00e9 \u010dten\u00e1\u0159sk\u00e9 dobrodru\u017estv\u00ed s touto z\u00e1lo\u017ekou \u201ePlussize Miss \u2665\u201c. Perfektn\u00ed dopln\u011bk pro v\u0161echny finalistky, fanynky a podporovatelky plus size sout\u011b\u017e\u00ed kr\u00e1sy. Specifikace: Velikost: 12 x<span class=\"excerpt-hellip\"> [\u2026]<\/span><\/p>\n","protected":false},"featured_media":1593,"comment_status":"open","ping_status":"closed","template":"","meta":[],"product_cat":[119],"product_tag":[],"class_list":{"0":"post-1596","1":"product","2":"type-product","3":"status-publish","4":"has-post-thumbnail","6":"product_cat-plussizemodelky","8":"first","9":"instock","10":"shipping-taxable","11":"purchasable","12":"product-type-simple"},"_links":{"self":[{"href":"http:\/\/www.madnaughty.cz\/index.php?rest_route=\/wp\/v2\/product\/1596"}],"collection":[{"href":"http:\/\/www.madnaughty.cz\/index.php?rest_route=\/wp\/v2\/product"}],"about":[{"href":"http:\/\/www.madnaughty.cz\/index.php?rest_route=\/wp\/v2\/types\/product"}],"replies":[{"embeddable":true,"href":"http:\/\/www.madnaughty.cz\/index.php?rest_route=%2Fwp%2Fv2%2Fcomments&post=1596"}],"wp:featuredmedia":[{"embeddable":true,"href":"http:\/\/www.madnaughty.cz\/index.php?rest_route=\/wp\/v2\/media\/1593"}],"wp:attachment":[{"href":"http:\/\/www.madnaughty.cz\/index.php?rest_route=%2Fwp%2Fv2%2Fmedia&parent=1596"}],"wp:term":[{"taxonomy":"product_cat","embeddable":true,"href":"http:\/\/www.madnaughty.cz\/index.php?rest_route=%2Fwp%2Fv2%2Fproduct_cat&post=1596"},{"taxonomy":"product_tag","embeddable":true,"href":"http:\/\/www.madnaughty.cz\/index.php?rest_route=%2Fwp%2Fv2%2Fproduct_tag&post=1596"}],"curies":[{"name":"wp","href":"https:\/\/api.w.org\/{rel}","templated":true}]}}