{"id":1643,"date":"2024-08-23T16:56:14","date_gmt":"2024-08-23T14:56:14","guid":{"rendered":"https:\/\/www.madnaughty.cz\/?post_type=product&#038;p=1643"},"modified":"2024-08-23T16:56:56","modified_gmt":"2024-08-23T14:56:56","slug":"sklenice-s-bambusovym-vickem-a-brckem-spooky-all-year-ii","status":"publish","type":"product","link":"http:\/\/www.madnaughty.cz\/?product=sklenice-s-bambusovym-vickem-a-brckem-spooky-all-year-ii","title":{"rendered":"Sklenice s bambusov\u00fdm v\u00ed\u010dkem a br\u010dkem &#8211; Spooky All Year II."},"content":{"rendered":"<p>Dal\u0161\u00ed skleni\u010dka pro ty, kte\u0159\u00ed se nikdy nevzd\u00e1vaj\u00ed stra\u0161ideln\u00e9ho ducha! Tato verze \u201eSpooky All Year\u201c p\u0159in\u00e1\u0161\u00ed je\u0161t\u011b v\u00edce halloweensk\u00e9 atmosf\u00e9ry s jin\u00fdm, ale stejn\u011b stra\u0161ideln\u00fdm designem. Objem 540 ml s bambusov\u00fdm v\u00ed\u010dkem a sklen\u011bn\u00fdm br\u010dkem je p\u0159ipraven na va\u0161e studen\u00e9 n\u00e1poje.<\/p>\n<p>Skleni\u010dka na studen\u00e9 n\u00e1poje BEER CAN s ru\u010dn\u011b lepen\u00fdm motivem.<br \/>\nObjem \u2013 540 ml<br \/>\nBalen\u00ed obsahuje bambusov\u00e9 v\u00ed\u010dko a sklen\u011bn\u00e9 br\u010dko.<\/p>\n<p><strong>Skleni\u010dka nen\u00ed vhodn\u00e1 na hork\u00e9 n\u00e1poje ani do my\u010dky \u010di mikrovlnky.<br \/>\nMyt\u00ed pouze v ruce, neodmo\u010dujte.\u00a0<\/strong><\/p>\n","protected":false},"excerpt":{"rendered":"<p>Skleni\u010dka XL s bambusov\u00fdm v\u00ed\u010dkem a sklen\u011bn\u00fdm br\u010dkem<\/p>\n","protected":false},"featured_media":1608,"comment_status":"open","ping_status":"closed","template":"","meta":[],"product_cat":[73],"product_tag":[102,121],"class_list":{"0":"post-1643","1":"product","2":"type-product","3":"status-publish","4":"has-post-thumbnail","6":"product_cat-sklenicky","7":"product_tag-halloween","8":"product_tag-sweet","10":"first","11":"instock","12":"shipping-taxable","13":"purchasable","14":"product-type-simple"},"_links":{"self":[{"href":"http:\/\/www.madnaughty.cz\/index.php?rest_route=\/wp\/v2\/product\/1643"}],"collection":[{"href":"http:\/\/www.madnaughty.cz\/index.php?rest_route=\/wp\/v2\/product"}],"about":[{"href":"http:\/\/www.madnaughty.cz\/index.php?rest_route=\/wp\/v2\/types\/product"}],"replies":[{"embeddable":true,"href":"http:\/\/www.madnaughty.cz\/index.php?rest_route=%2Fwp%2Fv2%2Fcomments&post=1643"}],"wp:featuredmedia":[{"embeddable":true,"href":"http:\/\/www.madnaughty.cz\/index.php?rest_route=\/wp\/v2\/media\/1608"}],"wp:attachment":[{"href":"http:\/\/www.madnaughty.cz\/index.php?rest_route=%2Fwp%2Fv2%2Fmedia&parent=1643"}],"wp:term":[{"taxonomy":"product_cat","embeddable":true,"href":"http:\/\/www.madnaughty.cz\/index.php?rest_route=%2Fwp%2Fv2%2Fproduct_cat&post=1643"},{"taxonomy":"product_tag","embeddable":true,"href":"http:\/\/www.madnaughty.cz\/index.php?rest_route=%2Fwp%2Fv2%2Fproduct_tag&post=1643"}],"curies":[{"name":"wp","href":"https:\/\/api.w.org\/{rel}","templated":true}]}}