{"id":1653,"date":"2024-08-26T10:08:24","date_gmt":"2024-08-26T08:08:24","guid":{"rendered":"https:\/\/www.madnaughty.cz\/?post_type=product&#038;p=1653"},"modified":"2024-08-26T10:35:20","modified_gmt":"2024-08-26T08:35:20","slug":"tricko-mad-world-unisex-cerne","status":"publish","type":"product","link":"http:\/\/www.madnaughty.cz\/?product=tricko-mad-world-unisex-cerne","title":{"rendered":"Tri\u010dko \u2013 MAD World \u2013 Unisex \u010cern\u00e9"},"content":{"rendered":"<div class=\"woocommerce-product-details__short-description\">\n<p>Chce\u0161 podpo\u0159it sv\u016fj obl\u00edben\u00fd server MAD World, ale nechce se ti pos\u00edlat donate, za kter\u00fd nic nedostane\u0161? Kup si toto stylov\u00e9 tri\u010dko a uka\u017e, \u017ee jsi sou\u010d\u00e1st\u00ed komunity!<\/p>\n<p><strong>Materi\u00e1l:<\/strong> 100% bavlna pro pohodl\u00ed a trvanlivost.<\/p>\n<p><strong>Design:<\/strong> Unisex st\u0159ih dostupn\u00fd ve velikostech od S do 3XL, co\u017e zaji\u0161\u0165uje perfektn\u00ed padnut\u00ed pro ka\u017ed\u00e9ho.<\/p>\n<p><strong>Detaily:<\/strong><\/p>\n<ul>\n<li>Barva: \u010cern\u00e1<\/li>\n<li>Materi\u00e1l: 100% bavlna<\/li>\n<li>Typ: Unisex<\/li>\n<li>Velikosti: S \u2013 3XL<\/li>\n<\/ul>\n<p><strong>P\u00e9\u010de:<\/strong> Pran\u00ed na n\u00edzk\u00e9 teplot\u011b a \u017eehlit naruby pro maxim\u00e1ln\u00ed dlouhov\u011bkost tri\u010dka.<\/p>\n<div class=\"flex max-w-full flex-col flex-grow\">\n<div class=\"min-h-[20px] text-message flex w-full flex-col items-end gap-2 break-words [.text-message+&amp;]:mt-5 overflow-x-auto whitespace-normal\" dir=\"auto\" data-message-author-role=\"assistant\" data-message-id=\"25f2ac63-2779-42e4-9eaa-db9916002846\">\n<div class=\"flex w-full flex-col gap-1 empty:hidden first:pt-[3px]\">\n<div class=\"markdown prose w-full break-words dark:prose-invert dark\">\n<p>Uk\u00e1\u017ete svou v\u00e1\u0161e\u0148 pro DayZ s t\u00edmto jedine\u010dn\u00fdm tri\u010dkem!<\/p>\n<\/div>\n<\/div>\n<\/div>\n<\/div>\n<div class=\"mt-1 flex gap-3 empty:hidden -ml-2\">\n<div class=\"items-center justify-start rounded-xl p-1 flex\">\n<div class=\"flex items-center\">\n<div class=\"flex items-center pb-0\">\n<div class=\"[&amp;_svg]:h-full [&amp;_svg]:w-full icon-md h-4 w-4\"><\/div>\n<\/div>\n<\/div>\n<\/div>\n<\/div>\n<\/div>\n","protected":false},"excerpt":{"rendered":"<p>Chce\u0161 podpo\u0159it sv\u016fj obl\u00edben\u00fd server MAD World, ale nechce se ti pos\u00edlat donate, za kter\u00fd nic nedostane\u0161? Kup si toto stylov\u00e9 tri\u010dko a uka\u017e, \u017ee jsi<span class=\"excerpt-hellip\"> [\u2026]<\/span><\/p>\n","protected":false},"featured_media":1660,"comment_status":"open","ping_status":"closed","template":"","meta":[],"product_cat":[123],"product_tag":[122],"class_list":{"0":"post-1653","1":"product","2":"type-product","3":"status-publish","4":"has-post-thumbnail","6":"product_cat-madworld","7":"product_tag-mad-world","9":"first","10":"onbackorder","11":"shipping-taxable","12":"purchasable","13":"product-type-variable"},"_links":{"self":[{"href":"http:\/\/www.madnaughty.cz\/index.php?rest_route=\/wp\/v2\/product\/1653"}],"collection":[{"href":"http:\/\/www.madnaughty.cz\/index.php?rest_route=\/wp\/v2\/product"}],"about":[{"href":"http:\/\/www.madnaughty.cz\/index.php?rest_route=\/wp\/v2\/types\/product"}],"replies":[{"embeddable":true,"href":"http:\/\/www.madnaughty.cz\/index.php?rest_route=%2Fwp%2Fv2%2Fcomments&post=1653"}],"wp:featuredmedia":[{"embeddable":true,"href":"http:\/\/www.madnaughty.cz\/index.php?rest_route=\/wp\/v2\/media\/1660"}],"wp:attachment":[{"href":"http:\/\/www.madnaughty.cz\/index.php?rest_route=%2Fwp%2Fv2%2Fmedia&parent=1653"}],"wp:term":[{"taxonomy":"product_cat","embeddable":true,"href":"http:\/\/www.madnaughty.cz\/index.php?rest_route=%2Fwp%2Fv2%2Fproduct_cat&post=1653"},{"taxonomy":"product_tag","embeddable":true,"href":"http:\/\/www.madnaughty.cz\/index.php?rest_route=%2Fwp%2Fv2%2Fproduct_tag&post=1653"}],"curies":[{"name":"wp","href":"https:\/\/api.w.org\/{rel}","templated":true}]}}