{"id":1662,"date":"2024-08-26T10:16:18","date_gmt":"2024-08-26T08:16:18","guid":{"rendered":"https:\/\/www.madnaughty.cz\/?post_type=product&#038;p=1662"},"modified":"2024-08-26T10:32:20","modified_gmt":"2024-08-26T08:32:20","slug":"samolepka-vinylova-mad-world","status":"publish","type":"product","link":"http:\/\/www.madnaughty.cz\/?product=samolepka-vinylova-mad-world","title":{"rendered":"Samolepka vinylov\u00e1 \u2013 MAD World"},"content":{"rendered":"<p>Chce\u0161 podpo\u0159it sv\u016fj obl\u00edben\u00fd server MAD World, ale nechce se ti pos\u00edlat donate, za kter\u00fd nic nedostane\u0161? Po\u0159i\u010f si tento origin\u00e1ln\u00ed merch! Holografick\u00e1 vinylov\u00e1 samolepka MAD World ti umo\u017en\u00ed vyj\u00e1d\u0159it svou podporu stylov\u011b a z\u00e1rove\u0148 p\u0159idat sv\u00e9mu autu, notebooku nebo jin\u00e9mu povrchu jedine\u010dn\u00fd vzhled.<\/p>\n<ul>\n<li><strong>Velikosti:<\/strong>\n<ul>\n<li>15&#215;29 cm (ide\u00e1ln\u00ed na zadn\u00ed sklo auta)<\/li>\n<li>9&#215;16 cm<\/li>\n<li>5&#215;8 cm<\/li>\n<\/ul>\n<\/li>\n<\/ul>\n<p>Samolepka je vyrobena z odoln\u00e9ho vinylu s holografick\u00fdm efektem, kter\u00fd m\u011bn\u00ed barvy podle \u00fahlu pohledu. Bu\u010f hrd\u00fdm podporovatelem DayZ serveru MAD World a uka\u017e to sv\u011btu!<\/p>\n","protected":false},"excerpt":{"rendered":"<p>Chce\u0161 podpo\u0159it sv\u016fj obl\u00edben\u00fd server MAD World, ale nechce se ti pos\u00edlat donate, za kter\u00fd nic nedostane\u0161? Po\u0159i\u010f si tento origin\u00e1ln\u00ed merch! Holografick\u00e1 vinylov\u00e1 samolepka MAD<span class=\"excerpt-hellip\"> [\u2026]<\/span><\/p>\n","protected":false},"featured_media":1667,"comment_status":"open","ping_status":"closed","template":"","meta":[],"product_cat":[123],"product_tag":[122],"class_list":{"0":"post-1662","1":"product","2":"type-product","3":"status-publish","4":"has-post-thumbnail","6":"product_cat-madworld","7":"product_tag-mad-world","9":"first","10":"instock","11":"shipping-taxable","12":"purchasable","13":"product-type-variable"},"_links":{"self":[{"href":"http:\/\/www.madnaughty.cz\/index.php?rest_route=\/wp\/v2\/product\/1662"}],"collection":[{"href":"http:\/\/www.madnaughty.cz\/index.php?rest_route=\/wp\/v2\/product"}],"about":[{"href":"http:\/\/www.madnaughty.cz\/index.php?rest_route=\/wp\/v2\/types\/product"}],"replies":[{"embeddable":true,"href":"http:\/\/www.madnaughty.cz\/index.php?rest_route=%2Fwp%2Fv2%2Fcomments&post=1662"}],"wp:featuredmedia":[{"embeddable":true,"href":"http:\/\/www.madnaughty.cz\/index.php?rest_route=\/wp\/v2\/media\/1667"}],"wp:attachment":[{"href":"http:\/\/www.madnaughty.cz\/index.php?rest_route=%2Fwp%2Fv2%2Fmedia&parent=1662"}],"wp:term":[{"taxonomy":"product_cat","embeddable":true,"href":"http:\/\/www.madnaughty.cz\/index.php?rest_route=%2Fwp%2Fv2%2Fproduct_cat&post=1662"},{"taxonomy":"product_tag","embeddable":true,"href":"http:\/\/www.madnaughty.cz\/index.php?rest_route=%2Fwp%2Fv2%2Fproduct_tag&post=1662"}],"curies":[{"name":"wp","href":"https:\/\/api.w.org\/{rel}","templated":true}]}}