{"id":1670,"date":"2024-08-26T10:36:42","date_gmt":"2024-08-26T08:36:42","guid":{"rendered":"https:\/\/www.madnaughty.cz\/?post_type=product&#038;p=1670"},"modified":"2024-09-19T09:35:43","modified_gmt":"2024-09-19T07:35:43","slug":"tricko-mad-world-hlasky-unisex-cerne","status":"publish","type":"product","link":"http:\/\/www.madnaughty.cz\/?product=tricko-mad-world-hlasky-unisex-cerne","title":{"rendered":"Tri\u010dko \u2013 MAD World Hl\u00e1\u0161ky &#8211; Unisex \u010cern\u00e9"},"content":{"rendered":"<div class=\"woocommerce-product-details__short-description\">\n<p>Pro v\u0161echny fanou\u0161ky DayZ serveru MAD World jsme p\u0159ipravili speci\u00e1ln\u00ed kolekci tri\u010dek, kter\u00e1 zachycuje nezapomenuteln\u00e9 hl\u00e1\u0161ky hr\u00e1\u010d\u016f, kte\u0159\u00ed zanechali svou stopu na serveru. Na ka\u017ed\u00e9m tri\u010dku najdete vp\u0159edu logo MAD World a vzadu jednu z ikonick\u00fdch hl\u00e1\u0161ek, kter\u00e9 definuj\u00ed komunitu a hern\u00ed z\u00e1\u017eitky.<\/p>\n<ul>\n<li><strong>Materi\u00e1l:<\/strong> 100% bavlna, pohodln\u00e9 a prody\u0161n\u00e9<\/li>\n<li><strong>Barva:<\/strong> \u010cern\u00e1, unisex st\u0159ih<\/li>\n<li><strong>Design:<\/strong> Vep\u0159edu logo DayZ serveru MAD World, vzadu ikonick\u00e1 hl\u00e1\u0161ka od jednoho z hr\u00e1\u010d\u016f<\/li>\n<\/ul>\n<p>Tato kolekce tri\u010dek je ide\u00e1ln\u00edm zp\u016fsobem, jak uk\u00e1zat svou podporu serveru a z\u00e1rove\u0148 se ztoto\u017enit s komunitou, kter\u00e1 server tvo\u0159\u00ed. Po\u0159i\u010f si sv\u00e9 obl\u00edben\u00e9 tri\u010dko s hl\u00e1\u0161kou a nos ho s hrdost\u00ed!<\/p>\n<\/div>\n","protected":false},"excerpt":{"rendered":"<p>Pro v\u0161echny fanou\u0161ky DayZ serveru MAD World jsme p\u0159ipravili speci\u00e1ln\u00ed kolekci tri\u010dek, kter\u00e1 zachycuje nezapomenuteln\u00e9 hl\u00e1\u0161ky hr\u00e1\u010d\u016f, kte\u0159\u00ed zanechali svou stopu na serveru. Na ka\u017ed\u00e9m tri\u010dku<span class=\"excerpt-hellip\"> [\u2026]<\/span><\/p>\n","protected":false},"featured_media":1719,"comment_status":"open","ping_status":"closed","template":"","meta":[],"product_cat":[123],"product_tag":[122],"class_list":{"0":"post-1670","1":"product","2":"type-product","3":"status-publish","4":"has-post-thumbnail","6":"product_cat-madworld","7":"product_tag-mad-world","9":"first","10":"instock","11":"shipping-taxable","12":"purchasable","13":"product-type-variable"},"_links":{"self":[{"href":"http:\/\/www.madnaughty.cz\/index.php?rest_route=\/wp\/v2\/product\/1670"}],"collection":[{"href":"http:\/\/www.madnaughty.cz\/index.php?rest_route=\/wp\/v2\/product"}],"about":[{"href":"http:\/\/www.madnaughty.cz\/index.php?rest_route=\/wp\/v2\/types\/product"}],"replies":[{"embeddable":true,"href":"http:\/\/www.madnaughty.cz\/index.php?rest_route=%2Fwp%2Fv2%2Fcomments&post=1670"}],"wp:featuredmedia":[{"embeddable":true,"href":"http:\/\/www.madnaughty.cz\/index.php?rest_route=\/wp\/v2\/media\/1719"}],"wp:attachment":[{"href":"http:\/\/www.madnaughty.cz\/index.php?rest_route=%2Fwp%2Fv2%2Fmedia&parent=1670"}],"wp:term":[{"taxonomy":"product_cat","embeddable":true,"href":"http:\/\/www.madnaughty.cz\/index.php?rest_route=%2Fwp%2Fv2%2Fproduct_cat&post=1670"},{"taxonomy":"product_tag","embeddable":true,"href":"http:\/\/www.madnaughty.cz\/index.php?rest_route=%2Fwp%2Fv2%2Fproduct_tag&post=1670"}],"curies":[{"name":"wp","href":"https:\/\/api.w.org\/{rel}","templated":true}]}}