{"id":1734,"date":"2024-09-04T15:57:03","date_gmt":"2024-09-04T13:57:03","guid":{"rendered":"https:\/\/www.madnaughty.cz\/?post_type=product&#038;p=1734"},"modified":"2024-09-04T15:57:04","modified_gmt":"2024-09-04T13:57:04","slug":"mystery-samolepky-halloween-cards-vinyl","status":"publish","type":"product","link":"http:\/\/www.madnaughty.cz\/?product=mystery-samolepky-halloween-cards-vinyl","title":{"rendered":"Mystery samolepky &#8211; Halloween cards &#8211; vinyl"},"content":{"rendered":"<p>O\u017eivte sv\u016fj prostor s t\u011bmito jedine\u010dn\u00fdmi Halloween vinylov\u00fdmi samolepkami! Na\u0161e stylov\u00e9 samolepky s rozm\u011bry 8&#215;5,5 cm jsou perfektn\u00ed pro vnit\u0159n\u00ed pou\u017eit\u00ed a dodaj\u00ed va\u0161emu domovu \u010di pracovi\u0161ti tajemnou a z\u00e1bavnou atmosf\u00e9ru. Ka\u017ed\u00e9 balen\u00ed obsahuje 5 n\u00e1hodn\u011b vybran\u00fdch samolepek z kolekce, kter\u00e1 zahrnuje roztomil\u00e9, ale stra\u0161ideln\u00e9 postavi\u010dky v hororov\u00e9m stylu, ide\u00e1ln\u00ed pro milovn\u00edky Halloweenu.<\/p>\n<p>Samolepky jsou vyrobeny z kvalitn\u00edho vinylu, kter\u00fd zaru\u010duje dlouhou \u017eivotnost a odolnost. Jsou snadno aplikovateln\u00e9 a lze je um\u00edstit na r\u016fzn\u00e9 hladk\u00e9 povrchy jako jsou zdi, okna, notebooky nebo se\u0161ity. P\u0159ipravte se na Halloween stylov\u011b s na\u0161imi vinylov\u00fdmi samolepkami!<\/p>\n<p><strong>Vlastnosti:<\/strong><\/p>\n<ul>\n<li>Materi\u00e1l: Vinyl<\/li>\n<li>Velikost: 8&#215;5,5 cm<\/li>\n<li>Balen\u00ed: 5 n\u00e1hodn\u011b vybran\u00fdch samolepek<\/li>\n<li>Pou\u017eit\u00ed: Vnit\u0159n\u00ed<\/li>\n<li>T\u00e9ma: Halloween<\/li>\n<\/ul>\n<p>Nechte sv\u00e9 prostory zaz\u00e1\u0159it ve stra\u0161ideln\u00e9m stylu s na\u0161imi Halloween vinylov\u00fdmi samolepkami!<\/p>\n","protected":false},"excerpt":{"rendered":"<p>O\u017eivte sv\u016fj prostor s t\u011bmito jedine\u010dn\u00fdmi vinylov\u00fdmi samolepkami!<\/p>\n","protected":false},"featured_media":1739,"comment_status":"open","ping_status":"closed","template":"","meta":[],"product_cat":[79],"product_tag":[102],"class_list":{"0":"post-1734","1":"product","2":"type-product","3":"status-publish","4":"has-post-thumbnail","6":"product_cat-samolepky-papirove","7":"product_tag-halloween","9":"first","10":"instock","11":"shipping-taxable","12":"purchasable","13":"product-type-simple"},"_links":{"self":[{"href":"http:\/\/www.madnaughty.cz\/index.php?rest_route=\/wp\/v2\/product\/1734"}],"collection":[{"href":"http:\/\/www.madnaughty.cz\/index.php?rest_route=\/wp\/v2\/product"}],"about":[{"href":"http:\/\/www.madnaughty.cz\/index.php?rest_route=\/wp\/v2\/types\/product"}],"replies":[{"embeddable":true,"href":"http:\/\/www.madnaughty.cz\/index.php?rest_route=%2Fwp%2Fv2%2Fcomments&post=1734"}],"wp:featuredmedia":[{"embeddable":true,"href":"http:\/\/www.madnaughty.cz\/index.php?rest_route=\/wp\/v2\/media\/1739"}],"wp:attachment":[{"href":"http:\/\/www.madnaughty.cz\/index.php?rest_route=%2Fwp%2Fv2%2Fmedia&parent=1734"}],"wp:term":[{"taxonomy":"product_cat","embeddable":true,"href":"http:\/\/www.madnaughty.cz\/index.php?rest_route=%2Fwp%2Fv2%2Fproduct_cat&post=1734"},{"taxonomy":"product_tag","embeddable":true,"href":"http:\/\/www.madnaughty.cz\/index.php?rest_route=%2Fwp%2Fv2%2Fproduct_tag&post=1734"}],"curies":[{"name":"wp","href":"https:\/\/api.w.org\/{rel}","templated":true}]}}