{"id":1746,"date":"2024-09-09T09:31:46","date_gmt":"2024-09-09T07:31:46","guid":{"rendered":"https:\/\/www.madnaughty.cz\/?post_type=product&#038;p=1746"},"modified":"2024-09-09T09:50:32","modified_gmt":"2024-09-09T07:50:32","slug":"vicko-na-brcko","status":"publish","type":"product","link":"http:\/\/www.madnaughty.cz\/?product=vicko-na-brcko","title":{"rendered":"V\u00ed\u010dko na br\u010dko"},"content":{"rendered":"<p>Vy\u0159e\u0161te probl\u00e9m s nezvan\u00fdmi hosty ve va\u0161em pit\u00ed! Na\u0161e silikonov\u00e9 v\u00ed\u010dka na br\u010dka v\u00e1m zajist\u00ed, \u017ee u\u017e nikdy nevypijete \u017e\u00e1dnou vosu nebo jin\u00fd hmyz. V\u00ed\u010dka jsou dostupn\u00e1 v \u0161esti r\u016fzn\u00fdch barv\u00e1ch, tak\u017ee si m\u016f\u017eete vybrat tu, kter\u00e1 se v\u00e1m nejv\u00edce l\u00edb\u00ed, nebo kombinovat barvy podle n\u00e1lady. D\u00edky flexibiln\u00edmu silikonu se snadno nasazuj\u00ed a dr\u017e\u00ed na br\u010dku, tak\u017ee v\u00e1\u0161 n\u00e1poj bude v\u017edy v bezpe\u010d\u00ed.<\/p>\n<p><em>Skv\u011bl\u00fd dopln\u011bk pro va\u0161e obl\u00edben\u00e9 skleni\u010dky na studen\u00e9 n\u00e1poje!<\/em><\/p>\n","protected":false},"excerpt":{"rendered":"<p>Vy\u0159e\u0161te probl\u00e9m s nezvan\u00fdmi hosty ve va\u0161em pit\u00ed!<\/p>\n","protected":false},"featured_media":1753,"comment_status":"open","ping_status":"closed","template":"","meta":[],"product_cat":[84],"product_tag":[],"class_list":{"0":"post-1746","1":"product","2":"type-product","3":"status-publish","4":"has-post-thumbnail","6":"product_cat-doplnky","8":"first","9":"instock","10":"shipping-taxable","11":"purchasable","12":"product-type-variable","13":"has-default-attributes"},"_links":{"self":[{"href":"http:\/\/www.madnaughty.cz\/index.php?rest_route=\/wp\/v2\/product\/1746"}],"collection":[{"href":"http:\/\/www.madnaughty.cz\/index.php?rest_route=\/wp\/v2\/product"}],"about":[{"href":"http:\/\/www.madnaughty.cz\/index.php?rest_route=\/wp\/v2\/types\/product"}],"replies":[{"embeddable":true,"href":"http:\/\/www.madnaughty.cz\/index.php?rest_route=%2Fwp%2Fv2%2Fcomments&post=1746"}],"wp:featuredmedia":[{"embeddable":true,"href":"http:\/\/www.madnaughty.cz\/index.php?rest_route=\/wp\/v2\/media\/1753"}],"wp:attachment":[{"href":"http:\/\/www.madnaughty.cz\/index.php?rest_route=%2Fwp%2Fv2%2Fmedia&parent=1746"}],"wp:term":[{"taxonomy":"product_cat","embeddable":true,"href":"http:\/\/www.madnaughty.cz\/index.php?rest_route=%2Fwp%2Fv2%2Fproduct_cat&post=1746"},{"taxonomy":"product_tag","embeddable":true,"href":"http:\/\/www.madnaughty.cz\/index.php?rest_route=%2Fwp%2Fv2%2Fproduct_tag&post=1746"}],"curies":[{"name":"wp","href":"https:\/\/api.w.org\/{rel}","templated":true}]}}