{"id":1781,"date":"2024-09-17T14:56:52","date_gmt":"2024-09-17T12:56:52","guid":{"rendered":"https:\/\/www.madnaughty.cz\/?post_type=product&#038;p=1781"},"modified":"2024-10-01T07:06:38","modified_gmt":"2024-10-01T05:06:38","slug":"lapac-slunce-double-double-toil-trouble","status":"publish","type":"product","link":"http:\/\/www.madnaughty.cz\/?product=lapac-slunce-double-double-toil-trouble","title":{"rendered":"Lapa\u010d slunce \u2013 Double Double Toil &#038; Trouble"},"content":{"rendered":"<p>Tento lapa\u010d slunce s ikonick\u00fdm n\u00e1pisem &#8222;Double Double Toil &amp; Trouble, Fire Burn &amp; Cauldron Bubble&#8220; p\u0159in\u00e1\u0161\u00ed do va\u0161eho domova kouzelnou atmosf\u00e9ru. S jemn\u00fdmi halloweensk\u00fdmi detaily a holografick\u00fdm povrchem vytv\u00e1\u0159\u00ed tento lapa\u010d n\u00e1dhern\u00e9 duhov\u00e9 efekty, kdy\u017e zachyt\u00ed slune\u010dn\u00ed paprsky.<\/p>\n<ul>\n<li><strong>Design:<\/strong> \u010carod\u011bjnick\u00fd motiv s kotl\u00edkem a n\u00e1pisem &#8222;Double Double Toil &amp; Trouble&#8220;<\/li>\n<li><strong>Velikost:<\/strong> cca 12 cm<\/li>\n<li><strong>Materi\u00e1l:<\/strong> Kvalitn\u00ed holografick\u00fd vinyl pro dlouhodob\u00fd efekt<\/li>\n<li><strong>Funkce:<\/strong> Rozptyluje slune\u010dn\u00ed paprsky do duhov\u00fdch efekt\u016f, kter\u00e9 obohat\u00ed ka\u017edou m\u00edstnost o tajemnou atmosf\u00e9ru<\/li>\n<\/ul>\n<p><strong>Aplikace:<\/strong><\/p>\n<ol>\n<li>Umyjte a osu\u0161te okno, na kter\u00e9 chcete lapa\u010d p\u0159ipevnit.<\/li>\n<li>Opatrn\u011b sejm\u011bte lapa\u010d z ochrann\u00e9 f\u00f3lie.<\/li>\n<li>Um\u00edst\u011bte na slunn\u00e9 m\u00edsto a p\u0159itla\u010dte k oknu, aby dob\u0159e dr\u017eel. Pro lep\u0161\u00ed p\u0159ilnavost m\u016f\u017eete sklo lehce navlh\u010dit.<\/li>\n<li>Lapa\u010d m\u016f\u017eete opakovan\u011b p\u0159emis\u0165ovat, ani\u017e by zanechal stopy.<\/li>\n<\/ol>\n<p>P\u0159ineste do sv\u00e9ho domova \u0161petku \u010darod\u011bjnick\u00e9ho kouzla a prom\u011b\u0148te sv\u00e9 okno v magick\u00e9 d\u00edlo pln\u00e9 z\u00e1\u0159e a tajemstv\u00ed!<\/p>\n<p>&nbsp;<\/p>\n","protected":false},"excerpt":{"rendered":"<div class=\"woocommerce-product-details__short-description\">\n<p>Vytvo\u0159te si ve sv\u00e9m domov\u011b kr\u00e1snou duhu. Lapa\u010d slunce pro to bude ide\u00e1ln\u00ed volba.<\/p>\n<\/div>\n","protected":false},"featured_media":1779,"comment_status":"open","ping_status":"closed","template":"","meta":[],"product_cat":[74],"product_tag":[102],"class_list":{"0":"post-1781","1":"product","2":"type-product","3":"status-publish","4":"has-post-thumbnail","6":"product_cat-suncatchers","7":"product_tag-halloween","9":"first","10":"instock","11":"shipping-taxable","12":"purchasable","13":"product-type-simple"},"_links":{"self":[{"href":"http:\/\/www.madnaughty.cz\/index.php?rest_route=\/wp\/v2\/product\/1781"}],"collection":[{"href":"http:\/\/www.madnaughty.cz\/index.php?rest_route=\/wp\/v2\/product"}],"about":[{"href":"http:\/\/www.madnaughty.cz\/index.php?rest_route=\/wp\/v2\/types\/product"}],"replies":[{"embeddable":true,"href":"http:\/\/www.madnaughty.cz\/index.php?rest_route=%2Fwp%2Fv2%2Fcomments&post=1781"}],"wp:featuredmedia":[{"embeddable":true,"href":"http:\/\/www.madnaughty.cz\/index.php?rest_route=\/wp\/v2\/media\/1779"}],"wp:attachment":[{"href":"http:\/\/www.madnaughty.cz\/index.php?rest_route=%2Fwp%2Fv2%2Fmedia&parent=1781"}],"wp:term":[{"taxonomy":"product_cat","embeddable":true,"href":"http:\/\/www.madnaughty.cz\/index.php?rest_route=%2Fwp%2Fv2%2Fproduct_cat&post=1781"},{"taxonomy":"product_tag","embeddable":true,"href":"http:\/\/www.madnaughty.cz\/index.php?rest_route=%2Fwp%2Fv2%2Fproduct_tag&post=1781"}],"curies":[{"name":"wp","href":"https:\/\/api.w.org\/{rel}","templated":true}]}}