{"id":1803,"date":"2024-09-20T17:20:03","date_gmt":"2024-09-20T15:20:03","guid":{"rendered":"https:\/\/www.madnaughty.cz\/?post_type=product&#038;p=1803"},"modified":"2024-09-29T04:32:45","modified_gmt":"2024-09-29T02:32:45","slug":"originalni-oboustranne-zalozky-kinky-%e2%99%a5-zalaminovane-se-strapeckem","status":"publish","type":"product","link":"http:\/\/www.madnaughty.cz\/?product=originalni-oboustranne-zalozky-kinky-%e2%99%a5-zalaminovane-se-strapeckem","title":{"rendered":"Origin\u00e1ln\u00ed oboustrann\u00e9 z\u00e1lo\u017eky &#8211; Kinky \u2665 zalaminovan\u00e9 se st\u0159ape\u010dkem"},"content":{"rendered":"<p>Tyto stylov\u00e9 z\u00e1lo\u017eky jsou ide\u00e1ln\u00ed pro ka\u017ed\u00e9ho knihomola, kter\u00fd hled\u00e1 nejen funk\u010dnost, ale i eleganci. Z\u00e1lo\u017eky maj\u00ed rozm\u011br 14 x 4 cm a jsou vyti\u0161t\u011bn\u00e9 na fotopap\u00ed\u0159e o gram\u00e1\u017ei 225 g\/m\u00b2. Pro del\u0161\u00ed \u017eivotnost jsou nav\u00edc zalaminovan\u00e9, co\u017e je chr\u00e1n\u00ed p\u0159ed opot\u0159eben\u00edm. Ka\u017ed\u00e1 z\u00e1lo\u017eka je dopln\u011bna o barevn\u011b slad\u011bn\u00fd st\u0159ape\u010dek, kter\u00fd z\u00e1lo\u017ece dod\u00e1v\u00e1 ten prav\u00fd \u0161mrnc.<\/p>\n<p>Na v\u00fdb\u011br jsou dva unik\u00e1tn\u00ed designy, a i zde vyb\u00edr\u00e1me barvy n\u00e1hodn\u011b \u2013 pokud m\u00e1te ale obl\u00edbenou, p\u0159ipi\u0161te ji do objedn\u00e1vky a my v\u00e1m ji po\u0161leme, pokud bude skladem.<\/p>\n<p>Skv\u011bl\u00fd dopln\u011bk pro va\u0161e obl\u00edben\u00e9 knihy, kter\u00fd v\u00e1s bude bavit p\u0159i ka\u017ed\u00e9m oto\u010den\u00ed str\u00e1nky!<\/p>\n","protected":false},"excerpt":{"rendered":"<p><strong>Origin\u00e1ln\u00ed oboustrann\u00e9 z\u00e1lo\u017eky pro ka\u017ed\u00e9ho knihomola!<\/strong><\/p>\n<p>&nbsp;<\/p>\n","protected":false},"featured_media":1798,"comment_status":"open","ping_status":"closed","template":"","meta":[],"product_cat":[81],"product_tag":[],"class_list":{"0":"post-1803","1":"product","2":"type-product","3":"status-publish","4":"has-post-thumbnail","6":"product_cat-zalozky","8":"first","9":"instock","10":"shipping-taxable","11":"purchasable","12":"product-type-simple"},"_links":{"self":[{"href":"http:\/\/www.madnaughty.cz\/index.php?rest_route=\/wp\/v2\/product\/1803"}],"collection":[{"href":"http:\/\/www.madnaughty.cz\/index.php?rest_route=\/wp\/v2\/product"}],"about":[{"href":"http:\/\/www.madnaughty.cz\/index.php?rest_route=\/wp\/v2\/types\/product"}],"replies":[{"embeddable":true,"href":"http:\/\/www.madnaughty.cz\/index.php?rest_route=%2Fwp%2Fv2%2Fcomments&post=1803"}],"wp:featuredmedia":[{"embeddable":true,"href":"http:\/\/www.madnaughty.cz\/index.php?rest_route=\/wp\/v2\/media\/1798"}],"wp:attachment":[{"href":"http:\/\/www.madnaughty.cz\/index.php?rest_route=%2Fwp%2Fv2%2Fmedia&parent=1803"}],"wp:term":[{"taxonomy":"product_cat","embeddable":true,"href":"http:\/\/www.madnaughty.cz\/index.php?rest_route=%2Fwp%2Fv2%2Fproduct_cat&post=1803"},{"taxonomy":"product_tag","embeddable":true,"href":"http:\/\/www.madnaughty.cz\/index.php?rest_route=%2Fwp%2Fv2%2Fproduct_tag&post=1803"}],"curies":[{"name":"wp","href":"https:\/\/api.w.org\/{rel}","templated":true}]}}