{"id":1825,"date":"2024-09-24T21:19:20","date_gmt":"2024-09-24T19:19:20","guid":{"rendered":"https:\/\/www.madnaughty.cz\/?post_type=product&#038;p=1825"},"modified":"2024-10-20T10:00:27","modified_gmt":"2024-10-20T08:00:27","slug":"originalni-oboustranne-zalozky-kinky-%e2%99%a5-ii","status":"publish","type":"product","link":"http:\/\/www.madnaughty.cz\/?product=originalni-oboustranne-zalozky-kinky-%e2%99%a5-ii","title":{"rendered":"Origin\u00e1ln\u00ed oboustrann\u00e9 z\u00e1lo\u017eky &#8211; Kinky \u2665 II."},"content":{"rendered":"<p>Tyto stylov\u00e9 z\u00e1lo\u017eky maj\u00ed rozm\u011br 14 x 4 cm a jsou vyti\u0161t\u011bn\u00e9 na kvalitn\u00edm fotopap\u00ed\u0159e o gram\u00e1\u017ei 225 g\/m\u00b2. Na v\u00fdb\u011br jsou dva unik\u00e1tn\u00ed designy, ka\u017ed\u00fd z nich pln\u00fd v\u00fdrazn\u00fdch barev, kter\u00e9 v\u00e1m dodaj\u00ed chu\u0165 se znovu za\u010d\u00edst do knihy. Barvy z\u00e1lo\u017eek vyb\u00edr\u00e1me n\u00e1hodn\u011b, ale pokud m\u00e1te svou obl\u00edbenou, p\u0159ipi\u0161te ji k objedn\u00e1vce a pokus\u00edme se v\u00e1m ji poslat (pokud bude skladem).<\/p>\n<p>Skv\u011bl\u00fd dopln\u011bk pro va\u0161e obl\u00edben\u00e9 knihy, kter\u00fd v\u00e1s bude bavit p\u0159i ka\u017ed\u00e9m oto\u010den\u00ed str\u00e1nky!<\/p>\n","protected":false},"excerpt":{"rendered":"<p><strong>Origin\u00e1ln\u00ed oboustrann\u00e9 z\u00e1lo\u017eky pro ka\u017ed\u00e9ho knihomola!<\/strong><\/p>\n<p>&nbsp;<\/p>\n","protected":false},"featured_media":1832,"comment_status":"open","ping_status":"closed","template":"","meta":[],"product_cat":[81],"product_tag":[],"class_list":{"0":"post-1825","1":"product","2":"type-product","3":"status-publish","4":"has-post-thumbnail","6":"product_cat-zalozky","8":"first","9":"instock","10":"shipping-taxable","11":"purchasable","12":"product-type-variable"},"_links":{"self":[{"href":"http:\/\/www.madnaughty.cz\/index.php?rest_route=\/wp\/v2\/product\/1825"}],"collection":[{"href":"http:\/\/www.madnaughty.cz\/index.php?rest_route=\/wp\/v2\/product"}],"about":[{"href":"http:\/\/www.madnaughty.cz\/index.php?rest_route=\/wp\/v2\/types\/product"}],"replies":[{"embeddable":true,"href":"http:\/\/www.madnaughty.cz\/index.php?rest_route=%2Fwp%2Fv2%2Fcomments&post=1825"}],"wp:featuredmedia":[{"embeddable":true,"href":"http:\/\/www.madnaughty.cz\/index.php?rest_route=\/wp\/v2\/media\/1832"}],"wp:attachment":[{"href":"http:\/\/www.madnaughty.cz\/index.php?rest_route=%2Fwp%2Fv2%2Fmedia&parent=1825"}],"wp:term":[{"taxonomy":"product_cat","embeddable":true,"href":"http:\/\/www.madnaughty.cz\/index.php?rest_route=%2Fwp%2Fv2%2Fproduct_cat&post=1825"},{"taxonomy":"product_tag","embeddable":true,"href":"http:\/\/www.madnaughty.cz\/index.php?rest_route=%2Fwp%2Fv2%2Fproduct_tag&post=1825"}],"curies":[{"name":"wp","href":"https:\/\/api.w.org\/{rel}","templated":true}]}}