{"id":1838,"date":"2024-10-01T16:06:17","date_gmt":"2024-10-01T14:06:17","guid":{"rendered":"https:\/\/www.madnaughty.cz\/?post_type=product&#038;p=1838"},"modified":"2024-11-01T10:05:42","modified_gmt":"2024-11-01T09:05:42","slug":"samolepky-frozen-candy","status":"publish","type":"product","link":"http:\/\/www.madnaughty.cz\/?product=samolepky-frozen-candy","title":{"rendered":"Samolepky &#8211; Frozen Candy"},"content":{"rendered":"<div class=\"flex max-w-full flex-col flex-grow\">\n<div class=\"min-h-8 text-message flex w-full flex-col items-end gap-2 whitespace-normal break-words [.text-message+&amp;]:mt-5\" dir=\"auto\" data-message-author-role=\"assistant\" data-message-id=\"957be000-6aef-4676-81bd-9d51c770674b\">\n<div class=\"flex w-full flex-col gap-1 empty:hidden first:pt-[3px]\">\n<div class=\"markdown prose w-full break-words dark:prose-invert dark\">\n<p>Samolepky s vesel\u00fdm a zimn\u00edm designem, ide\u00e1ln\u00ed pro vylep\u0161en\u00ed va\u0161eho notebooku, di\u00e1\u0159e, telefonu nebo jak\u00e9hokoli jin\u00e9ho interi\u00e9rov\u00e9ho povrchu. Sada obsahuje 20 r\u016fzn\u00fdch samolepek, kter\u00e9 kombinuj\u00ed zmrzlinov\u00e9 kornouty, kol\u00e1\u010dky, hork\u00e9 n\u00e1poje a vlo\u010dky \u2013 v\u0161e lad\u011bn\u00e9 do chladn\u00fdch fialovo-modr\u00fdch t\u00f3n\u016f. Vyrobeny z kvalitn\u00edho materi\u00e1lu, kter\u00fd dob\u0159e dr\u017e\u00ed a je vhodn\u00fd pro kreativn\u00ed vyj\u00e1d\u0159en\u00ed i zimn\u00ed atmosf\u00e9ru. Samolepky se hod\u00ed do ka\u017edodenn\u00edho \u017eivota, aby vnesly trochu radosti a barev do va\u0161ich osobn\u00edch v\u011bc\u00ed!<\/p>\n<\/div>\n<\/div>\n<\/div>\n<\/div>\n<div class=\"mb-2 flex gap-3 empty:hidden -ml-2\">\n<div class=\"items-center justify-start rounded-xl p-1 flex\">\n<div class=\"flex items-center\">\n<div class=\"flex\"><\/div>\n<div class=\"flex items-center pb-0\"><\/div>\n<\/div>\n<\/div>\n<\/div>\n","protected":false},"excerpt":{"rendered":"<p>Sada obsahuje 20 r\u016fzn\u00fdch samolepek, kter\u00e9 kombinuj\u00ed zmrzlinov\u00e9 kornouty, kol\u00e1\u010dky, hork\u00e9 n\u00e1poje a vlo\u010dky<\/p>\n","protected":false},"featured_media":1839,"comment_status":"open","ping_status":"closed","template":"","meta":[],"product_cat":[79],"product_tag":[],"class_list":{"0":"post-1838","1":"product","2":"type-product","3":"status-publish","4":"has-post-thumbnail","6":"product_cat-samolepky-papirove","8":"first","9":"instock","10":"shipping-taxable","11":"purchasable","12":"product-type-simple"},"_links":{"self":[{"href":"http:\/\/www.madnaughty.cz\/index.php?rest_route=\/wp\/v2\/product\/1838"}],"collection":[{"href":"http:\/\/www.madnaughty.cz\/index.php?rest_route=\/wp\/v2\/product"}],"about":[{"href":"http:\/\/www.madnaughty.cz\/index.php?rest_route=\/wp\/v2\/types\/product"}],"replies":[{"embeddable":true,"href":"http:\/\/www.madnaughty.cz\/index.php?rest_route=%2Fwp%2Fv2%2Fcomments&post=1838"}],"wp:featuredmedia":[{"embeddable":true,"href":"http:\/\/www.madnaughty.cz\/index.php?rest_route=\/wp\/v2\/media\/1839"}],"wp:attachment":[{"href":"http:\/\/www.madnaughty.cz\/index.php?rest_route=%2Fwp%2Fv2%2Fmedia&parent=1838"}],"wp:term":[{"taxonomy":"product_cat","embeddable":true,"href":"http:\/\/www.madnaughty.cz\/index.php?rest_route=%2Fwp%2Fv2%2Fproduct_cat&post=1838"},{"taxonomy":"product_tag","embeddable":true,"href":"http:\/\/www.madnaughty.cz\/index.php?rest_route=%2Fwp%2Fv2%2Fproduct_tag&post=1838"}],"curies":[{"name":"wp","href":"https:\/\/api.w.org\/{rel}","templated":true}]}}