{"id":1844,"date":"2024-10-01T16:10:14","date_gmt":"2024-10-01T14:10:14","guid":{"rendered":"https:\/\/www.madnaughty.cz\/?post_type=product&#038;p=1844"},"modified":"2024-10-21T11:00:05","modified_gmt":"2024-10-21T09:00:05","slug":"samolepky-retro-autumn","status":"publish","type":"product","link":"http:\/\/www.madnaughty.cz\/?product=samolepky-retro-autumn","title":{"rendered":"Samolepky &#8211; Retro Autumn"},"content":{"rendered":"<p>P\u0159iv\u00edtejte podzim ve stylu s touto n\u00e1dhernou kolekc\u00ed &#8222;Retro Autumn&#8220; samolepek! Balen\u00ed obsahuje 20 jedine\u010dn\u00fdch samolepek, kter\u00e9 zachycuj\u00ed podzimn\u00ed n\u00e1ladu s retro atmosf\u00e9rou. Ide\u00e1ln\u00ed pro dekoraci di\u00e1\u0159\u016f, notebook\u016f, telefon\u016f nebo jak\u00e9hokoliv m\u00edsta, kde chcete p\u0159idat trochu nostalgie a tepla.<\/p>\n<p>Rozm\u011bry a detaily samolepek:<\/p>\n<ul>\n<li><strong>Materi\u00e1l:<\/strong> kvalitn\u00ed vinyl<\/li>\n<li><strong>Po\u010det kus\u016f v balen\u00ed:<\/strong> 20<\/li>\n<li><strong>Motivy:<\/strong> vintage gramofony, star\u00e9 fotoapar\u00e1ty, retro oble\u010den\u00ed, termosky a dal\u0161\u00ed podzimn\u00ed dopl\u0148ky.<\/li>\n<li><strong>Pou\u017eit\u00ed:<\/strong> na di\u00e1\u0159, notebook, mobiln\u00ed telefon nebo cokoliv jin\u00e9ho.<\/li>\n<\/ul>\n<p>Vytvo\u0159te si \u00fatulnou atmosf\u00e9ru plnou barevn\u00e9ho list\u00ed a retro kouzla!<\/p>\n","protected":false},"excerpt":{"rendered":"<p>P\u0159iv\u00edtejte podzim ve stylu s touto n\u00e1dhernou kolekc\u00ed &#8222;Retro Autumn&#8220; samolepek! Balen\u00ed obsahuje 20 jedine\u010dn\u00fdch samolepek, kter\u00e9 zachycuj\u00ed podzimn\u00ed n\u00e1ladu s retro atmosf\u00e9rou. Ide\u00e1ln\u00ed pro dekoraci<span class=\"excerpt-hellip\"> [\u2026]<\/span><\/p>\n","protected":false},"featured_media":1848,"comment_status":"open","ping_status":"closed","template":"","meta":[],"product_cat":[79],"product_tag":[],"class_list":{"0":"post-1844","1":"product","2":"type-product","3":"status-publish","4":"has-post-thumbnail","6":"product_cat-samolepky-papirove","8":"first","9":"instock","10":"shipping-taxable","11":"purchasable","12":"product-type-simple"},"_links":{"self":[{"href":"http:\/\/www.madnaughty.cz\/index.php?rest_route=\/wp\/v2\/product\/1844"}],"collection":[{"href":"http:\/\/www.madnaughty.cz\/index.php?rest_route=\/wp\/v2\/product"}],"about":[{"href":"http:\/\/www.madnaughty.cz\/index.php?rest_route=\/wp\/v2\/types\/product"}],"replies":[{"embeddable":true,"href":"http:\/\/www.madnaughty.cz\/index.php?rest_route=%2Fwp%2Fv2%2Fcomments&post=1844"}],"wp:featuredmedia":[{"embeddable":true,"href":"http:\/\/www.madnaughty.cz\/index.php?rest_route=\/wp\/v2\/media\/1848"}],"wp:attachment":[{"href":"http:\/\/www.madnaughty.cz\/index.php?rest_route=%2Fwp%2Fv2%2Fmedia&parent=1844"}],"wp:term":[{"taxonomy":"product_cat","embeddable":true,"href":"http:\/\/www.madnaughty.cz\/index.php?rest_route=%2Fwp%2Fv2%2Fproduct_cat&post=1844"},{"taxonomy":"product_tag","embeddable":true,"href":"http:\/\/www.madnaughty.cz\/index.php?rest_route=%2Fwp%2Fv2%2Fproduct_tag&post=1844"}],"curies":[{"name":"wp","href":"https:\/\/api.w.org\/{rel}","templated":true}]}}