{"id":1860,"date":"2024-10-07T12:52:57","date_gmt":"2024-10-07T10:52:57","guid":{"rendered":"https:\/\/www.madnaughty.cz\/?post_type=product&#038;p=1860"},"modified":"2024-11-01T10:05:58","modified_gmt":"2024-11-01T09:05:58","slug":"samolepky-pink-halloween","status":"publish","type":"product","link":"http:\/\/www.madnaughty.cz\/?product=samolepky-pink-halloween","title":{"rendered":"Samolepky &#8211; Pink Halloween"},"content":{"rendered":"<p>Halloweensk\u00e9 balen\u00ed 14 stylov\u00fdch pap\u00edrov\u00fdch samolepek s temn\u011b roztomil\u00fdmi motivy. Perfektn\u00ed pro personalizaci di\u00e1\u0159\u016f, notebook\u016f nebo dekoraci va\u0161ich v\u011bc\u00ed. Vylep\u0161ete sv\u016fj Halloween s origin\u00e1ln\u00edmi designy, kter\u00e9 upoutaj\u00ed pozornost!<\/p>\n","protected":false},"excerpt":{"rendered":"<p>Halloweensk\u00e9 balen\u00ed 14 stylov\u00fdch pap\u00edrov\u00fdch samolepek s temn\u011b roztomil\u00fdmi motivy. Perfektn\u00ed pro personalizaci di\u00e1\u0159\u016f, notebook\u016f nebo dekoraci va\u0161ich v\u011bc\u00ed. Vylep\u0161ete sv\u016fj Halloween s origin\u00e1ln\u00edmi designy, kter\u00e9<span class=\"excerpt-hellip\"> [\u2026]<\/span><\/p>\n","protected":false},"featured_media":1862,"comment_status":"open","ping_status":"closed","template":"","meta":[],"product_cat":[79],"product_tag":[102],"class_list":{"0":"post-1860","1":"product","2":"type-product","3":"status-publish","4":"has-post-thumbnail","6":"product_cat-samolepky-papirove","7":"product_tag-halloween","9":"first","10":"instock","11":"shipping-taxable","12":"purchasable","13":"product-type-simple"},"_links":{"self":[{"href":"http:\/\/www.madnaughty.cz\/index.php?rest_route=\/wp\/v2\/product\/1860"}],"collection":[{"href":"http:\/\/www.madnaughty.cz\/index.php?rest_route=\/wp\/v2\/product"}],"about":[{"href":"http:\/\/www.madnaughty.cz\/index.php?rest_route=\/wp\/v2\/types\/product"}],"replies":[{"embeddable":true,"href":"http:\/\/www.madnaughty.cz\/index.php?rest_route=%2Fwp%2Fv2%2Fcomments&post=1860"}],"wp:featuredmedia":[{"embeddable":true,"href":"http:\/\/www.madnaughty.cz\/index.php?rest_route=\/wp\/v2\/media\/1862"}],"wp:attachment":[{"href":"http:\/\/www.madnaughty.cz\/index.php?rest_route=%2Fwp%2Fv2%2Fmedia&parent=1860"}],"wp:term":[{"taxonomy":"product_cat","embeddable":true,"href":"http:\/\/www.madnaughty.cz\/index.php?rest_route=%2Fwp%2Fv2%2Fproduct_cat&post=1860"},{"taxonomy":"product_tag","embeddable":true,"href":"http:\/\/www.madnaughty.cz\/index.php?rest_route=%2Fwp%2Fv2%2Fproduct_tag&post=1860"}],"curies":[{"name":"wp","href":"https:\/\/api.w.org\/{rel}","templated":true}]}}