{"id":1863,"date":"2024-10-08T21:55:40","date_gmt":"2024-10-08T19:55:40","guid":{"rendered":"https:\/\/www.madnaughty.cz\/?post_type=product&#038;p=1863"},"modified":"2024-11-01T10:06:14","modified_gmt":"2024-11-01T09:06:14","slug":"vintage-tricko-limited-edition","status":"publish","type":"product","link":"http:\/\/www.madnaughty.cz\/?product=vintage-tricko-limited-edition","title":{"rendered":"Vintage tri\u010dko &#8211; Limited Edition"},"content":{"rendered":"<p>Stylov\u00e9 bavln\u011bn\u00e9 tri\u010dko v \u010dern\u00e9 barv\u011b s ikonick\u00fdm n\u00e1pisem &#8222;Vintage &#8211; Aged to Perfection.&#8220; Ide\u00e1ln\u00ed pro v\u0161echny, kte\u0159\u00ed cht\u011bj\u00ed hrd\u011b oslavit sv\u00e9 narozeniny a v\u011bk ve velk\u00e9m stylu. Tri\u010dko je vyrobeno z vysoce kvalitn\u00ed 100% bavlny, kter\u00e1 je pohodln\u00e1 na no\u0161en\u00ed a dob\u0159e padne. Dostupn\u00e9 pro ro\u010dn\u00edky 1971\u20131990. Perfektn\u00ed d\u00e1rek pro n\u011bkoho, kdo je opravdov\u00fd origin\u00e1l, nebo jen stylov\u00fd kousek do \u0161atn\u00edku.<\/p>\n<ul>\n<li>Materi\u00e1l: 100% bavlna<\/li>\n<li>Barva: \u010cern\u00e1<\/li>\n<li>Dostupn\u00e9 velikosti: S, M, L, XL, 2XL a 3XL<\/li>\n<li>Vhodn\u00e9 pro: ka\u017edodenn\u00ed no\u0161en\u00ed nebo speci\u00e1ln\u00ed p\u0159\u00edle\u017eitosti<\/li>\n<li>Potisk: Vysoce kvalitn\u00ed potisk s vintage motivem<\/li>\n<\/ul>\n<p>Po\u0159i\u010fte si kousek, kter\u00fd oslavuje nejen v\u00e1\u0161 v\u011bk, ale i v\u00e1\u0161 styl!<br \/>\nPokud m\u00e1te z\u00e1jem o jin\u00fd ro\u010dn\u00edk, r\u00e1di v\u00e1m ho vytvo\u0159\u00edme na zak\u00e1zku. Sta\u010d\u00ed n\u00e1m napsat a my v\u00e1m p\u0159izp\u016fsob\u00edme motiv p\u0159esn\u011b podle va\u0161eho p\u0159\u00e1n\u00ed!<\/p>\n","protected":false},"excerpt":{"rendered":"<p>Stylov\u00e9 bavln\u011bn\u00e9 tri\u010dko v \u010dern\u00e9 barv\u011b s ikonick\u00fdm n\u00e1pisem &#8222;Vintage &#8211; Aged to Perfection.&#8220; Ide\u00e1ln\u00ed pro v\u0161echny, kte\u0159\u00ed cht\u011bj\u00ed hrd\u011b oslavit sv\u00e9 narozeniny a v\u011bk ve<span class=\"excerpt-hellip\"> [\u2026]<\/span><\/p>\n","protected":false},"featured_media":1983,"comment_status":"open","ping_status":"closed","template":"","meta":[],"product_cat":[76],"product_tag":[],"class_list":{"0":"post-1863","1":"product","2":"type-product","3":"status-publish","4":"has-post-thumbnail","6":"product_cat-tricka","8":"first","9":"instock","10":"shipping-taxable","11":"purchasable","12":"product-type-variable","13":"has-default-attributes"},"_links":{"self":[{"href":"http:\/\/www.madnaughty.cz\/index.php?rest_route=\/wp\/v2\/product\/1863"}],"collection":[{"href":"http:\/\/www.madnaughty.cz\/index.php?rest_route=\/wp\/v2\/product"}],"about":[{"href":"http:\/\/www.madnaughty.cz\/index.php?rest_route=\/wp\/v2\/types\/product"}],"replies":[{"embeddable":true,"href":"http:\/\/www.madnaughty.cz\/index.php?rest_route=%2Fwp%2Fv2%2Fcomments&post=1863"}],"wp:featuredmedia":[{"embeddable":true,"href":"http:\/\/www.madnaughty.cz\/index.php?rest_route=\/wp\/v2\/media\/1983"}],"wp:attachment":[{"href":"http:\/\/www.madnaughty.cz\/index.php?rest_route=%2Fwp%2Fv2%2Fmedia&parent=1863"}],"wp:term":[{"taxonomy":"product_cat","embeddable":true,"href":"http:\/\/www.madnaughty.cz\/index.php?rest_route=%2Fwp%2Fv2%2Fproduct_cat&post=1863"},{"taxonomy":"product_tag","embeddable":true,"href":"http:\/\/www.madnaughty.cz\/index.php?rest_route=%2Fwp%2Fv2%2Fproduct_tag&post=1863"}],"curies":[{"name":"wp","href":"https:\/\/api.w.org\/{rel}","templated":true}]}}