{"id":2019,"date":"2024-11-07T09:24:11","date_gmt":"2024-11-07T08:24:11","guid":{"rendered":"https:\/\/www.madnaughty.cz\/?post_type=product&#038;p=2019"},"modified":"2026-03-06T21:03:54","modified_gmt":"2026-03-06T20:03:54","slug":"lapac-slunce-santas-favourite-ho","status":"publish","type":"product","link":"http:\/\/www.madnaughty.cz\/?product=lapac-slunce-santas-favourite-ho","title":{"rendered":"Lapa\u010d slunce &#8222;Santa\u2019s Favourite Ho&#8220;"},"content":{"rendered":"<p>P\u0159ineste si dom\u016f trochu drz\u00e9 v\u00e1no\u010dn\u00ed n\u00e1lady s lapa\u010dem slunce &#8222;Santa\u2019s Favourite Ho&#8220;. Tento lapa\u010d o pr\u016fm\u011bru 15 cm s v\u00fdrazn\u00fdm n\u00e1pisem je hravou p\u0159ipom\u00ednkou v\u00e1no\u010dn\u00edho vesel\u00ed.<br \/>\nOdr\u00e1\u017e\u00ed slune\u010dn\u00ed paprsky, kter\u00e9 rozptyluje po m\u00edstnosti a vytv\u00e1\u0159\u00ed zaj\u00edmav\u00e9 sv\u011bteln\u00e9 efekty, kter\u00e9 p\u0159it\u00e1hnou pozornost a vykouzl\u00ed \u00fasm\u011bv.<\/p>\n<p><strong>Funkce a vyu\u017eit\u00ed:<\/strong> Lapa\u010d slunce pom\u00e1h\u00e1 zachytit slune\u010dn\u00ed paprsky a rozpr\u00e1\u0161it je do prostoru, \u010d\u00edm\u017e p\u0159id\u00e1v\u00e1 va\u0161emu interi\u00e9ru h\u0159ejiv\u00fd a vesel\u00fd n\u00e1dech. Je statick\u00fd, tak\u017ee jej m\u016f\u017eete po skon\u010den\u00ed sez\u00f3ny snadno sundat a schovat na dal\u0161\u00ed V\u00e1noce. Ide\u00e1ln\u00ed pro okna, kde dopad\u00e1 p\u0159\u00edm\u00e9 slune\u010dn\u00ed sv\u011btlo, aby naplnil prostor radostnou atmosf\u00e9rou.<\/p>\n","protected":false},"excerpt":{"rendered":"<p>P\u0159ineste si dom\u016f trochu drz\u00e9 v\u00e1no\u010dn\u00ed n\u00e1lady s lapa\u010dem slunce &#8222;Santa\u2019s Favourite Ho&#8220;. Tento lapa\u010d o pr\u016fm\u011bru 15 cm s v\u00fdrazn\u00fdm n\u00e1pisem je hravou p\u0159ipom\u00ednkou v\u00e1no\u010dn\u00edho<span class=\"excerpt-hellip\"> [\u2026]<\/span><\/p>\n","protected":false},"featured_media":2020,"comment_status":"open","ping_status":"closed","template":"","meta":[],"product_cat":[74],"product_tag":[105],"class_list":{"0":"post-2019","1":"product","2":"type-product","3":"status-publish","4":"has-post-thumbnail","6":"product_cat-suncatchers","7":"product_tag-vanoce","9":"first","10":"instock","11":"shipping-taxable","12":"purchasable","13":"product-type-simple"},"_links":{"self":[{"href":"http:\/\/www.madnaughty.cz\/index.php?rest_route=\/wp\/v2\/product\/2019"}],"collection":[{"href":"http:\/\/www.madnaughty.cz\/index.php?rest_route=\/wp\/v2\/product"}],"about":[{"href":"http:\/\/www.madnaughty.cz\/index.php?rest_route=\/wp\/v2\/types\/product"}],"replies":[{"embeddable":true,"href":"http:\/\/www.madnaughty.cz\/index.php?rest_route=%2Fwp%2Fv2%2Fcomments&post=2019"}],"wp:featuredmedia":[{"embeddable":true,"href":"http:\/\/www.madnaughty.cz\/index.php?rest_route=\/wp\/v2\/media\/2020"}],"wp:attachment":[{"href":"http:\/\/www.madnaughty.cz\/index.php?rest_route=%2Fwp%2Fv2%2Fmedia&parent=2019"}],"wp:term":[{"taxonomy":"product_cat","embeddable":true,"href":"http:\/\/www.madnaughty.cz\/index.php?rest_route=%2Fwp%2Fv2%2Fproduct_cat&post=2019"},{"taxonomy":"product_tag","embeddable":true,"href":"http:\/\/www.madnaughty.cz\/index.php?rest_route=%2Fwp%2Fv2%2Fproduct_tag&post=2019"}],"curies":[{"name":"wp","href":"https:\/\/api.w.org\/{rel}","templated":true}]}}