{"id":2021,"date":"2024-11-07T09:28:29","date_gmt":"2024-11-07T08:28:29","guid":{"rendered":"https:\/\/www.madnaughty.cz\/?post_type=product&#038;p=2021"},"modified":"2026-04-03T11:11:30","modified_gmt":"2026-04-03T09:11:30","slug":"lapac-slunce-we-woof-you-merry-christmas","status":"publish","type":"product","link":"http:\/\/www.madnaughty.cz\/?product=lapac-slunce-we-woof-you-merry-christmas","title":{"rendered":"Lapa\u010d slunce &#8222;We Woof You Merry Christmas&#8220;"},"content":{"rendered":"<p>Dodejte sv\u00e9mu domovu trochu radosti s v\u00e1no\u010dn\u00edm lapa\u010dem slunce &#8222;We Woof You Merry Christmas&#8220;! Tento kulat\u00fd lapa\u010d o pr\u016fm\u011bru 15 cm s holografickou samolepkou je ide\u00e1ln\u00ed volbou pro milovn\u00edky ps\u016f, kte\u0159\u00ed cht\u011bj\u00ed vn\u00e9st do V\u00e1noc n\u011bco hrav\u00e9ho a vesel\u00e9ho.<\/p>\n<p><strong>Funkce a vyu\u017eit\u00ed:<\/strong> Lapa\u010d slunce zachyt\u00e1v\u00e1 slune\u010dn\u00ed paprsky a rozptyluje je do m\u00edstnosti, \u010d\u00edm\u017e vytv\u00e1\u0159\u00ed p\u0159\u00edjemn\u00e9 sv\u011bteln\u00e9 efekty a v\u00e1no\u010dn\u00ed atmosf\u00e9ru. Sta\u010d\u00ed ho um\u00edstit na okno s p\u0159\u00edm\u00fdm slune\u010dn\u00edm sv\u011btlem, kde odraz\u00ed a rozpt\u00fdl\u00ed sv\u011btlo do okol\u00ed. Po V\u00e1noc\u00edch ho snadno sund\u00e1te a uschov\u00e1te na dal\u0161\u00ed sez\u00f3nu.<\/p>\n","protected":false},"excerpt":{"rendered":"<p>Dodejte sv\u00e9mu domovu trochu radosti s v\u00e1no\u010dn\u00edm lapa\u010dem slunce &#8222;We Woof You Merry Christmas&#8220;! Tento kulat\u00fd lapa\u010d o pr\u016fm\u011bru 15 cm s holografickou samolepkou je ide\u00e1ln\u00ed<span class=\"excerpt-hellip\"> [\u2026]<\/span><\/p>\n","protected":false},"featured_media":2022,"comment_status":"open","ping_status":"closed","template":"","meta":[],"product_cat":[74],"product_tag":[107,127,105],"class_list":{"0":"post-2021","1":"product","2":"type-product","3":"status-publish","4":"has-post-thumbnail","6":"product_cat-suncatchers","7":"product_tag-dog","8":"product_tag-psi","9":"product_tag-vanoce","11":"first","12":"instock","13":"shipping-taxable","14":"purchasable","15":"product-type-simple"},"_links":{"self":[{"href":"http:\/\/www.madnaughty.cz\/index.php?rest_route=\/wp\/v2\/product\/2021"}],"collection":[{"href":"http:\/\/www.madnaughty.cz\/index.php?rest_route=\/wp\/v2\/product"}],"about":[{"href":"http:\/\/www.madnaughty.cz\/index.php?rest_route=\/wp\/v2\/types\/product"}],"replies":[{"embeddable":true,"href":"http:\/\/www.madnaughty.cz\/index.php?rest_route=%2Fwp%2Fv2%2Fcomments&post=2021"}],"wp:featuredmedia":[{"embeddable":true,"href":"http:\/\/www.madnaughty.cz\/index.php?rest_route=\/wp\/v2\/media\/2022"}],"wp:attachment":[{"href":"http:\/\/www.madnaughty.cz\/index.php?rest_route=%2Fwp%2Fv2%2Fmedia&parent=2021"}],"wp:term":[{"taxonomy":"product_cat","embeddable":true,"href":"http:\/\/www.madnaughty.cz\/index.php?rest_route=%2Fwp%2Fv2%2Fproduct_cat&post=2021"},{"taxonomy":"product_tag","embeddable":true,"href":"http:\/\/www.madnaughty.cz\/index.php?rest_route=%2Fwp%2Fv2%2Fproduct_tag&post=2021"}],"curies":[{"name":"wp","href":"https:\/\/api.w.org\/{rel}","templated":true}]}}