{"id":2025,"date":"2024-11-07T09:31:56","date_gmt":"2024-11-07T08:31:56","guid":{"rendered":"https:\/\/www.madnaughty.cz\/?post_type=product&#038;p=2025"},"modified":"2026-03-18T14:24:33","modified_gmt":"2026-03-18T13:24:33","slug":"lapac-slunce-pernicek","status":"publish","type":"product","link":"http:\/\/www.madnaughty.cz\/?product=lapac-slunce-pernicek","title":{"rendered":"Lapa\u010d slunce &#8222;Pern\u00ed\u010dek&#8220;"},"content":{"rendered":"<p>Vneste do sv\u00e9ho domova sv\u00e1te\u010dn\u00ed atmosf\u00e9ru s roztomil\u00fdm lapa\u010dem slunce s motivem Pern\u00ed\u010dka! Tento drobn\u00fd lapa\u010d o pr\u016fm\u011bru 10 cm je ide\u00e1ln\u00ed pro men\u0161\u00ed okna \u010di dekorativn\u00ed koutky, kde zachyt\u00ed slune\u010dn\u00ed paprsky a vytvo\u0159\u00ed kouzeln\u00fd v\u00e1no\u010dn\u00ed efekt. Holografick\u00e1 samolepka dod\u00e1v\u00e1 pern\u00ed\u010dkov\u00e9mu motivu t\u0159pytiv\u00fd a \u017eiv\u00fd vzhled.<\/p>\n<p><strong>Funkce a vyu\u017eit\u00ed:<\/strong> Lapa\u010d slunce je navr\u017een tak, aby rozptyloval sv\u011btlo po m\u00edstnosti a vytv\u00e1\u0159el barevn\u00e9 odlesky, kter\u00e9 o\u017eiv\u00ed ka\u017ed\u00fd interi\u00e9r. Perfektn\u00ed pro navozen\u00ed v\u00e1no\u010dn\u00ed atmosf\u00e9ry, a po sv\u00e1tc\u00edch ho snadno sund\u00e1te a uschov\u00e1te na dal\u0161\u00ed rok.<\/p>\n","protected":false},"excerpt":{"rendered":"<p>Vneste do sv\u00e9ho domova sv\u00e1te\u010dn\u00ed atmosf\u00e9ru s roztomil\u00fdm lapa\u010dem slunce s motivem Pern\u00ed\u010dka! Tento drobn\u00fd lapa\u010d o pr\u016fm\u011bru 10 cm je ide\u00e1ln\u00ed pro men\u0161\u00ed okna \u010di<span class=\"excerpt-hellip\"> [\u2026]<\/span><\/p>\n","protected":false},"featured_media":2026,"comment_status":"open","ping_status":"closed","template":"","meta":[],"product_cat":[74],"product_tag":[105],"class_list":{"0":"post-2025","1":"product","2":"type-product","3":"status-publish","4":"has-post-thumbnail","6":"product_cat-suncatchers","7":"product_tag-vanoce","9":"first","10":"instock","11":"shipping-taxable","12":"purchasable","13":"product-type-simple"},"_links":{"self":[{"href":"http:\/\/www.madnaughty.cz\/index.php?rest_route=\/wp\/v2\/product\/2025"}],"collection":[{"href":"http:\/\/www.madnaughty.cz\/index.php?rest_route=\/wp\/v2\/product"}],"about":[{"href":"http:\/\/www.madnaughty.cz\/index.php?rest_route=\/wp\/v2\/types\/product"}],"replies":[{"embeddable":true,"href":"http:\/\/www.madnaughty.cz\/index.php?rest_route=%2Fwp%2Fv2%2Fcomments&post=2025"}],"wp:featuredmedia":[{"embeddable":true,"href":"http:\/\/www.madnaughty.cz\/index.php?rest_route=\/wp\/v2\/media\/2026"}],"wp:attachment":[{"href":"http:\/\/www.madnaughty.cz\/index.php?rest_route=%2Fwp%2Fv2%2Fmedia&parent=2025"}],"wp:term":[{"taxonomy":"product_cat","embeddable":true,"href":"http:\/\/www.madnaughty.cz\/index.php?rest_route=%2Fwp%2Fv2%2Fproduct_cat&post=2025"},{"taxonomy":"product_tag","embeddable":true,"href":"http:\/\/www.madnaughty.cz\/index.php?rest_route=%2Fwp%2Fv2%2Fproduct_tag&post=2025"}],"curies":[{"name":"wp","href":"https:\/\/api.w.org\/{rel}","templated":true}]}}