{"id":2027,"date":"2024-11-07T09:33:47","date_gmt":"2024-11-07T08:33:47","guid":{"rendered":"https:\/\/www.madnaughty.cz\/?post_type=product&#038;p=2027"},"modified":"2026-04-04T23:32:50","modified_gmt":"2026-04-04T21:32:50","slug":"lapac-slunce-merry-christmas","status":"publish","type":"product","link":"http:\/\/www.madnaughty.cz\/?product=lapac-slunce-merry-christmas","title":{"rendered":"Lapa\u010d slunce &#8222;Merry Christmas&#8220;"},"content":{"rendered":"<p>Mal\u00fd lapa\u010d o pr\u016fm\u011bru 10 cm, kter\u00fd vnese do va\u0161eho domova jemnou v\u00e1no\u010dn\u00ed atmosf\u00e9ru d\u00edky n\u00e1pisu &#8222;Merry Christmas&#8220;. Holografick\u00e1 samolepka rozptyluje sv\u011btlo do duhov\u00fdch odlesk\u016f, kter\u00e9 pot\u011b\u0161\u00ed ka\u017ed\u00e9ho milovn\u00edka sv\u00e1tk\u016f. Ide\u00e1ln\u00ed pro ozdoben\u00ed men\u0161\u00edch prostor\u016f, nap\u0159\u00edklad oken, kde slune\u010dn\u00ed paprsky o\u017eiv\u00ed prostor barevn\u00fdm efektem.<\/p>\n<p><strong>Funkce a vyu\u017eit\u00ed:<\/strong> Tento lapa\u010d slunce zachycuje sv\u011btlo a vytv\u00e1\u0159\u00ed p\u0159\u00edjemn\u00e9 odlesky, kter\u00e9 z\u00fatuln\u00ed v\u00e1\u0161 interi\u00e9r. Po sv\u00e1tc\u00edch ho snadno sund\u00e1te a m\u016f\u017eete ho uschovat na p\u0159\u00ed\u0161t\u00ed V\u00e1noce.<\/p>\n","protected":false},"excerpt":{"rendered":"<p>Mal\u00fd lapa\u010d o pr\u016fm\u011bru 10 cm, kter\u00fd vnese do va\u0161eho domova jemnou v\u00e1no\u010dn\u00ed atmosf\u00e9ru d\u00edky n\u00e1pisu &#8222;Merry Christmas&#8220;. Holografick\u00e1 samolepka rozptyluje sv\u011btlo do duhov\u00fdch odlesk\u016f, kter\u00e9<span class=\"excerpt-hellip\"> [\u2026]<\/span><\/p>\n","protected":false},"featured_media":2028,"comment_status":"open","ping_status":"closed","template":"","meta":[],"product_cat":[74],"product_tag":[105],"class_list":{"0":"post-2027","1":"product","2":"type-product","3":"status-publish","4":"has-post-thumbnail","6":"product_cat-suncatchers","7":"product_tag-vanoce","9":"first","10":"instock","11":"shipping-taxable","12":"purchasable","13":"product-type-simple"},"_links":{"self":[{"href":"http:\/\/www.madnaughty.cz\/index.php?rest_route=\/wp\/v2\/product\/2027"}],"collection":[{"href":"http:\/\/www.madnaughty.cz\/index.php?rest_route=\/wp\/v2\/product"}],"about":[{"href":"http:\/\/www.madnaughty.cz\/index.php?rest_route=\/wp\/v2\/types\/product"}],"replies":[{"embeddable":true,"href":"http:\/\/www.madnaughty.cz\/index.php?rest_route=%2Fwp%2Fv2%2Fcomments&post=2027"}],"wp:featuredmedia":[{"embeddable":true,"href":"http:\/\/www.madnaughty.cz\/index.php?rest_route=\/wp\/v2\/media\/2028"}],"wp:attachment":[{"href":"http:\/\/www.madnaughty.cz\/index.php?rest_route=%2Fwp%2Fv2%2Fmedia&parent=2027"}],"wp:term":[{"taxonomy":"product_cat","embeddable":true,"href":"http:\/\/www.madnaughty.cz\/index.php?rest_route=%2Fwp%2Fv2%2Fproduct_cat&post=2027"},{"taxonomy":"product_tag","embeddable":true,"href":"http:\/\/www.madnaughty.cz\/index.php?rest_route=%2Fwp%2Fv2%2Fproduct_tag&post=2027"}],"curies":[{"name":"wp","href":"https:\/\/api.w.org\/{rel}","templated":true}]}}