{"id":2029,"date":"2024-11-07T10:20:09","date_gmt":"2024-11-07T09:20:09","guid":{"rendered":"https:\/\/www.madnaughty.cz\/?post_type=product&#038;p=2029"},"modified":"2026-04-04T23:33:22","modified_gmt":"2026-04-04T21:33:22","slug":"motelove-klicenky-pro-milovniky-kocek-sviti-ve-tme","status":"publish","type":"product","link":"http:\/\/www.madnaughty.cz\/?product=motelove-klicenky-pro-milovniky-kocek-sviti-ve-tme","title":{"rendered":"Motelov\u00e9 kl\u00ed\u010denky pro milovn\u00edky ko\u010dek &#8211; sv\u00edt\u00ed ve tm\u011b"},"content":{"rendered":"<p>Stylov\u00e9 motelov\u00e9 kl\u00ed\u010denky o velikosti 9&#215;4,5 cm jsou ide\u00e1ln\u00edm dopl\u0148kem pro ka\u017ed\u00e9ho milovn\u00edka ko\u010dek.<br \/>\nKa\u017ed\u00e1 kl\u00ed\u010denka je ozdobena polepem, kter\u00fd je dostupn\u00fd v r\u016fzn\u00fdch barv\u00e1ch dle na\u0161eho <a href=\"https:\/\/www.madnaughty.cz\/?page_id=631\">vzorn\u00edku<\/a>. Pokud m\u00e1te z\u00e1jem o konkr\u00e9tn\u00ed barvu polepu, napi\u0161te svou preferenci do pozn\u00e1mky k objedn\u00e1vce, a my se postar\u00e1me o to, aby byla kl\u00ed\u010denka p\u0159esn\u011b podle va\u0161ich p\u0159edstav.<\/p>\n<p><strong>Rozm\u011bry:<\/strong> 9&#215;4,5 cm<br \/>\n<strong>Personalizace:<\/strong> Mo\u017enost v\u00fdb\u011bru barvy polepu<br \/>\nSv\u00edt\u00ed ve tm\u011b \u2665<\/p>\n","protected":false},"excerpt":{"rendered":"<p>Stylov\u00e9 motelov\u00e9 kl\u00ed\u010denky o velikosti 9&#215;4,5 cm jsou ide\u00e1ln\u00edm dopl\u0148kem pro ka\u017ed\u00e9ho milovn\u00edka ko\u010dek. Ka\u017ed\u00e1 kl\u00ed\u010denka je ozdobena polepem, kter\u00fd je dostupn\u00fd v r\u016fzn\u00fdch barv\u00e1ch dle<span class=\"excerpt-hellip\"> [\u2026]<\/span><\/p>\n","protected":false},"featured_media":2036,"comment_status":"open","ping_status":"closed","template":"","meta":[],"product_cat":[80],"product_tag":[125],"class_list":{"0":"post-2029","1":"product","2":"type-product","3":"status-publish","4":"has-post-thumbnail","6":"product_cat-klicenky","7":"product_tag-kocky","9":"first","10":"instock","11":"shipping-taxable","12":"purchasable","13":"product-type-variable"},"_links":{"self":[{"href":"http:\/\/www.madnaughty.cz\/index.php?rest_route=\/wp\/v2\/product\/2029"}],"collection":[{"href":"http:\/\/www.madnaughty.cz\/index.php?rest_route=\/wp\/v2\/product"}],"about":[{"href":"http:\/\/www.madnaughty.cz\/index.php?rest_route=\/wp\/v2\/types\/product"}],"replies":[{"embeddable":true,"href":"http:\/\/www.madnaughty.cz\/index.php?rest_route=%2Fwp%2Fv2%2Fcomments&post=2029"}],"wp:featuredmedia":[{"embeddable":true,"href":"http:\/\/www.madnaughty.cz\/index.php?rest_route=\/wp\/v2\/media\/2036"}],"wp:attachment":[{"href":"http:\/\/www.madnaughty.cz\/index.php?rest_route=%2Fwp%2Fv2%2Fmedia&parent=2029"}],"wp:term":[{"taxonomy":"product_cat","embeddable":true,"href":"http:\/\/www.madnaughty.cz\/index.php?rest_route=%2Fwp%2Fv2%2Fproduct_cat&post=2029"},{"taxonomy":"product_tag","embeddable":true,"href":"http:\/\/www.madnaughty.cz\/index.php?rest_route=%2Fwp%2Fv2%2Fproduct_tag&post=2029"}],"curies":[{"name":"wp","href":"https:\/\/api.w.org\/{rel}","templated":true}]}}