{"id":257,"date":"2024-08-04T22:01:10","date_gmt":"2024-08-04T20:01:10","guid":{"rendered":"https:\/\/www.madnaughty.cz\/?post_type=product&#038;p=257"},"modified":"2024-08-13T20:01:34","modified_gmt":"2024-08-13T18:01:34","slug":"vonna-svicka-v-plechovce-s-lascivnim-vzkazem-sandal-wood","status":"publish","type":"product","link":"http:\/\/www.madnaughty.cz\/?product=vonna-svicka-v-plechovce-s-lascivnim-vzkazem-sandal-wood","title":{"rendered":"Vonn\u00e1 sv\u00ed\u010dka v plechovce s lascivn\u00edm vzkazem \u2013 Sandal Wood"},"content":{"rendered":"<p>Tahle sv\u00ed\u010dka rozhodn\u011b nen\u00ed pro slab\u00e9 povahy! V elegantn\u00edm kovov\u00e9m obalu s n\u00e1pisem \u201eLight me when you want a blowjob\u201c p\u0159in\u00e1\u0161\u00ed nejen h\u0159ejivou atmosf\u00e9ru, ale tak\u00e9 smysl pro humor, kter\u00fd p\u0159ekvap\u00ed. Perfektn\u00ed jako z\u00e1bavn\u00fd d\u00e1rek pro partnera nebo origin\u00e1ln\u00ed dopln\u011bk, kter\u00fd dod\u00e1 va\u0161emu domovu pikantn\u00ed n\u00e1dech.<\/p>\n<ul>\n<li>Kvalitn\u00ed vosk pro dlouhotrvaj\u00edc\u00ed ho\u0159en\u00ed a\u017e 10 hodin<\/li>\n<li>V trendy plechovce<\/li>\n<li>Ide\u00e1ln\u00ed d\u00e1rek pro odv\u00e1\u017en\u00e9 a hrav\u00e9 du\u0161e<\/li>\n<\/ul>\n<p>\u00d8 6,5 \u00d7 4,5 cm<\/p>\n","protected":false},"excerpt":{"rendered":"<div class=\"woocommerce-product-details__short-description\">\n<p>Sv\u00ed\u010dka, kter\u00e1 bezesporu pot\u011b\u0161\u00ed ka\u017ed\u00e9ho mu\u017ee \ud83d\ude08<\/p>\n<\/div>\n","protected":false},"featured_media":258,"comment_status":"open","ping_status":"closed","template":"","meta":[],"product_cat":[82],"product_tag":[108,112,113,103],"class_list":{"0":"post-257","1":"product","2":"type-product","3":"status-publish","4":"has-post-thumbnail","6":"product_cat-svicky","7":"product_tag-hanbate","8":"product_tag-valentyn","9":"product_tag-vtipne","10":"product_tag-z-lasky","12":"first","13":"instock","14":"shipping-taxable","15":"purchasable","16":"product-type-simple"},"_links":{"self":[{"href":"http:\/\/www.madnaughty.cz\/index.php?rest_route=\/wp\/v2\/product\/257"}],"collection":[{"href":"http:\/\/www.madnaughty.cz\/index.php?rest_route=\/wp\/v2\/product"}],"about":[{"href":"http:\/\/www.madnaughty.cz\/index.php?rest_route=\/wp\/v2\/types\/product"}],"replies":[{"embeddable":true,"href":"http:\/\/www.madnaughty.cz\/index.php?rest_route=%2Fwp%2Fv2%2Fcomments&post=257"}],"wp:featuredmedia":[{"embeddable":true,"href":"http:\/\/www.madnaughty.cz\/index.php?rest_route=\/wp\/v2\/media\/258"}],"wp:attachment":[{"href":"http:\/\/www.madnaughty.cz\/index.php?rest_route=%2Fwp%2Fv2%2Fmedia&parent=257"}],"wp:term":[{"taxonomy":"product_cat","embeddable":true,"href":"http:\/\/www.madnaughty.cz\/index.php?rest_route=%2Fwp%2Fv2%2Fproduct_cat&post=257"},{"taxonomy":"product_tag","embeddable":true,"href":"http:\/\/www.madnaughty.cz\/index.php?rest_route=%2Fwp%2Fv2%2Fproduct_tag&post=257"}],"curies":[{"name":"wp","href":"https:\/\/api.w.org\/{rel}","templated":true}]}}