{"id":265,"date":"2024-08-04T22:13:53","date_gmt":"2024-08-04T20:13:53","guid":{"rendered":"https:\/\/www.madnaughty.cz\/?post_type=product&#038;p=265"},"modified":"2024-08-14T13:22:22","modified_gmt":"2024-08-14T11:22:22","slug":"klicenka-i-dont-care-akryl","status":"publish","type":"product","link":"http:\/\/www.madnaughty.cz\/?product=klicenka-i-dont-care-akryl","title":{"rendered":"Kl\u00ed\u010denka s vlastn\u00edm motivem"},"content":{"rendered":"<p>Vytvo\u0159te si kl\u00ed\u010denku p\u0159esn\u011b podle sv\u00fdch p\u0159edstav! Tato akrylov\u00e1 kl\u00ed\u010denka o velikosti 5 \u00d7 5 cm v\u00e1m umo\u017en\u00ed nosit sv\u016fj obl\u00edben\u00fd motiv st\u00e1le p\u0159i sob\u011b. Vyberte si design, kter\u00fd nejl\u00e9pe vystihuje v\u00e1\u0161 styl, a dopl\u0148te ho p\u0159\u00edv\u011b\u0161kem pro extra \u0161mrnc.<\/p>\n<p><strong>Specifikace:<\/strong><\/p>\n<ul>\n<li><strong>Materi\u00e1l:<\/strong> Akryl<\/li>\n<li><strong>Velikost:<\/strong> 5 \u00d7 5 cm<\/li>\n<li><strong>P\u0159\u00edv\u011b\u0161ek:<\/strong> v r\u016fzn\u00fdch barv\u00e1ch<\/li>\n<\/ul>\n<p><strong>Mo\u017enosti personalizace:<\/strong> Vyberte si z \u0161irok\u00e9 \u0161k\u00e1ly barev vinyl\u016f a vytvo\u0159te si kl\u00ed\u010denku, kter\u00e1 bude odr\u00e1\u017eet va\u0161i osobnost. Ide\u00e1ln\u00ed jako origin\u00e1ln\u00ed dopln\u011bk na kl\u00ed\u010de, kabelku nebo batoh, nebo jako jedine\u010dn\u00fd d\u00e1rek pro n\u011bkoho bl\u00edzk\u00e9ho.<\/p>\n<p><strong>Pozn\u00e1mka:<\/strong> Pokud m\u00e1te konkr\u00e9tn\u00ed p\u0159\u00e1n\u00ed ohledn\u011b designu nebo barev, nev\u00e1hejte n\u00e1m to sd\u011blit. Ud\u011bl\u00e1me v\u0161e pro to, aby kl\u00ed\u010denka odpov\u00eddala p\u0159esn\u011b va\u0161im p\u0159edstav\u00e1m.<\/p>\n<p>Vyb\u00edrat m\u016f\u017eete z mnoha<a href=\"https:\/\/www.madnaughty.cz\/?page_id=631\">\u00a0barev vinyl\u016f<\/a> .<\/p>\n","protected":false},"excerpt":{"rendered":"<div class=\"woocommerce-product-details__short-description\">\n<p>Kl\u00ed\u010denka s vlastn\u00edm motivem a p\u0159\u00edv\u011bskem \u2665<\/p>\n<\/div>\n","protected":false},"featured_media":770,"comment_status":"open","ping_status":"closed","template":"","meta":[],"product_cat":[80,83],"product_tag":[109,113],"class_list":{"0":"post-265","1":"product","2":"type-product","3":"status-publish","4":"has-post-thumbnail","6":"product_cat-klicenky","7":"product_cat-vlastni","8":"product_tag-sarkasticke","9":"product_tag-vtipne","11":"first","12":"instock","13":"shipping-taxable","14":"purchasable","15":"product-type-simple"},"_links":{"self":[{"href":"http:\/\/www.madnaughty.cz\/index.php?rest_route=\/wp\/v2\/product\/265"}],"collection":[{"href":"http:\/\/www.madnaughty.cz\/index.php?rest_route=\/wp\/v2\/product"}],"about":[{"href":"http:\/\/www.madnaughty.cz\/index.php?rest_route=\/wp\/v2\/types\/product"}],"replies":[{"embeddable":true,"href":"http:\/\/www.madnaughty.cz\/index.php?rest_route=%2Fwp%2Fv2%2Fcomments&post=265"}],"wp:featuredmedia":[{"embeddable":true,"href":"http:\/\/www.madnaughty.cz\/index.php?rest_route=\/wp\/v2\/media\/770"}],"wp:attachment":[{"href":"http:\/\/www.madnaughty.cz\/index.php?rest_route=%2Fwp%2Fv2%2Fmedia&parent=265"}],"wp:term":[{"taxonomy":"product_cat","embeddable":true,"href":"http:\/\/www.madnaughty.cz\/index.php?rest_route=%2Fwp%2Fv2%2Fproduct_cat&post=265"},{"taxonomy":"product_tag","embeddable":true,"href":"http:\/\/www.madnaughty.cz\/index.php?rest_route=%2Fwp%2Fv2%2Fproduct_tag&post=265"}],"curies":[{"name":"wp","href":"https:\/\/api.w.org\/{rel}","templated":true}]}}