{"id":284,"date":"2024-08-05T08:10:00","date_gmt":"2024-08-05T06:10:00","guid":{"rendered":"https:\/\/www.madnaughty.cz\/?post_type=product&#038;p=284"},"modified":"2024-08-13T20:13:48","modified_gmt":"2024-08-13T18:13:48","slug":"svicka-ve-skle-love-candle-svetle-zelena","status":"publish","type":"product","link":"http:\/\/www.madnaughty.cz\/?product=svicka-ve-skle-love-candle-svetle-zelena","title":{"rendered":"Sv\u00ed\u010dka ve skle \u2013 LOVE candle \u2013 sv\u011btle zelen\u00e1"},"content":{"rendered":"<p>P\u0159ineste do sv\u00e9ho prostoru sv\u011b\u017eest a provokaci se sv\u011btle zelenou sv\u00ed\u010dkou s n\u00e1pisem \u201e<strong>When this candle is lit, let me suck your dick<\/strong>.\u201c Na druh\u00e9 stran\u011b sv\u00ed\u010dky se nach\u00e1z\u00ed stylov\u00fd n\u00e1pis \u201e<strong>Love candle<\/strong>\u201c z holografick\u00e9ho vinylu, kter\u00fd dod\u00e1v\u00e1 jemn\u00fd, ale modern\u00ed akcent. S v\u016fn\u00ed Morning Mist a dobou ho\u0159en\u00ed a\u017e 12 hodin je tato sv\u00ed\u010dka ide\u00e1ln\u00ed pro intimn\u00ed ve\u010dery pln\u00e9 v\u00e1\u0161n\u011b.<\/p>\n<ul>\n<li>Sv\u011btle zelen\u00e1 sklen\u011bn\u00e1 d\u00f3za s korkov\u00fdm uz\u00e1v\u011brem<\/li>\n<li>Doba ho\u0159en\u00ed a\u017e 12 hodin<\/li>\n<li>s v\u016fn\u00ed Morning Mist<\/li>\n<li>\u00d8 6 \u00d7 6 cm<\/li>\n<\/ul>\n<ul>\n<li style=\"list-style-type: none;\">\n<ul>\n<li style=\"list-style-type: none;\"><\/li>\n<\/ul>\n<\/li>\n<\/ul>\n","protected":false},"excerpt":{"rendered":"<div class=\"woocommerce-product-details__short-description\">\n<div class=\"woocommerce-product-details__short-description\">\n<div class=\"woocommerce-product-details__short-description\">\n<div class=\"woocommerce-product-details__short-description\">\n<p>U\u017e v\u00e1s nebav\u00ed sv\u00ed\u010dky, kter\u00e9 jen kr\u00e1sn\u011b von\u00ed? Chcete sv\u00ed\u010dku, kter\u00e1 je stejn\u011b nestydan\u00e1 jako Vy?<\/p>\n<\/div>\n<\/div>\n<\/div>\n<\/div>\n","protected":false},"featured_media":290,"comment_status":"open","ping_status":"closed","template":"","meta":[],"product_cat":[82],"product_tag":[108,112,113,103],"class_list":{"0":"post-284","1":"product","2":"type-product","3":"status-publish","4":"has-post-thumbnail","6":"product_cat-svicky","7":"product_tag-hanbate","8":"product_tag-valentyn","9":"product_tag-vtipne","10":"product_tag-z-lasky","12":"first","13":"instock","14":"shipping-taxable","15":"purchasable","16":"product-type-simple"},"_links":{"self":[{"href":"http:\/\/www.madnaughty.cz\/index.php?rest_route=\/wp\/v2\/product\/284"}],"collection":[{"href":"http:\/\/www.madnaughty.cz\/index.php?rest_route=\/wp\/v2\/product"}],"about":[{"href":"http:\/\/www.madnaughty.cz\/index.php?rest_route=\/wp\/v2\/types\/product"}],"replies":[{"embeddable":true,"href":"http:\/\/www.madnaughty.cz\/index.php?rest_route=%2Fwp%2Fv2%2Fcomments&post=284"}],"wp:featuredmedia":[{"embeddable":true,"href":"http:\/\/www.madnaughty.cz\/index.php?rest_route=\/wp\/v2\/media\/290"}],"wp:attachment":[{"href":"http:\/\/www.madnaughty.cz\/index.php?rest_route=%2Fwp%2Fv2%2Fmedia&parent=284"}],"wp:term":[{"taxonomy":"product_cat","embeddable":true,"href":"http:\/\/www.madnaughty.cz\/index.php?rest_route=%2Fwp%2Fv2%2Fproduct_cat&post=284"},{"taxonomy":"product_tag","embeddable":true,"href":"http:\/\/www.madnaughty.cz\/index.php?rest_route=%2Fwp%2Fv2%2Fproduct_tag&post=284"}],"curies":[{"name":"wp","href":"https:\/\/api.w.org\/{rel}","templated":true}]}}