{"id":386,"date":"2024-08-05T09:58:45","date_gmt":"2024-08-05T07:58:45","guid":{"rendered":"https:\/\/www.madnaughty.cz\/?post_type=product&#038;p=386"},"modified":"2024-08-14T09:14:13","modified_gmt":"2024-08-14T07:14:13","slug":"sklenicka-i-like-flowers-s-holografickym-polepem","status":"publish","type":"product","link":"http:\/\/www.madnaughty.cz\/?product=sklenicka-i-like-flowers-s-holografickym-polepem","title":{"rendered":"Skleni\u010dka \u2013 \u201cI like flowers\u201d s holografick\u00fdm polepem"},"content":{"rendered":"<p>P\u0159idejte do sv\u00e9ho \u017eivota trochu humoru a \u0161mrncu s na\u0161\u00ed skleni\u010dkou &#8222;I Like Flowers But I Prefer Orgasm&#8220;! S objemem 473 ml a designem ve tvaru plechovky je ide\u00e1ln\u00ed na studen\u00e9 n\u00e1poje \u2013 od osv\u011b\u017euj\u00edc\u00ed limon\u00e1dy po ledov\u00fd \u010daj nebo va\u0161e obl\u00edben\u00e9 koktejly.<\/p>\n<p>Tato skleni\u010dka je skv\u011bl\u00fdm zp\u016fsobem, jak vyj\u00e1d\u0159it sv\u016fj jedine\u010dn\u00fd smysl pro humor a z\u00e1rove\u0148 si u\u017e\u00edt pit\u00ed ve stylov\u00e9m balen\u00ed. Nezapome\u0148te ji um\u00fdt ru\u010dn\u011b, aby si dlouho uchovala sv\u016fj osobit\u00fd vzhled a vtipn\u00fd n\u00e1pis.<\/p>\n<p>Skleni\u010dka na studen\u00e9 n\u00e1poje BEER CAN s ru\u010dn\u011b lepen\u00fdm motivem.<br \/>\nObjem \u2013 473 ml<\/p>\n<p><strong>Skleni\u010dka nen\u00ed vhodn\u00e1 na hork\u00e9 n\u00e1poje ani do my\u010dky \u010di mikrovlnky.<br \/>\nMyt\u00ed pouze v ruce, neodmo\u010dujte.\u00a0<\/strong><\/p>\n","protected":false},"excerpt":{"rendered":"<p>Skleni\u010dka na studen\u00e9 n\u00e1poje BEER CAN s ru\u010dn\u011b lepen\u00fdm lascivn\u00edm motivem.<\/p>\n","protected":false},"featured_media":346,"comment_status":"open","ping_status":"closed","template":"","meta":[],"product_cat":[73],"product_tag":[108,109,112,103],"class_list":{"0":"post-386","1":"product","2":"type-product","3":"status-publish","4":"has-post-thumbnail","6":"product_cat-sklenicky","7":"product_tag-hanbate","8":"product_tag-sarkasticke","9":"product_tag-valentyn","10":"product_tag-z-lasky","12":"first","13":"instock","14":"shipping-taxable","15":"purchasable","16":"product-type-simple"},"_links":{"self":[{"href":"http:\/\/www.madnaughty.cz\/index.php?rest_route=\/wp\/v2\/product\/386"}],"collection":[{"href":"http:\/\/www.madnaughty.cz\/index.php?rest_route=\/wp\/v2\/product"}],"about":[{"href":"http:\/\/www.madnaughty.cz\/index.php?rest_route=\/wp\/v2\/types\/product"}],"replies":[{"embeddable":true,"href":"http:\/\/www.madnaughty.cz\/index.php?rest_route=%2Fwp%2Fv2%2Fcomments&post=386"}],"wp:featuredmedia":[{"embeddable":true,"href":"http:\/\/www.madnaughty.cz\/index.php?rest_route=\/wp\/v2\/media\/346"}],"wp:attachment":[{"href":"http:\/\/www.madnaughty.cz\/index.php?rest_route=%2Fwp%2Fv2%2Fmedia&parent=386"}],"wp:term":[{"taxonomy":"product_cat","embeddable":true,"href":"http:\/\/www.madnaughty.cz\/index.php?rest_route=%2Fwp%2Fv2%2Fproduct_cat&post=386"},{"taxonomy":"product_tag","embeddable":true,"href":"http:\/\/www.madnaughty.cz\/index.php?rest_route=%2Fwp%2Fv2%2Fproduct_tag&post=386"}],"curies":[{"name":"wp","href":"https:\/\/api.w.org\/{rel}","templated":true}]}}