{"id":391,"date":"2024-08-05T14:47:14","date_gmt":"2024-08-05T12:47:14","guid":{"rendered":"https:\/\/www.madnaughty.cz\/?post_type=product&#038;p=391"},"modified":"2024-08-14T13:19:21","modified_gmt":"2024-08-14T11:19:21","slug":"sklenice-s-bambusovym-vickem-a-brckem-naughty-girl","status":"publish","type":"product","link":"http:\/\/www.madnaughty.cz\/?product=sklenice-s-bambusovym-vickem-a-brckem-naughty-girl","title":{"rendered":"Sklenice s bambusov\u00fdm v\u00ed\u010dkem a br\u010dkem Naughty GIRL"},"content":{"rendered":"<p>P\u0159idejte do sv\u00e9ho pitn\u00e9ho re\u017eimu trochu odvahy a stylu s touto sklenic\u00ed \u201eNaughty GIRL\u201c. Tato origin\u00e1ln\u00ed skleni\u010dka na studen\u00e9 n\u00e1poje ve tvaru plechovky BEER CAN je zdobena ru\u010dn\u011b lepen\u00fdm motivem, kter\u00fd zaru\u010den\u011b upout\u00e1 pozornost.<\/p>\n<p><strong>Specifikace:<\/strong><\/p>\n<ul>\n<li><strong>Objem:<\/strong> 540 ml<\/li>\n<li><strong>Sou\u010d\u00e1st\u00ed balen\u00ed:<\/strong> Bambusov\u00e9 v\u00ed\u010dko a sklen\u011bn\u00e9 br\u010dko<\/li>\n<li><strong>Materi\u00e1l:<\/strong> Sklo s ru\u010dn\u011b lepen\u00fdm motivem<\/li>\n<\/ul>\n<p><strong>Pou\u017eit\u00ed:<\/strong> Ide\u00e1ln\u00ed na studen\u00e9 n\u00e1poje, kter\u00e9 si m\u016f\u017eete vychutnat s trochou drzosti. Skv\u011bl\u00e1 volba pro letn\u00ed osv\u011b\u017een\u00ed, dom\u00e1c\u00ed p\u00e1rty nebo jako stylov\u00fd d\u00e1rek.<\/p>\n<p><strong>P\u00e9\u010de o v\u00fdrobek:<\/strong><\/p>\n<ul>\n<li>Sklenice nen\u00ed vhodn\u00e1 na hork\u00e9 n\u00e1poje.<\/li>\n<li>Nen\u00ed vhodn\u00e1 do my\u010dky ani mikrovlnky.<\/li>\n<li>Doporu\u010dujeme myt\u00ed pouze v ruce, bez odm\u00e1\u010den\u00ed, aby se zachovala kvalita ru\u010dn\u011b lepen\u00e9ho motivu.<\/li>\n<\/ul>\n<p><strong>Pozn\u00e1mka:<\/strong> Tato skleni\u010dka kombinuje funk\u010dnost s odv\u00e1\u017en\u00fdm designem a je perfektn\u00edm dopl\u0148kem pro ka\u017edou \u201enaughty girl\u201c. Osv\u011b\u017ete sv\u016fj den se stylem!<\/p>\n","protected":false},"excerpt":{"rendered":"<p>Skleni\u010dka XL s bambusov\u00fdm v\u00ed\u010dkem a sklen\u011bn\u00fdm br\u010dkem<\/p>\n","protected":false},"featured_media":341,"comment_status":"open","ping_status":"closed","template":"","meta":[],"product_cat":[73],"product_tag":[109,112,103],"class_list":{"0":"post-391","1":"product","2":"type-product","3":"status-publish","4":"has-post-thumbnail","6":"product_cat-sklenicky","7":"product_tag-sarkasticke","8":"product_tag-valentyn","9":"product_tag-z-lasky","11":"first","12":"instock","13":"shipping-taxable","14":"purchasable","15":"product-type-simple"},"_links":{"self":[{"href":"http:\/\/www.madnaughty.cz\/index.php?rest_route=\/wp\/v2\/product\/391"}],"collection":[{"href":"http:\/\/www.madnaughty.cz\/index.php?rest_route=\/wp\/v2\/product"}],"about":[{"href":"http:\/\/www.madnaughty.cz\/index.php?rest_route=\/wp\/v2\/types\/product"}],"replies":[{"embeddable":true,"href":"http:\/\/www.madnaughty.cz\/index.php?rest_route=%2Fwp%2Fv2%2Fcomments&post=391"}],"wp:featuredmedia":[{"embeddable":true,"href":"http:\/\/www.madnaughty.cz\/index.php?rest_route=\/wp\/v2\/media\/341"}],"wp:attachment":[{"href":"http:\/\/www.madnaughty.cz\/index.php?rest_route=%2Fwp%2Fv2%2Fmedia&parent=391"}],"wp:term":[{"taxonomy":"product_cat","embeddable":true,"href":"http:\/\/www.madnaughty.cz\/index.php?rest_route=%2Fwp%2Fv2%2Fproduct_cat&post=391"},{"taxonomy":"product_tag","embeddable":true,"href":"http:\/\/www.madnaughty.cz\/index.php?rest_route=%2Fwp%2Fv2%2Fproduct_tag&post=391"}],"curies":[{"name":"wp","href":"https:\/\/api.w.org\/{rel}","templated":true}]}}