{"id":394,"date":"2024-08-05T14:51:10","date_gmt":"2024-08-05T12:51:10","guid":{"rendered":"https:\/\/www.madnaughty.cz\/?post_type=product&#038;p=394"},"modified":"2024-08-08T09:11:44","modified_gmt":"2024-08-08T07:11:44","slug":"sklenicka-your-face-is-chic","status":"publish","type":"product","link":"http:\/\/www.madnaughty.cz\/?product=sklenicka-your-face-is-chic","title":{"rendered":"Skleni\u010dka &#8211; Your face is Chic"},"content":{"rendered":"<blockquote><p>&#8222;Your face is Chic but I love your Dick !<\/p><\/blockquote>\n<p>Skleni\u010dka na studen\u00e9 n\u00e1poje BEER CAN zelen\u00e1 s ru\u010dn\u011b lepen\u00fdm motivem.<\/p>\n<p><em><strong>S bambusov\u00fdm v\u00ed\u010dkem a sklen\u011bn\u00fdm br\u010dkem.\u00a0<\/strong><\/em><\/p>\n<p><strong>Skleni\u010dka nen\u00ed vhodn\u00e1 na hork\u00e9 n\u00e1poje ani do my\u010dky \u010di mikrovlnky.<br \/>\nMyt\u00ed pouze v ruce, neodmo\u010dujte.\u00a0<\/strong><\/p>\n<p><strong>Objem sklenice\u00a0je 380 ml<\/strong><\/p>\n","protected":false},"excerpt":{"rendered":"<p>Skleni\u010dka velikost M s bambusov\u00fdm v\u00ed\u010dkem a sklen\u011bn\u00fdm br\u010dkem<\/p>\n","protected":false},"featured_media":344,"comment_status":"open","ping_status":"closed","template":"","meta":[],"product_cat":[73],"product_tag":[108,112,103],"class_list":{"0":"post-394","1":"product","2":"type-product","3":"status-publish","4":"has-post-thumbnail","6":"product_cat-sklenicky","7":"product_tag-hanbate","8":"product_tag-valentyn","9":"product_tag-z-lasky","11":"first","12":"instock","13":"shipping-taxable","14":"purchasable","15":"product-type-simple"},"_links":{"self":[{"href":"http:\/\/www.madnaughty.cz\/index.php?rest_route=\/wp\/v2\/product\/394"}],"collection":[{"href":"http:\/\/www.madnaughty.cz\/index.php?rest_route=\/wp\/v2\/product"}],"about":[{"href":"http:\/\/www.madnaughty.cz\/index.php?rest_route=\/wp\/v2\/types\/product"}],"replies":[{"embeddable":true,"href":"http:\/\/www.madnaughty.cz\/index.php?rest_route=%2Fwp%2Fv2%2Fcomments&post=394"}],"wp:featuredmedia":[{"embeddable":true,"href":"http:\/\/www.madnaughty.cz\/index.php?rest_route=\/wp\/v2\/media\/344"}],"wp:attachment":[{"href":"http:\/\/www.madnaughty.cz\/index.php?rest_route=%2Fwp%2Fv2%2Fmedia&parent=394"}],"wp:term":[{"taxonomy":"product_cat","embeddable":true,"href":"http:\/\/www.madnaughty.cz\/index.php?rest_route=%2Fwp%2Fv2%2Fproduct_cat&post=394"},{"taxonomy":"product_tag","embeddable":true,"href":"http:\/\/www.madnaughty.cz\/index.php?rest_route=%2Fwp%2Fv2%2Fproduct_tag&post=394"}],"curies":[{"name":"wp","href":"https:\/\/api.w.org\/{rel}","templated":true}]}}