{"id":395,"date":"2024-08-05T14:52:42","date_gmt":"2024-08-05T12:52:42","guid":{"rendered":"https:\/\/www.madnaughty.cz\/?post_type=product&#038;p=395"},"modified":"2024-08-14T13:20:30","modified_gmt":"2024-08-14T11:20:30","slug":"sklenicka-dog-mama","status":"publish","type":"product","link":"http:\/\/www.madnaughty.cz\/?product=sklenicka-dog-mama","title":{"rendered":"Skleni\u010dka &#8211; Dog Mama"},"content":{"rendered":"<p>Pro v\u0161echny hrd\u00e9 pejska\u0159ky! Tato stylov\u00e1 skleni\u010dka \u201eDog Mama \u2665\u201c ve tvaru plechovky BEER CAN je ide\u00e1ln\u00edm zp\u016fsobem, jak si vychutnat sv\u00e9 obl\u00edben\u00e9 studen\u00e9 n\u00e1poje s dotekem l\u00e1sky k va\u0161emu chlupat\u00e9mu p\u0159\u00edteli. Ru\u010dn\u011b lepen\u00fd motiv dod\u00e1v\u00e1 sklenici jedine\u010dn\u00fd a osobn\u00ed n\u00e1dech.<\/p>\n<p><strong>Specifikace:<\/strong><\/p>\n<ul>\n<li><strong>Objem:<\/strong> 380 ml<\/li>\n<li><strong>Sou\u010d\u00e1st\u00ed balen\u00ed:<\/strong> Bambusov\u00e9 v\u00ed\u010dko a sklen\u011bn\u00e9 br\u010dko<\/li>\n<li><strong>Materi\u00e1l:<\/strong> Sklo s ru\u010dn\u011b lepen\u00fdm motivem<\/li>\n<\/ul>\n<p><strong>Pou\u017eit\u00ed:<\/strong> Skleni\u010dka je navr\u017eena pro studen\u00e9 n\u00e1poje, ide\u00e1ln\u00ed na ka\u017edodenn\u00ed osv\u011b\u017een\u00ed nebo jako stylov\u00fd dopln\u011bk do va\u0161\u00ed kuchyn\u011b.<\/p>\n<p><strong>P\u00e9\u010de o v\u00fdrobek:<\/strong><\/p>\n<ul>\n<li>Sklenice nen\u00ed vhodn\u00e1 na hork\u00e9 n\u00e1poje.<\/li>\n<li>Nen\u00ed vhodn\u00e1 do my\u010dky ani mikrovlnky.<\/li>\n<li>Doporu\u010dujeme myt\u00ed pouze v ruce, bez odm\u00e1\u010den\u00ed, aby se zachovala kvalita ru\u010dn\u011b lepen\u00e9ho motivu.<\/li>\n<\/ul>\n<p><strong>Pozn\u00e1mka:<\/strong> Sklenice \u201eDog Mama \u2665\u201c je perfektn\u00edm d\u00e1rkem pro v\u0161echny, kdo miluj\u00ed sv\u00e9 pejsky a cht\u011bj\u00ed to uk\u00e1zat stylov\u00fdm zp\u016fsobem. Dop\u0159ejte si chv\u00edle odpo\u010dinku s t\u00edmto unik\u00e1tn\u00edm dopl\u0148kem!<\/p>\n","protected":false},"excerpt":{"rendered":"<p>Skleni\u010dka velikost M s bambusov\u00fdm v\u00ed\u010dkem a sklen\u011bn\u00fdm br\u010dkem<\/p>\n","protected":false},"featured_media":340,"comment_status":"open","ping_status":"closed","template":"","meta":[],"product_cat":[73],"product_tag":[107],"class_list":{"0":"post-395","1":"product","2":"type-product","3":"status-publish","4":"has-post-thumbnail","6":"product_cat-sklenicky","7":"product_tag-dog","9":"first","10":"instock","11":"shipping-taxable","12":"purchasable","13":"product-type-simple"},"_links":{"self":[{"href":"http:\/\/www.madnaughty.cz\/index.php?rest_route=\/wp\/v2\/product\/395"}],"collection":[{"href":"http:\/\/www.madnaughty.cz\/index.php?rest_route=\/wp\/v2\/product"}],"about":[{"href":"http:\/\/www.madnaughty.cz\/index.php?rest_route=\/wp\/v2\/types\/product"}],"replies":[{"embeddable":true,"href":"http:\/\/www.madnaughty.cz\/index.php?rest_route=%2Fwp%2Fv2%2Fcomments&post=395"}],"wp:featuredmedia":[{"embeddable":true,"href":"http:\/\/www.madnaughty.cz\/index.php?rest_route=\/wp\/v2\/media\/340"}],"wp:attachment":[{"href":"http:\/\/www.madnaughty.cz\/index.php?rest_route=%2Fwp%2Fv2%2Fmedia&parent=395"}],"wp:term":[{"taxonomy":"product_cat","embeddable":true,"href":"http:\/\/www.madnaughty.cz\/index.php?rest_route=%2Fwp%2Fv2%2Fproduct_cat&post=395"},{"taxonomy":"product_tag","embeddable":true,"href":"http:\/\/www.madnaughty.cz\/index.php?rest_route=%2Fwp%2Fv2%2Fproduct_tag&post=395"}],"curies":[{"name":"wp","href":"https:\/\/api.w.org\/{rel}","templated":true}]}}