{"id":399,"date":"2024-08-05T15:00:05","date_gmt":"2024-08-05T13:00:05","guid":{"rendered":"https:\/\/www.madnaughty.cz\/?post_type=product&#038;p=399"},"modified":"2024-08-13T20:40:28","modified_gmt":"2024-08-13T18:40:28","slug":"lapac-slunce-peony-pivonky","status":"publish","type":"product","link":"http:\/\/www.madnaughty.cz\/?product=lapac-slunce-peony-pivonky","title":{"rendered":"Lapa\u010d slunce &#8211; Pivo\u0148ka v r\u016f\u017eov\u00e9m"},"content":{"rendered":"<p>P\u0159ineste do sv\u00e9ho prostoru jemnost a eleganci s t\u00edmto n\u00e1dhern\u00fdm lapa\u010dem slunce! S motivem pivo\u0148ky v kr\u00e1sn\u00e9m r\u016f\u017eov\u00e9m polepu, tento lapa\u010d slunce vytv\u00e1\u0159\u00ed elegantn\u00ed a sofistikovan\u00fd vzhled. S velikost\u00ed cca 15 x 12 cm je ide\u00e1ln\u00ed pro rozjasn\u011bn\u00ed ka\u017ed\u00e9ho okna a p\u0159in\u00e1\u0161en\u00ed romantick\u00e9ho n\u00e1dechu do va\u0161eho interi\u00e9ru.<\/p>\n<ul>\n<li><strong>Design<\/strong>: Motiv pivo\u0148ky v r\u016f\u017eov\u00e9m polepu pro elegantn\u00ed a romantick\u00fd vzhled<\/li>\n<li><strong>Velikost<\/strong>: cca 15 x 12 cm &#8211; jedn\u00e1 se o ru\u010dn\u00ed v\u00fdrobu, tak se lapa\u010de mohou ve velikosti li\u0161it cca +- 1cm<\/li>\n<li><strong>Materi\u00e1l<\/strong>: Kvalitn\u00ed a odoln\u00fd materi\u00e1l pro dlouhou \u017eivotnost<\/li>\n<li><strong>Funkce<\/strong>: Zachyt\u00e1v\u00e1 slune\u010dn\u00ed paprsky a vytv\u00e1\u0159\u00ed okouzluj\u00edc\u00ed duhov\u00e9 efekty<\/li>\n<\/ul>\n<p>Skv\u011bl\u00fd dopln\u011bk pro milovn\u00edky kv\u011btin a romantick\u00fdch detail\u016f, nebo jako kr\u00e1sn\u00fd d\u00e1rek pro ka\u017ed\u00e9ho, kdo ocen\u00ed kr\u00e1su a jemnost v dekorac\u00edch.<\/p>\n<p>Jak aplikovat:<br \/>\nOkno umyjte a osu\u0161te. Odlepte lapa\u010d od spodn\u00ed f\u00f3lie a um\u00edst\u011bte ho na okno, kam nej\u010dast\u011bji sv\u00edt\u00ed slunce. \u010c\u00edm v\u00edce slune\u010dn\u00edho sv\u011btla, t\u00edm intenzivn\u011bj\u0161\u00ed bude \u00fa\u010dinek. Lehce p\u0159itla\u010dte k oknu a ujist\u011bte se, \u017ee dr\u017e\u00ed. Pokud by se odlepoval, lehce navlh\u010dete sklo, na kter\u00fd jej lep\u00edte. Lapa\u010d jde pohodln\u011b p\u0159elepit z okna na okno &#8211; tak pokud se s jeho um\u00edst\u011bn\u00edm netref\u00edte na prvn\u00ed dobrou, d\u00e1 se to je\u0161t\u011b napravit. Lapa\u010d na oknech nezanech\u00e1v\u00e1 zbytky lepidla.<\/p>\n<p>&nbsp;<\/p>\n","protected":false},"excerpt":{"rendered":"<div class=\"woocommerce-product-details__short-description\">\n<p>Vytvo\u0159te si ve sv\u00e9m domov\u011b kr\u00e1snou duhu. Lapa\u010d slunce pro to bude ide\u00e1ln\u00ed volba.<\/p>\n<\/div>\n","protected":false},"featured_media":303,"comment_status":"open","ping_status":"closed","template":"","meta":[],"product_cat":[74],"product_tag":[115,104,112,103],"class_list":{"0":"post-399","1":"product","2":"type-product","3":"status-publish","4":"has-post-thumbnail","6":"product_cat-suncatchers","7":"product_tag-kvetiny","8":"product_tag-pro-maminky","9":"product_tag-valentyn","10":"product_tag-z-lasky","12":"first","13":"instock","14":"shipping-taxable","15":"purchasable","16":"product-type-simple"},"_links":{"self":[{"href":"http:\/\/www.madnaughty.cz\/index.php?rest_route=\/wp\/v2\/product\/399"}],"collection":[{"href":"http:\/\/www.madnaughty.cz\/index.php?rest_route=\/wp\/v2\/product"}],"about":[{"href":"http:\/\/www.madnaughty.cz\/index.php?rest_route=\/wp\/v2\/types\/product"}],"replies":[{"embeddable":true,"href":"http:\/\/www.madnaughty.cz\/index.php?rest_route=%2Fwp%2Fv2%2Fcomments&post=399"}],"wp:featuredmedia":[{"embeddable":true,"href":"http:\/\/www.madnaughty.cz\/index.php?rest_route=\/wp\/v2\/media\/303"}],"wp:attachment":[{"href":"http:\/\/www.madnaughty.cz\/index.php?rest_route=%2Fwp%2Fv2%2Fmedia&parent=399"}],"wp:term":[{"taxonomy":"product_cat","embeddable":true,"href":"http:\/\/www.madnaughty.cz\/index.php?rest_route=%2Fwp%2Fv2%2Fproduct_cat&post=399"},{"taxonomy":"product_tag","embeddable":true,"href":"http:\/\/www.madnaughty.cz\/index.php?rest_route=%2Fwp%2Fv2%2Fproduct_tag&post=399"}],"curies":[{"name":"wp","href":"https:\/\/api.w.org\/{rel}","templated":true}]}}