{"id":401,"date":"2024-08-05T15:01:00","date_gmt":"2024-08-05T13:01:00","guid":{"rendered":"https:\/\/www.madnaughty.cz\/?post_type=product&#038;p=401"},"modified":"2024-08-13T20:49:54","modified_gmt":"2024-08-13T18:49:54","slug":"lapac-slunce-ruze","status":"publish","type":"product","link":"http:\/\/www.madnaughty.cz\/?product=lapac-slunce-ruze","title":{"rendered":"Lapa\u010d slunce &#8211; R\u016f\u017ee pod kupol\u00ed"},"content":{"rendered":"<p>O\u017eivte sv\u016fj prostor elegantn\u00edm lapa\u010dem slunce s n\u00e1dhern\u00fdm motivem r\u016f\u017ee pod kupol\u00ed! Tento lapa\u010d slunce je dekorov\u00e1n holografick\u00fdm vinylov\u00fdm polepem, kter\u00fd m\u011bn\u00ed barvy p\u0159i pohledu z r\u016fzn\u00fdch \u00fahl\u016f, co\u017e p\u0159id\u00e1v\u00e1 do va\u0161eho interi\u00e9ru magick\u00fd a dynamick\u00fd efekt. S jemn\u00fdm designem a brilantn\u00edmi odlesky bude tento kousek p\u0159itahovat pozornost a p\u0159in\u00e1\u0161et do va\u0161eho domova kouzlo a romantiku.<\/p>\n<ul>\n<li><strong>Design<\/strong>: Okouzluj\u00edc\u00ed r\u016f\u017ee pod kupol\u00ed s holografick\u00fdm vinylov\u00fdm polepem pro prom\u011bnliv\u00e9 barevn\u00e9 efekty<\/li>\n<li><strong>Velikost<\/strong>: cca 21 x 16cm &#8211; jedn\u00e1 se o ru\u010dn\u00ed v\u00fdrobu, tak se lapa\u010de mohou ve velikosti li\u0161it cca +- 1cm<\/li>\n<li><strong>Materi\u00e1l<\/strong>: Vysoce kvalitn\u00ed holografick\u00fd vinyl pro fascinuj\u00edc\u00ed vizu\u00e1ln\u00ed efekty<\/li>\n<li><strong>Funkce<\/strong>: Zachyt\u00e1v\u00e1 slune\u010dn\u00ed paprsky a vytv\u00e1\u0159\u00ed kr\u00e1sn\u00e9, duhov\u00e9 odlesky, kter\u00e9 o\u017eiv\u00ed ka\u017ed\u00fd prostor<\/li>\n<\/ul>\n<p>Skv\u011bl\u00fd dopln\u011bk pro ty, kdo hledaj\u00ed elegantn\u00ed a magick\u00fd prvek do sv\u00e9ho domova, nebo jako kr\u00e1sn\u00fd d\u00e1rek pro milovn\u00edky romantick\u00fdch a kouzeln\u00fdch dekorac\u00ed!<\/p>\n<p><em>Jak aplikovat:<\/em><br \/>\nOkno umyjte a osu\u0161te. Odlepte lapa\u010d od spodn\u00ed f\u00f3lie a um\u00edst\u011bte ho na okno, kam nej\u010dast\u011bji sv\u00edt\u00ed slunce. \u010c\u00edm v\u00edce slune\u010dn\u00edho sv\u011btla, t\u00edm intenzivn\u011bj\u0161\u00ed bude \u00fa\u010dinek. Lehce p\u0159itla\u010dte k oknu a ujist\u011bte se, \u017ee dr\u017e\u00ed. Pokud by se odlepoval, lehce navlh\u010dete sklo, na kter\u00fd jej lep\u00edte. Lapa\u010d jde pohodln\u011b p\u0159elepit z okna na okno &#8211; tak pokud se s jeho um\u00edst\u011bn\u00edm netref\u00edte na prvn\u00ed dobrou, d\u00e1 se to je\u0161t\u011b napravit. Lapa\u010d na oknech nezanech\u00e1v\u00e1 zbytky lepidla.<\/p>\n<p>&nbsp;<\/p>\n","protected":false},"excerpt":{"rendered":"<div class=\"woocommerce-product-details__short-description\">\n<p>Vytvo\u0159te si ve sv\u00e9m domov\u011b kr\u00e1snou duhu. Lapa\u010d slunce pro to bude ide\u00e1ln\u00ed volba.<\/p>\n<\/div>\n","protected":false},"featured_media":304,"comment_status":"open","ping_status":"closed","template":"","meta":[],"product_cat":[74],"product_tag":[115,104,112,103],"class_list":{"0":"post-401","1":"product","2":"type-product","3":"status-publish","4":"has-post-thumbnail","6":"product_cat-suncatchers","7":"product_tag-kvetiny","8":"product_tag-pro-maminky","9":"product_tag-valentyn","10":"product_tag-z-lasky","12":"first","13":"instock","14":"shipping-taxable","15":"purchasable","16":"product-type-simple"},"_links":{"self":[{"href":"http:\/\/www.madnaughty.cz\/index.php?rest_route=\/wp\/v2\/product\/401"}],"collection":[{"href":"http:\/\/www.madnaughty.cz\/index.php?rest_route=\/wp\/v2\/product"}],"about":[{"href":"http:\/\/www.madnaughty.cz\/index.php?rest_route=\/wp\/v2\/types\/product"}],"replies":[{"embeddable":true,"href":"http:\/\/www.madnaughty.cz\/index.php?rest_route=%2Fwp%2Fv2%2Fcomments&post=401"}],"wp:featuredmedia":[{"embeddable":true,"href":"http:\/\/www.madnaughty.cz\/index.php?rest_route=\/wp\/v2\/media\/304"}],"wp:attachment":[{"href":"http:\/\/www.madnaughty.cz\/index.php?rest_route=%2Fwp%2Fv2%2Fmedia&parent=401"}],"wp:term":[{"taxonomy":"product_cat","embeddable":true,"href":"http:\/\/www.madnaughty.cz\/index.php?rest_route=%2Fwp%2Fv2%2Fproduct_cat&post=401"},{"taxonomy":"product_tag","embeddable":true,"href":"http:\/\/www.madnaughty.cz\/index.php?rest_route=%2Fwp%2Fv2%2Fproduct_tag&post=401"}],"curies":[{"name":"wp","href":"https:\/\/api.w.org\/{rel}","templated":true}]}}