{"id":403,"date":"2024-08-05T15:03:12","date_gmt":"2024-08-05T13:03:12","guid":{"rendered":"https:\/\/www.madnaughty.cz\/?post_type=product&#038;p=403"},"modified":"2024-08-13T20:41:51","modified_gmt":"2024-08-13T18:41:51","slug":"lapac-slunce-dog-mama","status":"publish","type":"product","link":"http:\/\/www.madnaughty.cz\/?product=lapac-slunce-dog-mama","title":{"rendered":"Lapa\u010d slunce \u2013 Dog MAMA"},"content":{"rendered":"<p>Oslavte svou l\u00e1sku k ps\u00edm p\u0159\u00e1tel\u016fm s t\u00edmto roztomil\u00fdm lapa\u010dem slunce! S motivem \u201eDog Mama\u201c je tento lapa\u010d slunce ide\u00e1ln\u00edm zp\u016fsobem, jak uk\u00e1zat svou n\u00e1klonnost ke \u010dty\u0159noh\u00fdm mil\u00e1\u010dk\u016fm.<\/p>\n<ul>\n<li><strong>Design<\/strong>: L\u00e1skypln\u00fd motiv \u201eDog Mama\u201c pro v\u0161echny milovn\u00edky ps\u016f<\/li>\n<li><strong>Velikost<\/strong>: cca 15x11cm &#8211; jedn\u00e1 se o ru\u010dn\u00ed v\u00fdrobu, tak se lapa\u010de mohou ve velikosti li\u0161it cca +- 1cm<\/li>\n<li><strong>Materi\u00e1l<\/strong>: Kvalitn\u00ed a odoln\u00fd materi\u00e1l zaji\u0161\u0165uj\u00edc\u00ed dlouhou \u017eivotnost<\/li>\n<li><strong>Funkce<\/strong>: Zachyt\u00e1v\u00e1 slune\u010dn\u00ed paprsky a p\u0159in\u00e1\u0161\u00ed do m\u00edstnosti kr\u00e1sn\u00e9 duhov\u00e9 efekty<\/li>\n<\/ul>\n<p>Perfektn\u00ed d\u00e1rek pro ka\u017ed\u00e9ho, kdo m\u00e1 ps\u00ed kamar\u00e1dy a r\u00e1d p\u0159id\u00e1v\u00e1 do sv\u00e9ho prostoru kousek osobn\u00ed radosti!<\/p>\n<p>Jak aplikovat:<br \/>\nOkno umyjte a osu\u0161te. Odlepte lapa\u010d od spodn\u00ed f\u00f3lie a um\u00edst\u011bte ho na okno, kam nej\u010dast\u011bji sv\u00edt\u00ed slunce. \u010c\u00edm v\u00edce slune\u010dn\u00edho sv\u011btla, t\u00edm intenzivn\u011bj\u0161\u00ed bude \u00fa\u010dinek. Lehce p\u0159itla\u010dte k oknu a ujist\u011bte se, \u017ee dr\u017e\u00ed. Pokud by se odlepoval, lehce navlh\u010dete sklo, na kter\u00fd jej lep\u00edte. Lapa\u010d jde pohodln\u011b p\u0159elepit z okna na okno &#8211; tak pokud se s jeho um\u00edst\u011bn\u00edm netref\u00edte na prvn\u00ed dobrou, d\u00e1 se to je\u0161t\u011b napravit. Lapa\u010d na oknech nezanech\u00e1v\u00e1 zbytky lepidla.<\/p>\n<p>&nbsp;<\/p>\n","protected":false},"excerpt":{"rendered":"<div class=\"woocommerce-product-details__short-description\">\n<p>Vytvo\u0159te si ve sv\u00e9m domov\u011b kr\u00e1snou duhu. Lapa\u010d slunce pro to bude ide\u00e1ln\u00ed volba.<\/p>\n<\/div>\n","protected":false},"featured_media":306,"comment_status":"open","ping_status":"closed","template":"","meta":[],"product_cat":[74],"product_tag":[107],"class_list":{"0":"post-403","1":"product","2":"type-product","3":"status-publish","4":"has-post-thumbnail","6":"product_cat-suncatchers","7":"product_tag-dog","9":"first","10":"instock","11":"shipping-taxable","12":"purchasable","13":"product-type-simple"},"_links":{"self":[{"href":"http:\/\/www.madnaughty.cz\/index.php?rest_route=\/wp\/v2\/product\/403"}],"collection":[{"href":"http:\/\/www.madnaughty.cz\/index.php?rest_route=\/wp\/v2\/product"}],"about":[{"href":"http:\/\/www.madnaughty.cz\/index.php?rest_route=\/wp\/v2\/types\/product"}],"replies":[{"embeddable":true,"href":"http:\/\/www.madnaughty.cz\/index.php?rest_route=%2Fwp%2Fv2%2Fcomments&post=403"}],"wp:featuredmedia":[{"embeddable":true,"href":"http:\/\/www.madnaughty.cz\/index.php?rest_route=\/wp\/v2\/media\/306"}],"wp:attachment":[{"href":"http:\/\/www.madnaughty.cz\/index.php?rest_route=%2Fwp%2Fv2%2Fmedia&parent=403"}],"wp:term":[{"taxonomy":"product_cat","embeddable":true,"href":"http:\/\/www.madnaughty.cz\/index.php?rest_route=%2Fwp%2Fv2%2Fproduct_cat&post=403"},{"taxonomy":"product_tag","embeddable":true,"href":"http:\/\/www.madnaughty.cz\/index.php?rest_route=%2Fwp%2Fv2%2Fproduct_tag&post=403"}],"curies":[{"name":"wp","href":"https:\/\/api.w.org\/{rel}","templated":true}]}}