{"id":404,"date":"2024-08-05T15:04:14","date_gmt":"2024-08-05T13:04:14","guid":{"rendered":"https:\/\/www.madnaughty.cz\/?post_type=product&#038;p=404"},"modified":"2024-08-13T20:25:25","modified_gmt":"2024-08-13T18:25:25","slug":"lapac-slunce-dungeons","status":"publish","type":"product","link":"http:\/\/www.madnaughty.cz\/?product=lapac-slunce-dungeons","title":{"rendered":"Lapa\u010d slunce \u2013 Dungeons"},"content":{"rendered":"<p>Oboha\u0165te sv\u016fj prostor o \u0161petku vzru\u0161en\u00ed a tajemstv\u00ed s t\u00edmto origin\u00e1ln\u00edm lapa\u010dem slunce! S odv\u00e1\u017en\u00fdm n\u00e1pisem \u201e<strong>I Play Dungeons, But Without the Dragons<\/strong>\u201c a obr\u00e1zkem pout, roub\u00edku a bi\u010d\u00edku, tento lapa\u010d slunce dod\u00e1 va\u0161emu interi\u00e9ru trochu provokace a smyslnosti. Jako \u201esun catcher\u201c zachycuje slune\u010dn\u00ed paprsky a vytv\u00e1\u0159\u00ed fascinuj\u00edc\u00ed duhov\u00e9 efekty, kter\u00e9 o\u017eiv\u00ed jak\u00fdkoli prostor.<\/p>\n<ul>\n<li><strong>Design<\/strong>: Provokativn\u00ed motiv pro unik\u00e1tn\u00ed a hrav\u00fd vzhled<\/li>\n<li><strong>Velikost<\/strong>: Cca 21&#215;16 cm &#8211; jedn\u00e1 se o ru\u010dn\u00ed v\u00fdrobu, tak se lapa\u010de mohou ve velikosti li\u0161it cca +- 1cm<\/li>\n<li><strong>Materi\u00e1l<\/strong>: Kvalitn\u00ed a odoln\u00fd materi\u00e1l pro dlouhou \u017eivotnost<\/li>\n<li><strong>Funkce<\/strong>: Rozptyluje slune\u010dn\u00ed paprsky a vytv\u00e1\u0159\u00ed okouzluj\u00edc\u00ed odlesky<\/li>\n<\/ul>\n<p>Skv\u011bl\u00e1 volba pro ty, kdo hledaj\u00ed netradi\u010dn\u00ed a z\u00e1bavn\u00fd dopln\u011bk, nebo jako origin\u00e1ln\u00ed d\u00e1rek s vtipem a \u0161mrncem.<\/p>\n<p>Jak aplikovat:<br \/>\nOkno umyjte a osu\u0161te. Odlepte lapa\u010d od spodn\u00ed f\u00f3lie a um\u00edst\u011bte ho na okno, kam nej\u010dast\u011bji sv\u00edt\u00ed slunce. \u010c\u00edm v\u00edce slune\u010dn\u00edho sv\u011btla, t\u00edm intenzivn\u011bj\u0161\u00ed bude \u00fa\u010dinek. Lehce p\u0159itla\u010dte k oknu a ujist\u011bte se, \u017ee dr\u017e\u00ed. Pokud by se odlepoval, lehce navlh\u010dete sklo, na kter\u00fd jej lep\u00edte. Lapa\u010d jde pohodln\u011b p\u0159elepit z okna na okno \u2013 tak pokud se s jeho um\u00edst\u011bn\u00edm netref\u00edte na prvn\u00ed dobrou, d\u00e1 se to je\u0161t\u011b napravit. Lapa\u010d na oknech nezanech\u00e1v\u00e1 zbytky lepidla.<\/p>\n<p>&nbsp;<\/p>\n","protected":false},"excerpt":{"rendered":"<div class=\"woocommerce-product-details__short-description\">\n<p>Vytvo\u0159te si ve sv\u00e9m domov\u011b kr\u00e1snou duhu. Lapa\u010d slunce pro to bude ide\u00e1ln\u00ed volba.<\/p>\n<\/div>\n","protected":false},"featured_media":301,"comment_status":"open","ping_status":"closed","template":"","meta":[],"product_cat":[74],"product_tag":[114,108,106,112,103],"class_list":{"0":"post-404","1":"product","2":"type-product","3":"status-publish","4":"has-post-thumbnail","6":"product_cat-suncatchers","7":"product_tag-bdsm","8":"product_tag-hanbate","9":"product_tag-pro-hrace","10":"product_tag-valentyn","11":"product_tag-z-lasky","13":"first","14":"instock","15":"shipping-taxable","16":"purchasable","17":"product-type-simple"},"_links":{"self":[{"href":"http:\/\/www.madnaughty.cz\/index.php?rest_route=\/wp\/v2\/product\/404"}],"collection":[{"href":"http:\/\/www.madnaughty.cz\/index.php?rest_route=\/wp\/v2\/product"}],"about":[{"href":"http:\/\/www.madnaughty.cz\/index.php?rest_route=\/wp\/v2\/types\/product"}],"replies":[{"embeddable":true,"href":"http:\/\/www.madnaughty.cz\/index.php?rest_route=%2Fwp%2Fv2%2Fcomments&post=404"}],"wp:featuredmedia":[{"embeddable":true,"href":"http:\/\/www.madnaughty.cz\/index.php?rest_route=\/wp\/v2\/media\/301"}],"wp:attachment":[{"href":"http:\/\/www.madnaughty.cz\/index.php?rest_route=%2Fwp%2Fv2%2Fmedia&parent=404"}],"wp:term":[{"taxonomy":"product_cat","embeddable":true,"href":"http:\/\/www.madnaughty.cz\/index.php?rest_route=%2Fwp%2Fv2%2Fproduct_cat&post=404"},{"taxonomy":"product_tag","embeddable":true,"href":"http:\/\/www.madnaughty.cz\/index.php?rest_route=%2Fwp%2Fv2%2Fproduct_tag&post=404"}],"curies":[{"name":"wp","href":"https:\/\/api.w.org\/{rel}","templated":true}]}}