{"id":405,"date":"2024-08-05T15:06:53","date_gmt":"2024-08-05T13:06:53","guid":{"rendered":"https:\/\/www.madnaughty.cz\/?post_type=product&#038;p=405"},"modified":"2024-08-14T13:16:45","modified_gmt":"2024-08-14T11:16:45","slug":"klicenka-kolicek","status":"publish","type":"product","link":"http:\/\/www.madnaughty.cz\/?product=klicenka-kolicek","title":{"rendered":"Kl\u00ed\u010denka \u2013 Kol\u00ed\u010dek"},"content":{"rendered":"<p>Tato kl\u00ed\u010denka ve tvaru kol\u00ed\u010dku p\u0159in\u00e1\u0161\u00ed do va\u0161eho ka\u017edodenn\u00edho \u017eivota \u0161petku provokativn\u00edho \u0161armu. S lascivn\u00edm motivem a roztomilou ma\u0161li\u010dkou je perfektn\u00edm dopl\u0148kem pro v\u0161echny, kdo se neboj\u00ed vyj\u00e1d\u0159it sv\u016fj styl.<\/p>\n<p><strong>Specifikace:<\/strong><\/p>\n<ul>\n<li><strong>Motiv:<\/strong> Kol\u00ed\u010dek<\/li>\n<li><strong>Velikost:<\/strong> 6 \u00d7 4 cm<\/li>\n<li><strong>Materi\u00e1l:<\/strong> PLA<\/li>\n<li><strong>Design:<\/strong> Kl\u00ed\u010denka je ozdobena ma\u0161li\u010dkou, kter\u00e1 dod\u00e1v\u00e1 jej\u00ed vzhled hrav\u00fd a sv\u016fdn\u00fd n\u00e1dech \u2665<\/li>\n<\/ul>\n<p><strong>Pou\u017eit\u00ed:<\/strong> Ide\u00e1ln\u00ed jako p\u0159\u00edv\u011bsek na kl\u00ed\u010de, dekorace na batoh nebo stylov\u00fd dopln\u011bk do va\u0161\u00ed sb\u00edrky. Skv\u011bl\u00fd d\u00e1rek pro sebev\u011bdom\u00e9 a stylov\u00e9 osoby.<\/p>\n<p><strong>V\u00fdhody:<\/strong><\/p>\n<ul>\n<li><strong>Personalizace:<\/strong> Tato kl\u00ed\u010denka je dostupn\u00e1 v r\u016fzn\u00fdch barv\u00e1ch. Pokud byste cht\u011bli jinou barevnou kombinaci, sta\u010d\u00ed n\u00e1m to napsat do pozn\u00e1mky k objedn\u00e1vce a my se pokus\u00edme maxim\u00e1ln\u011b vyhov\u011bt va\u0161im p\u0159edstav\u00e1m.<\/li>\n<li><strong>Jedine\u010dn\u00fd design:<\/strong> D\u00edky 3D tisku je ka\u017ed\u00e1 kl\u00ed\u010denka detailn\u011b propracovan\u00e1 a origin\u00e1ln\u00ed.<\/li>\n<li><strong>Odolnost a snadn\u00e1 \u00fadr\u017eba:<\/strong> Vyrobeno z kvalitn\u00edho plastu, kter\u00fd zaji\u0161\u0165uje dlouhou \u017eivotnost a snadnou \u00fadr\u017ebu.<\/li>\n<\/ul>\n<p><strong>Pozn\u00e1mka:<\/strong> Upravte si kl\u00ed\u010denku podle sv\u00e9ho vkusu a vyberte si barvy, kter\u00e9 v\u00e1m nejl\u00e9pe vyhovuj\u00ed. Tento jedine\u010dn\u00fd dopln\u011bk si zamilujete vy i va\u0161i p\u0159\u00e1tel\u00e9!<\/p>\n","protected":false},"excerpt":{"rendered":"<p>Nesty\u010fte se a \u0159ekn\u011bte to kl\u00ed\u010denkou \u2665<\/p>\n","protected":false},"featured_media":295,"comment_status":"open","ping_status":"closed","template":"","meta":[],"product_cat":[80],"product_tag":[114,108,112,103],"class_list":{"0":"post-405","1":"product","2":"type-product","3":"status-publish","4":"has-post-thumbnail","6":"product_cat-klicenky","7":"product_tag-bdsm","8":"product_tag-hanbate","9":"product_tag-valentyn","10":"product_tag-z-lasky","12":"first","13":"instock","14":"shipping-taxable","15":"purchasable","16":"product-type-simple"},"_links":{"self":[{"href":"http:\/\/www.madnaughty.cz\/index.php?rest_route=\/wp\/v2\/product\/405"}],"collection":[{"href":"http:\/\/www.madnaughty.cz\/index.php?rest_route=\/wp\/v2\/product"}],"about":[{"href":"http:\/\/www.madnaughty.cz\/index.php?rest_route=\/wp\/v2\/types\/product"}],"replies":[{"embeddable":true,"href":"http:\/\/www.madnaughty.cz\/index.php?rest_route=%2Fwp%2Fv2%2Fcomments&post=405"}],"wp:featuredmedia":[{"embeddable":true,"href":"http:\/\/www.madnaughty.cz\/index.php?rest_route=\/wp\/v2\/media\/295"}],"wp:attachment":[{"href":"http:\/\/www.madnaughty.cz\/index.php?rest_route=%2Fwp%2Fv2%2Fmedia&parent=405"}],"wp:term":[{"taxonomy":"product_cat","embeddable":true,"href":"http:\/\/www.madnaughty.cz\/index.php?rest_route=%2Fwp%2Fv2%2Fproduct_cat&post=405"},{"taxonomy":"product_tag","embeddable":true,"href":"http:\/\/www.madnaughty.cz\/index.php?rest_route=%2Fwp%2Fv2%2Fproduct_tag&post=405"}],"curies":[{"name":"wp","href":"https:\/\/api.w.org\/{rel}","templated":true}]}}