{"id":406,"date":"2024-08-05T15:07:03","date_gmt":"2024-08-05T13:07:03","guid":{"rendered":"https:\/\/www.madnaughty.cz\/?post_type=product&#038;p=406"},"modified":"2024-08-14T13:17:51","modified_gmt":"2024-08-14T11:17:51","slug":"klicenka-placacka","status":"publish","type":"product","link":"http:\/\/www.madnaughty.cz\/?product=klicenka-placacka","title":{"rendered":"Kl\u00ed\u010denka \u2013 Pl\u00e1ca\u010dka"},"content":{"rendered":"<p>Tato kl\u00ed\u010denka ve tvaru pl\u00e1ca\u010dky dod\u00e1 va\u0161im kl\u00ed\u010d\u016fm jedine\u010dn\u00fd a lehce provokativn\u00ed vzhled. S lascivn\u00edm motivem a ma\u0161li\u010dkou je ide\u00e1ln\u00edm dopl\u0148kem pro ty, kte\u0159\u00ed se neboj\u00ed vyj\u00e1d\u0159it sv\u016fj osobit\u00fd styl.<\/p>\n<p><strong>Specifikace:<\/strong><\/p>\n<ul>\n<li><strong>Motiv:<\/strong> Pl\u00e1ca\u010dka<\/li>\n<li><strong>Velikost:<\/strong> 7 \u00d7 2,5 cm<\/li>\n<li><strong>Materi\u00e1l:<\/strong> PLA \u2013 kvalitn\u00ed plast z 3D tisk\u00e1rny<\/li>\n<li><strong>Design:<\/strong> Kl\u00ed\u010denka je dopln\u011bna ma\u0161li\u010dkou, kter\u00e1 podtrhuje jej\u00ed hrav\u00fd a sv\u016fdn\u00fd vzhled \u2665<\/li>\n<\/ul>\n<p><strong>Pou\u017eit\u00ed:<\/strong> Skv\u011bl\u00e9 jako p\u0159\u00edv\u011bsek na kl\u00ed\u010de, ozdoba na ta\u0161ku nebo batoh, nebo jako origin\u00e1ln\u00ed d\u00e1rek pro n\u011bkoho v\u00fdjime\u010dn\u00e9ho.<\/p>\n<p><strong>V\u00fdhody:<\/strong><\/p>\n<ul>\n<li><strong>Personalizace:<\/strong> Kl\u00ed\u010denku tiskneme v r\u016fzn\u00fdch barevn\u00fdch kombinac\u00edch. Pokud byste cht\u011bli jinou barevnou variantu, nev\u00e1hejte n\u00e1m napsat svou preferenci do pozn\u00e1mky k objedn\u00e1vce a my se v\u00e1m pokus\u00edme maxim\u00e1ln\u011b vyhov\u011bt.<\/li>\n<li><strong>Jedine\u010dn\u00fd design:<\/strong> Detailn\u011b propracovan\u00fd motiv pl\u00e1ca\u010dky, vyroben\u00fd pomoc\u00ed 3D tisku, zaji\u0161\u0165uje originalitu ka\u017ed\u00e9ho kusu.<\/li>\n<li><strong>Odolnost a udr\u017eitelnost:<\/strong> PLA plast je pevn\u00fd, lehk\u00fd a ekologicky \u0161etrn\u00fd materi\u00e1l, kter\u00fd se snadno udr\u017euje.<\/li>\n<\/ul>\n<p><strong>Pozn\u00e1mka:<\/strong> Upravte si kl\u00ed\u010denku podle sv\u00e9ho vkusu a vyberte si barevnou kombinaci, kter\u00e1 v\u00e1m nejl\u00e9pe vyhovuje. Tento jedine\u010dn\u00fd dopln\u011bk bude ozdobou va\u0161ich kl\u00ed\u010d\u016f a pot\u011b\u0161\u00ed ka\u017ed\u00e9ho, kdo m\u00e1 smysl pro humor a styl.<\/p>\n","protected":false},"excerpt":{"rendered":"<p>Nesty\u010fte se a \u0159ekn\u011bte to kl\u00ed\u010denkou \u2665<\/p>\n","protected":false},"featured_media":296,"comment_status":"open","ping_status":"closed","template":"","meta":[],"product_cat":[80],"product_tag":[114,108,112,103],"class_list":{"0":"post-406","1":"product","2":"type-product","3":"status-publish","4":"has-post-thumbnail","6":"product_cat-klicenky","7":"product_tag-bdsm","8":"product_tag-hanbate","9":"product_tag-valentyn","10":"product_tag-z-lasky","12":"first","13":"instock","14":"shipping-taxable","15":"purchasable","16":"product-type-simple"},"_links":{"self":[{"href":"http:\/\/www.madnaughty.cz\/index.php?rest_route=\/wp\/v2\/product\/406"}],"collection":[{"href":"http:\/\/www.madnaughty.cz\/index.php?rest_route=\/wp\/v2\/product"}],"about":[{"href":"http:\/\/www.madnaughty.cz\/index.php?rest_route=\/wp\/v2\/types\/product"}],"replies":[{"embeddable":true,"href":"http:\/\/www.madnaughty.cz\/index.php?rest_route=%2Fwp%2Fv2%2Fcomments&post=406"}],"wp:featuredmedia":[{"embeddable":true,"href":"http:\/\/www.madnaughty.cz\/index.php?rest_route=\/wp\/v2\/media\/296"}],"wp:attachment":[{"href":"http:\/\/www.madnaughty.cz\/index.php?rest_route=%2Fwp%2Fv2%2Fmedia&parent=406"}],"wp:term":[{"taxonomy":"product_cat","embeddable":true,"href":"http:\/\/www.madnaughty.cz\/index.php?rest_route=%2Fwp%2Fv2%2Fproduct_cat&post=406"},{"taxonomy":"product_tag","embeddable":true,"href":"http:\/\/www.madnaughty.cz\/index.php?rest_route=%2Fwp%2Fv2%2Fproduct_tag&post=406"}],"curies":[{"name":"wp","href":"https:\/\/api.w.org\/{rel}","templated":true}]}}