{"id":506,"date":"2024-08-06T09:54:55","date_gmt":"2024-08-06T07:54:55","guid":{"rendered":"https:\/\/www.madnaughty.cz\/?post_type=product&#038;p=506"},"modified":"2024-08-14T12:10:10","modified_gmt":"2024-08-14T10:10:10","slug":"tricko-good-girls-unisex-cerne","status":"publish","type":"product","link":"http:\/\/www.madnaughty.cz\/?product=tricko-good-girls-unisex-cerne","title":{"rendered":"Tri\u010dko \u2013 Good Girls \u2013 Unisex \u010cern\u00e9"},"content":{"rendered":"<div class=\"woocommerce-product-details__short-description\">\n<p>Zaz\u00e1\u0159ete s t\u00edmto \u010dern\u00fdm unisex tri\u010dkem, kter\u00e9 kombinuje vtipn\u00fd n\u00e1pis s odv\u00e1\u017en\u00fdm designem. S textem \u201eGood Girls Go to Heaven, Bad Girls Go Down\u201c p\u0159in\u00e1\u0161\u00edte do sv\u00e9ho stylu \u0161petku humoru a drzosti.<\/p>\n<p><strong>Materi\u00e1l:<\/strong> 100% bavlna pro maxim\u00e1ln\u00ed pohodl\u00ed a dlouhou \u017eivotnost.<\/p>\n<p><strong>Design:<\/strong> Modern\u00ed unisex st\u0159ih, kter\u00fd je dostupn\u00fd ve velikostech od S do 3XL, zaji\u0161\u0165uje, \u017ee tri\u010dko skv\u011ble padne ka\u017ed\u00e9mu. Tento v\u00fdrazn\u00fd design je ide\u00e1ln\u00ed pro ty, kdo cht\u011bj\u00ed uk\u00e1zat sv\u016fj smysl pro humor a sebev\u011bdom\u00ed.<\/p>\n<p><strong>Detaily:<\/strong><\/p>\n<ul>\n<li>Barva: \u010cern\u00e1<\/li>\n<li>Materi\u00e1l: 100% bavlna<\/li>\n<li>Typ: Unisex<\/li>\n<li>Velikosti: S \u2013 3XL<\/li>\n<\/ul>\n<p><strong>P\u00e9\u010de:<\/strong> Pran\u00ed na n\u00edzk\u00e9 teplot\u011b a \u017eehlit naruby pro zaji\u0161t\u011bn\u00ed dlouh\u00e9 \u017eivotnosti tri\u010dka.<\/p>\n<p>Toto tri\u010dko je perfektn\u00ed volbou pro v\u0161echny, kdo se r\u00e1di bav\u00ed a neboj\u00ed se uk\u00e1zat svou odv\u00e1\u017enou str\u00e1nku. Skv\u011bl\u00fd d\u00e1rek pro p\u0159\u00e1tele nebo pro v\u00e1s samotn\u00e9, pokud m\u00e1te r\u00e1di stylov\u00e9 a vtipn\u00e9 oble\u010den\u00ed!<\/p>\n<\/div>\n","protected":false},"excerpt":{"rendered":"<p>Zaz\u00e1\u0159ete s t\u00edmto \u010dern\u00fdm unisex tri\u010dkem, kter\u00e9 kombinuje vtipn\u00fd n\u00e1pis s odv\u00e1\u017en\u00fdm designem. S textem \u201eGood Girls Go to Heaven, Bad Girls Go Down\u201c p\u0159in\u00e1\u0161\u00edte do<span class=\"excerpt-hellip\"> [\u2026]<\/span><\/p>\n","protected":false},"featured_media":374,"comment_status":"open","ping_status":"closed","template":"","meta":[],"product_cat":[76],"product_tag":[114,108],"class_list":{"0":"post-506","1":"product","2":"type-product","3":"status-publish","4":"has-post-thumbnail","6":"product_cat-tricka","7":"product_tag-bdsm","8":"product_tag-hanbate","10":"first","11":"instock","12":"shipping-taxable","13":"purchasable","14":"product-type-variable"},"_links":{"self":[{"href":"http:\/\/www.madnaughty.cz\/index.php?rest_route=\/wp\/v2\/product\/506"}],"collection":[{"href":"http:\/\/www.madnaughty.cz\/index.php?rest_route=\/wp\/v2\/product"}],"about":[{"href":"http:\/\/www.madnaughty.cz\/index.php?rest_route=\/wp\/v2\/types\/product"}],"replies":[{"embeddable":true,"href":"http:\/\/www.madnaughty.cz\/index.php?rest_route=%2Fwp%2Fv2%2Fcomments&post=506"}],"wp:featuredmedia":[{"embeddable":true,"href":"http:\/\/www.madnaughty.cz\/index.php?rest_route=\/wp\/v2\/media\/374"}],"wp:attachment":[{"href":"http:\/\/www.madnaughty.cz\/index.php?rest_route=%2Fwp%2Fv2%2Fmedia&parent=506"}],"wp:term":[{"taxonomy":"product_cat","embeddable":true,"href":"http:\/\/www.madnaughty.cz\/index.php?rest_route=%2Fwp%2Fv2%2Fproduct_cat&post=506"},{"taxonomy":"product_tag","embeddable":true,"href":"http:\/\/www.madnaughty.cz\/index.php?rest_route=%2Fwp%2Fv2%2Fproduct_tag&post=506"}],"curies":[{"name":"wp","href":"https:\/\/api.w.org\/{rel}","templated":true}]}}