{"id":529,"date":"2024-08-06T10:03:15","date_gmt":"2024-08-06T08:03:15","guid":{"rendered":"https:\/\/www.madnaughty.cz\/?post_type=product&#038;p=529"},"modified":"2024-08-14T12:17:37","modified_gmt":"2024-08-14T10:17:37","slug":"tricko-yes-maam-unisex-bile","status":"publish","type":"product","link":"http:\/\/www.madnaughty.cz\/?product=tricko-yes-maam-unisex-bile","title":{"rendered":"Tri\u010dko \u2013 Yes Ma&#8217;am \u2013 Unisex B\u00edl\u00e9"},"content":{"rendered":"<div class=\"woocommerce-product-details__short-description\">\n<p>Uk\u00e1\u017ete svou oddanost a respekt s t\u00edmto b\u00edl\u00fdm unisex tri\u010dkem, kter\u00e9 p\u0159in\u00e1\u0161\u00ed jasn\u00fd vzkaz. S n\u00e1pisem<strong> \u201eThe Correct Answer Is: Yes Ma\u2019am!\u201c<\/strong> je ide\u00e1ln\u00edm kouskem pro v\u0161echny, kdo si cen\u00ed struktury a respektu v BDSM dynamice nebo v ka\u017edodenn\u00edm \u017eivot\u011b.<\/p>\n<p><strong>Materi\u00e1l:<\/strong> 100% bavlna pro pohodl\u00ed a prody\u0161nost. Ide\u00e1ln\u00ed pro ka\u017edodenn\u00ed no\u0161en\u00ed, stejn\u011b jako pro speci\u00e1ln\u00ed p\u0159\u00edle\u017eitosti.<\/p>\n<p><strong>Design:<\/strong> Modern\u00ed unisex st\u0159ih ve velikostech od S do 3XL. Tri\u010dko je navr\u017eeno tak, aby pohodln\u011b padlo ka\u017ed\u00e9mu, a jeho design je mo\u017en\u00e9 p\u0159izp\u016fsobit dle p\u0159\u00e1n\u00ed z\u00e1kazn\u00edka. M\u016f\u017eete si p\u0159izp\u016fsobit text nebo grafiku, aby tri\u010dko l\u00e9pe odpov\u00eddalo va\u0161im pot\u0159eb\u00e1m.<\/p>\n<p><strong>Detaily:<\/strong><\/p>\n<ul>\n<li>Barva: B\u00edl\u00e1<\/li>\n<li>Materi\u00e1l: 100% bavlna<\/li>\n<li>Typ: Unisex<\/li>\n<li>Velikosti: S \u2013 3XL<\/li>\n<li>Mo\u017enost p\u0159izp\u016fsoben\u00ed designu<\/li>\n<\/ul>\n<p><strong>P\u00e9\u010de:<\/strong> Pran\u00ed na n\u00edzk\u00e9 teplot\u011b a \u017eehlit naruby pro udr\u017een\u00ed kvalitn\u00edho vzhledu tri\u010dka.<\/p>\n<p>Toto tri\u010dko je skv\u011bl\u00fdm zp\u016fsobem, jak s humorem a gr\u00e1ci\u00ed vyj\u00e1d\u0159it respekt a oddanost. Ide\u00e1ln\u00ed d\u00e1rek pro sebe nebo pro n\u011bkoho, kdo ocen\u00ed vtipn\u00fd a osobit\u00fd p\u0159\u00edstup ke komunikaci a vztah\u016fm.<\/p>\n<\/div>\n","protected":false},"excerpt":{"rendered":"<p>Uk\u00e1\u017ete svou oddanost a respekt s t\u00edmto b\u00edl\u00fdm unisex tri\u010dkem, kter\u00e9 p\u0159in\u00e1\u0161\u00ed jasn\u00fd vzkaz. S n\u00e1pisem \u201eThe Correct Answer Is: Yes Ma\u2019am!\u201c je ide\u00e1ln\u00edm kouskem pro<span class=\"excerpt-hellip\"> [\u2026]<\/span><\/p>\n","protected":false},"featured_media":381,"comment_status":"open","ping_status":"closed","template":"","meta":[],"product_cat":[76],"product_tag":[114,108],"class_list":{"0":"post-529","1":"product","2":"type-product","3":"status-publish","4":"has-post-thumbnail","6":"product_cat-tricka","7":"product_tag-bdsm","8":"product_tag-hanbate","10":"first","11":"onbackorder","12":"shipping-taxable","13":"purchasable","14":"product-type-variable"},"_links":{"self":[{"href":"http:\/\/www.madnaughty.cz\/index.php?rest_route=\/wp\/v2\/product\/529"}],"collection":[{"href":"http:\/\/www.madnaughty.cz\/index.php?rest_route=\/wp\/v2\/product"}],"about":[{"href":"http:\/\/www.madnaughty.cz\/index.php?rest_route=\/wp\/v2\/types\/product"}],"replies":[{"embeddable":true,"href":"http:\/\/www.madnaughty.cz\/index.php?rest_route=%2Fwp%2Fv2%2Fcomments&post=529"}],"wp:featuredmedia":[{"embeddable":true,"href":"http:\/\/www.madnaughty.cz\/index.php?rest_route=\/wp\/v2\/media\/381"}],"wp:attachment":[{"href":"http:\/\/www.madnaughty.cz\/index.php?rest_route=%2Fwp%2Fv2%2Fmedia&parent=529"}],"wp:term":[{"taxonomy":"product_cat","embeddable":true,"href":"http:\/\/www.madnaughty.cz\/index.php?rest_route=%2Fwp%2Fv2%2Fproduct_cat&post=529"},{"taxonomy":"product_tag","embeddable":true,"href":"http:\/\/www.madnaughty.cz\/index.php?rest_route=%2Fwp%2Fv2%2Fproduct_tag&post=529"}],"curies":[{"name":"wp","href":"https:\/\/api.w.org\/{rel}","templated":true}]}}