{"id":542,"date":"2024-08-06T10:14:02","date_gmt":"2024-08-06T08:14:02","guid":{"rendered":"https:\/\/www.madnaughty.cz\/?post_type=product&#038;p=542"},"modified":"2024-08-14T12:50:32","modified_gmt":"2024-08-14T10:50:32","slug":"samolepka-vinylova-pull-my-hair-zlata","status":"publish","type":"product","link":"http:\/\/www.madnaughty.cz\/?product=samolepka-vinylova-pull-my-hair-zlata","title":{"rendered":"Samolepka vinylov\u00e1 \u2013 Pull my hair \u2013 Zlat\u00e1"},"content":{"rendered":"<p>P\u0159idejte na sv\u00e9 auto nebo jin\u00fd hladk\u00fd povrch \u0161petku humoru a stylu s na\u0161\u00ed vinylovou samolepkou<strong> \u201eIf You&#8217;re Gonna Ride My Ass, At Least Pull My Hair\u201c.<\/strong> Tato zlat\u00e1 samolepka je skv\u011bl\u00fdm zp\u016fsobem, jak uk\u00e1zat sv\u016fj jedine\u010dn\u00fd smysl pro humor a p\u0159it\u00e1hnout pozornost.<\/p>\n<p><strong>Specifikace:<\/strong><\/p>\n<ul>\n<li><strong>Motiv:<\/strong> \u201eIf You&#8217;re Gonna Ride My Ass, At Least Pull My Hair\u201c<\/li>\n<li><strong>Velikost:<\/strong> 28 x 5 cm<\/li>\n<li><strong>Barva:<\/strong> Zlat\u00e1<\/li>\n<li><strong>Materi\u00e1l:<\/strong> Samolep\u00edc\u00ed leskl\u00fd vinyl<\/li>\n<\/ul>\n<p><strong>Pou\u017eit\u00ed:<\/strong> Samolepka je vhodn\u00e1 pro aplikaci na hladk\u00e9 a leskl\u00e9 povrchy, jako jsou automobily, n\u00e1bytek, okna, v\u00fdlohy a dal\u0161\u00ed hladk\u00e9 plochy.<\/p>\n<p><strong>Trvanlivost:<\/strong> St\u0159edn\u011bdob\u00e1 f\u00f3lie s trvanlivost\u00ed 2-5 let. Odoln\u00e1 v\u016f\u010di pov\u011btrnostn\u00edm vliv\u016fm a ide\u00e1ln\u00ed pro dlouhodob\u00e9 pou\u017eit\u00ed.<\/p>\n<p><strong>Design:<\/strong> Samolepka nem\u00e1 \u017e\u00e1dn\u00e9 pozad\u00ed, co\u017e znamen\u00e1, \u017ee si vyberte barvu obr\u00e1zku, kter\u00e1 kontrastuje s barvou povrchu, na kter\u00fd ji lep\u00edte. Zlat\u00e1 samolepka je v\u00fdrazn\u00e1 a elegantn\u00ed na v\u011bt\u0161in\u011b povrch\u016f.<\/p>\n<p><strong>Pozn\u00e1mka:<\/strong> Pokud si p\u0159ejete samolepku v jin\u00e9 barv\u011b nebo m\u00e1te specifick\u00e9 po\u017eadavky, p\u0159ipi\u0161te n\u00e1m to do pozn\u00e1mky k objedn\u00e1vce. Vyr\u00e1b\u00edme samolepky na m\u00edru podle va\u0161ich p\u0159\u00e1n\u00ed.<\/p>\n<p>Rozjasn\u011bte sv\u016fj automobil nebo jin\u00fd prostor a p\u0159idejte kousek osobit\u00e9ho humoru s na\u0161\u00ed zlatou samolepkou \u201eIf You&#8217;re Gonna Ride My Ass, At Least Pull My Hair\u201c!<\/p>\n","protected":false},"excerpt":{"rendered":"<p>P\u0159idejte na sv\u00e9 auto nebo jin\u00fd hladk\u00fd povrch \u0161petku humoru a stylu s na\u0161\u00ed vinylovou samolepkou \u201eIf You&#8217;re Gonna Ride My Ass, At Least Pull My<span class=\"excerpt-hellip\"> [\u2026]<\/span><\/p>\n","protected":false},"featured_media":319,"comment_status":"open","ping_status":"closed","template":"","meta":[],"product_cat":[78],"product_tag":[108,109],"class_list":{"0":"post-542","1":"product","2":"type-product","3":"status-publish","4":"has-post-thumbnail","6":"product_cat-samolepky-venkovni","7":"product_tag-hanbate","8":"product_tag-sarkasticke","10":"first","11":"instock","12":"shipping-taxable","13":"purchasable","14":"product-type-simple"},"_links":{"self":[{"href":"http:\/\/www.madnaughty.cz\/index.php?rest_route=\/wp\/v2\/product\/542"}],"collection":[{"href":"http:\/\/www.madnaughty.cz\/index.php?rest_route=\/wp\/v2\/product"}],"about":[{"href":"http:\/\/www.madnaughty.cz\/index.php?rest_route=\/wp\/v2\/types\/product"}],"replies":[{"embeddable":true,"href":"http:\/\/www.madnaughty.cz\/index.php?rest_route=%2Fwp%2Fv2%2Fcomments&post=542"}],"wp:featuredmedia":[{"embeddable":true,"href":"http:\/\/www.madnaughty.cz\/index.php?rest_route=\/wp\/v2\/media\/319"}],"wp:attachment":[{"href":"http:\/\/www.madnaughty.cz\/index.php?rest_route=%2Fwp%2Fv2%2Fmedia&parent=542"}],"wp:term":[{"taxonomy":"product_cat","embeddable":true,"href":"http:\/\/www.madnaughty.cz\/index.php?rest_route=%2Fwp%2Fv2%2Fproduct_cat&post=542"},{"taxonomy":"product_tag","embeddable":true,"href":"http:\/\/www.madnaughty.cz\/index.php?rest_route=%2Fwp%2Fv2%2Fproduct_tag&post=542"}],"curies":[{"name":"wp","href":"https:\/\/api.w.org\/{rel}","templated":true}]}}