{"id":544,"date":"2024-08-06T10:18:06","date_gmt":"2024-08-06T08:18:06","guid":{"rendered":"https:\/\/www.madnaughty.cz\/?post_type=product&#038;p=544"},"modified":"2024-08-14T12:44:33","modified_gmt":"2024-08-14T10:44:33","slug":"samolepka-vinylova-explicit-content-holograficka","status":"publish","type":"product","link":"http:\/\/www.madnaughty.cz\/?product=samolepka-vinylova-explicit-content-holograficka","title":{"rendered":"Samolepka vinylov\u00e1 \u2013 Explicit Content \u2013 Holografick\u00e1"},"content":{"rendered":"<p>P\u0159idejte na sv\u00e9 auto nebo jin\u00fd hladk\u00fd povrch v\u00fdrazn\u00fd a origin\u00e1ln\u00ed prvek s na\u0161\u00ed holografickou samolepkou \u201eExplicit Content\u201c. Tato samolepka se skv\u011bl\u00fdm holografick\u00fdm efektem je ide\u00e1ln\u00ed pro ty, kte\u0159\u00ed cht\u011bj\u00ed vyj\u00e1d\u0159it sv\u016fj osobn\u00ed styl a upoutat pozornost.<\/p>\n<p><strong>Specifikace:<\/strong><\/p>\n<ul>\n<li><strong>Motiv:<\/strong> \u201eExplicit Content\u201c<\/li>\n<li><strong>Velikost:<\/strong> 14 x 9 cm<\/li>\n<li><strong>Materi\u00e1l:<\/strong> Samolep\u00edc\u00ed leskl\u00fd vinyl s holografick\u00fdm efektem<\/li>\n<\/ul>\n<p><strong>Pou\u017eit\u00ed:<\/strong> Samolepka je vhodn\u00e1 pro dekoraci vnit\u0159n\u00edch i venkovn\u00edch hladk\u00fdch povrch\u016f, v\u010detn\u011b automobil\u016f, n\u00e1bytku, oken a v\u00fdloh. Lze ji aplikovat na jak\u00e9koliv hladk\u00e9 a leskl\u00e9 povrchy.<\/p>\n<p><strong>Trvanlivost:<\/strong> St\u0159edn\u011bdob\u00e1 f\u00f3lie s trvanlivost\u00ed 2-5 let, odoln\u00e1 v\u016f\u010di pov\u011btrnostn\u00edm vliv\u016fm a ide\u00e1ln\u00ed pro dlouhodob\u00e9 pou\u017eit\u00ed.<\/p>\n<p><strong>Design:<\/strong> Samolepka nem\u00e1 \u017e\u00e1dn\u00e9 pozad\u00ed, tak\u017ee vyb\u00edrejte barvu obr\u00e1zku, kter\u00e1 kontrastuje s barvou povrchu, na kter\u00fd ji lep\u00edte. Nap\u0159\u00edklad na \u010dern\u00e9 auto doporu\u010dujeme b\u00edlou samolepku, na b\u00edl\u00e9 auto \u010dernou samolepku.<\/p>\n<p><strong>Pozn\u00e1mka:<\/strong> Pokud si p\u0159ejete samolepku v jin\u00e9 barv\u011b nebo m\u00e1te specifick\u00e9 po\u017eadavky, p\u0159ipi\u0161te n\u00e1m to do pozn\u00e1mky k objedn\u00e1vce. Vyr\u00e1b\u00edme samolepky na m\u00edru podle va\u0161ich p\u0159\u00e1n\u00ed.<\/p>\n<p>Uka\u017ete sv\u016fj styl a nebojte se b\u00fdt v\u00fdrazn\u00ed s na\u0161\u00ed holografickou samolepkou \u201eExplicit Content\u201c!<\/p>\n","protected":false},"excerpt":{"rendered":"<p>P\u0159idejte na sv\u00e9 auto nebo jin\u00fd hladk\u00fd povrch v\u00fdrazn\u00fd a origin\u00e1ln\u00ed prvek s na\u0161\u00ed holografickou samolepkou \u201eExplicit Content\u201c. Tato samolepka se skv\u011bl\u00fdm holografick\u00fdm efektem je ide\u00e1ln\u00ed<span class=\"excerpt-hellip\"> [\u2026]<\/span><\/p>\n","protected":false},"featured_media":312,"comment_status":"open","ping_status":"closed","template":"","meta":[],"product_cat":[78],"product_tag":[108],"class_list":{"0":"post-544","1":"product","2":"type-product","3":"status-publish","4":"has-post-thumbnail","6":"product_cat-samolepky-venkovni","7":"product_tag-hanbate","9":"first","10":"instock","11":"shipping-taxable","12":"purchasable","13":"product-type-simple"},"_links":{"self":[{"href":"http:\/\/www.madnaughty.cz\/index.php?rest_route=\/wp\/v2\/product\/544"}],"collection":[{"href":"http:\/\/www.madnaughty.cz\/index.php?rest_route=\/wp\/v2\/product"}],"about":[{"href":"http:\/\/www.madnaughty.cz\/index.php?rest_route=\/wp\/v2\/types\/product"}],"replies":[{"embeddable":true,"href":"http:\/\/www.madnaughty.cz\/index.php?rest_route=%2Fwp%2Fv2%2Fcomments&post=544"}],"wp:featuredmedia":[{"embeddable":true,"href":"http:\/\/www.madnaughty.cz\/index.php?rest_route=\/wp\/v2\/media\/312"}],"wp:attachment":[{"href":"http:\/\/www.madnaughty.cz\/index.php?rest_route=%2Fwp%2Fv2%2Fmedia&parent=544"}],"wp:term":[{"taxonomy":"product_cat","embeddable":true,"href":"http:\/\/www.madnaughty.cz\/index.php?rest_route=%2Fwp%2Fv2%2Fproduct_cat&post=544"},{"taxonomy":"product_tag","embeddable":true,"href":"http:\/\/www.madnaughty.cz\/index.php?rest_route=%2Fwp%2Fv2%2Fproduct_tag&post=544"}],"curies":[{"name":"wp","href":"https:\/\/api.w.org\/{rel}","templated":true}]}}