{"id":547,"date":"2024-08-06T10:22:40","date_gmt":"2024-08-06T08:22:40","guid":{"rendered":"https:\/\/www.madnaughty.cz\/?post_type=product&#038;p=547"},"modified":"2024-08-14T12:45:48","modified_gmt":"2024-08-14T10:45:48","slug":"samolepka-vinylova-happy-dog-holograficka","status":"publish","type":"product","link":"http:\/\/www.madnaughty.cz\/?product=samolepka-vinylova-happy-dog-holograficka","title":{"rendered":"Samolepka vinylov\u00e1 \u2013 HAPPY DOG \u2013 Holografick\u00e1"},"content":{"rendered":"<p>Vdechn\u011bte sv\u00e9mu autu nebo jin\u00e9mu povrchu radost a styl s na\u0161\u00ed holografickou samolepkou \u201eHAPPY DOG\u201c. Tato vesel\u00e1 samolepka s holografick\u00fdm efektem je perfektn\u00ed pro milovn\u00edky ps\u016f, kte\u0159\u00ed cht\u011bj\u00ed uk\u00e1zat svou l\u00e1sku k \u010dty\u0159noh\u00fdm p\u0159\u00e1tel\u016fm.<\/p>\n<p><strong>Specifikace:<\/strong><\/p>\n<ul>\n<li><strong>Motiv:<\/strong> \u201eHAPPY DOG\u201c<\/li>\n<li><strong>Velikost: <\/strong>\u00a020 x 11 cm<\/li>\n<li><strong>Materi\u00e1l:<\/strong> Samolep\u00edc\u00ed leskl\u00fd vinyl s holografick\u00fdm efektem<\/li>\n<\/ul>\n<p><strong>Pou\u017eit\u00ed:<\/strong> Samolepka je vhodn\u00e1 pro dekoraci jak vnit\u0159n\u00edch, tak venkovn\u00edch hladk\u00fdch povrch\u016f. Ide\u00e1ln\u00ed pro automobily, n\u00e1bytek, okna, v\u00fdlohy a dal\u0161\u00ed hladk\u00e9 a leskl\u00e9 povrchy.<\/p>\n<p><strong>Trvanlivost:<\/strong> St\u0159edn\u011bdob\u00e1 f\u00f3lie s trvanlivost\u00ed 2-5 let, odoln\u00e1 v\u016f\u010di pov\u011btrnostn\u00edm vliv\u016fm a vhodn\u00e1 pro dlouhodob\u00e9 pou\u017eit\u00ed.<\/p>\n<p><strong>Design:<\/strong> Samolepka nem\u00e1 \u017e\u00e1dn\u00e9 pozad\u00ed, co\u017e znamen\u00e1, \u017ee barva obr\u00e1zku by m\u011bla kontrastovat s barvou povrchu, na kter\u00fd ji lep\u00edte. Nap\u0159\u00edklad na \u010dern\u00e9 auto doporu\u010dujeme b\u00edlou samolepku, na b\u00edl\u00e9 auto \u010dernou samolepku.<\/p>\n<p><strong>Pozn\u00e1mka:<\/strong> Pokud si p\u0159ejete samolepku v jin\u00e9 barv\u011b nebo m\u00e1te specifick\u00e9 po\u017eadavky, p\u0159ipi\u0161te n\u00e1m to do pozn\u00e1mky k objedn\u00e1vce. Vyr\u00e1b\u00edme samolepky na m\u00edru podle va\u0161ich p\u0159\u00e1n\u00ed.<\/p>\n<p>Rozjasn\u011bte sv\u016fj prostor nebo automobil a p\u0159idejte kousek radosti s na\u0161\u00ed holografickou samolepkou \u201eHAPPY DOG\u201c!<\/p>\n","protected":false},"excerpt":{"rendered":"<p>Vdechn\u011bte sv\u00e9mu autu nebo jin\u00e9mu povrchu radost a styl s na\u0161\u00ed holografickou samolepkou \u201eHAPPY DOG\u201c. Tato vesel\u00e1 samolepka s holografick\u00fdm efektem je perfektn\u00ed pro milovn\u00edky ps\u016f,<span class=\"excerpt-hellip\"> [\u2026]<\/span><\/p>\n","protected":false},"featured_media":310,"comment_status":"open","ping_status":"closed","template":"","meta":[],"product_cat":[78],"product_tag":[107],"class_list":{"0":"post-547","1":"product","2":"type-product","3":"status-publish","4":"has-post-thumbnail","6":"product_cat-samolepky-venkovni","7":"product_tag-dog","9":"first","10":"instock","11":"shipping-taxable","12":"purchasable","13":"product-type-simple"},"_links":{"self":[{"href":"http:\/\/www.madnaughty.cz\/index.php?rest_route=\/wp\/v2\/product\/547"}],"collection":[{"href":"http:\/\/www.madnaughty.cz\/index.php?rest_route=\/wp\/v2\/product"}],"about":[{"href":"http:\/\/www.madnaughty.cz\/index.php?rest_route=\/wp\/v2\/types\/product"}],"replies":[{"embeddable":true,"href":"http:\/\/www.madnaughty.cz\/index.php?rest_route=%2Fwp%2Fv2%2Fcomments&post=547"}],"wp:featuredmedia":[{"embeddable":true,"href":"http:\/\/www.madnaughty.cz\/index.php?rest_route=\/wp\/v2\/media\/310"}],"wp:attachment":[{"href":"http:\/\/www.madnaughty.cz\/index.php?rest_route=%2Fwp%2Fv2%2Fmedia&parent=547"}],"wp:term":[{"taxonomy":"product_cat","embeddable":true,"href":"http:\/\/www.madnaughty.cz\/index.php?rest_route=%2Fwp%2Fv2%2Fproduct_cat&post=547"},{"taxonomy":"product_tag","embeddable":true,"href":"http:\/\/www.madnaughty.cz\/index.php?rest_route=%2Fwp%2Fv2%2Fproduct_tag&post=547"}],"curies":[{"name":"wp","href":"https:\/\/api.w.org\/{rel}","templated":true}]}}