{"id":548,"date":"2024-08-06T10:24:14","date_gmt":"2024-08-06T08:24:14","guid":{"rendered":"https:\/\/www.madnaughty.cz\/?post_type=product&#038;p=548"},"modified":"2024-08-14T12:38:56","modified_gmt":"2024-08-14T10:38:56","slug":"samolepka-vinylova-dogo-argentino-holograficka","status":"publish","type":"product","link":"http:\/\/www.madnaughty.cz\/?product=samolepka-vinylova-dogo-argentino-holograficka","title":{"rendered":"Samolepka vinylov\u00e1 \u2013 Dogo Argentino \u2013 Holografick\u00e1"},"content":{"rendered":"<p>Origin\u00e1ln\u00ed samolepka pro milovn\u00edky argentinsk\u00fdch dog nab\u00edz\u00edme tuto origin\u00e1ln\u00ed vinylovou samolepku, kter\u00e1 je ide\u00e1ln\u00ed pro zdoben\u00ed interi\u00e9ru i exteri\u00e9ru. Perfektn\u00ed pro automobil, notebook, okna a dal\u0161\u00ed hladk\u00e9 povrchy, kde chcete uk\u00e1zat svou v\u00e1\u0161e\u0148 pro tuto impozantn\u00ed rasu.<\/p>\n<p><strong>Specifikace:<\/strong><\/p>\n<ul>\n<li><strong>Motiv:<\/strong> Dogo argentino &#8211; Dog like a boss<\/li>\n<li><strong>Velikost:<\/strong> 16 x 9 cm<\/li>\n<li><strong>Materi\u00e1l:<\/strong> Samolep\u00edc\u00ed leskl\u00fd vinyl<\/li>\n<\/ul>\n<p><strong>Pou\u017eit\u00ed:<\/strong> Tato samolepka je navr\u017eena pro dekoraci vnit\u0159n\u00edch i venkovn\u00edch hladk\u00fdch povrch\u016f. Lze ji aplikovat na r\u016fzn\u00e9 povrchy, jako jsou automobily, n\u00e1bytek, okna, v\u00fdlohy a dal\u0161\u00ed hladk\u00e9 a leskl\u00e9 plochy.<\/p>\n<p><strong>Trvanlivost:<\/strong> St\u0159edn\u011bdob\u00e1 f\u00f3lie s trvanlivost\u00ed 2-5 let, vhodn\u00e1 pro dlouhodob\u00e9 pou\u017eit\u00ed a odoln\u00e1 v\u016f\u010di pov\u011btrnostn\u00edm vliv\u016fm.<\/p>\n<p><strong>Design:<\/strong> Samolepka nem\u00e1 \u017e\u00e1dn\u00e9 pozad\u00ed, tak\u017ee barva obr\u00e1zku by m\u011bla kontrastovat s barvou povrchu, na kter\u00fd ji lep\u00edte. Nap\u0159\u00edklad na \u010dern\u00e9 auto doporu\u010dujeme b\u00edlou samolepku, na b\u00edl\u00e9 auto \u010dernou samolepku.<\/p>\n<p><strong>Pozn\u00e1mka:<\/strong> Pokud si p\u0159ejete samolepku v jin\u00e9 barv\u011b, p\u0159ipi\u0161te n\u00e1m to do pozn\u00e1mky k objedn\u00e1vce. Vyr\u00e1b\u00edme samolepky na m\u00edru podle va\u0161ich p\u0159\u00e1n\u00ed.<\/p>\n<p>Ozdobte sv\u016fj automobil, notebook nebo jin\u00fd povrch s na\u0161\u00ed vinylovou samolepkou \u201e Dogo argentino &#8211; Dog like a boss\u201c a uka\u017ete svou l\u00e1sku k t\u00e9to \u00fa\u017easn\u00e9 rase!<\/p>\n","protected":false},"excerpt":{"rendered":"<p>Origin\u00e1ln\u00ed samolepka pro milovn\u00edky argentinsk\u00fdch dog nab\u00edz\u00edme tuto origin\u00e1ln\u00ed vinylovou samolepku, kter\u00e1 je ide\u00e1ln\u00ed pro zdoben\u00ed interi\u00e9ru i exteri\u00e9ru. Perfektn\u00ed pro automobil, notebook, okna a dal\u0161\u00ed<span class=\"excerpt-hellip\"> [\u2026]<\/span><\/p>\n","protected":false},"featured_media":311,"comment_status":"open","ping_status":"closed","template":"","meta":[],"product_cat":[78],"product_tag":[107],"class_list":{"0":"post-548","1":"product","2":"type-product","3":"status-publish","4":"has-post-thumbnail","6":"product_cat-samolepky-venkovni","7":"product_tag-dog","9":"first","10":"instock","11":"shipping-taxable","12":"purchasable","13":"product-type-simple"},"_links":{"self":[{"href":"http:\/\/www.madnaughty.cz\/index.php?rest_route=\/wp\/v2\/product\/548"}],"collection":[{"href":"http:\/\/www.madnaughty.cz\/index.php?rest_route=\/wp\/v2\/product"}],"about":[{"href":"http:\/\/www.madnaughty.cz\/index.php?rest_route=\/wp\/v2\/types\/product"}],"replies":[{"embeddable":true,"href":"http:\/\/www.madnaughty.cz\/index.php?rest_route=%2Fwp%2Fv2%2Fcomments&post=548"}],"wp:featuredmedia":[{"embeddable":true,"href":"http:\/\/www.madnaughty.cz\/index.php?rest_route=\/wp\/v2\/media\/311"}],"wp:attachment":[{"href":"http:\/\/www.madnaughty.cz\/index.php?rest_route=%2Fwp%2Fv2%2Fmedia&parent=548"}],"wp:term":[{"taxonomy":"product_cat","embeddable":true,"href":"http:\/\/www.madnaughty.cz\/index.php?rest_route=%2Fwp%2Fv2%2Fproduct_cat&post=548"},{"taxonomy":"product_tag","embeddable":true,"href":"http:\/\/www.madnaughty.cz\/index.php?rest_route=%2Fwp%2Fv2%2Fproduct_tag&post=548"}],"curies":[{"name":"wp","href":"https:\/\/api.w.org\/{rel}","templated":true}]}}