{"id":558,"date":"2024-08-06T11:09:06","date_gmt":"2024-08-06T09:09:06","guid":{"rendered":"https:\/\/www.madnaughty.cz\/?post_type=product&#038;p=558"},"modified":"2024-08-14T09:35:35","modified_gmt":"2024-08-14T07:35:35","slug":"sklenicka-s-vlastnim-motivem","status":"publish","type":"product","link":"http:\/\/www.madnaughty.cz\/?product=sklenicka-s-vlastnim-motivem","title":{"rendered":"Skleni\u010dka s vlastn\u00edm motivem"},"content":{"rendered":"<p>Hled\u00e1te n\u011bco skute\u010dn\u011b origin\u00e1ln\u00edho? Na\u0161e skleni\u010dky na m\u00edru v\u00e1m umo\u017en\u00ed vytvo\u0159it si jedine\u010dn\u00fd kousek podle va\u0161ich p\u0159edstav! Vyberte si z \u0161irok\u00e9 nab\u00eddky motiv\u016f na na\u0161em eshopu nebo se nechte inspirovat a navrhn\u011bte vlastn\u00ed design \u2013 jsme tu, abychom v\u00e1m s tvorbou r\u00e1di pomohli \u2665<\/p>\n<p>M\u016f\u017eete si vybrat z r\u016fzn\u00fdch barev vinyl\u016f a ze t\u0159\u00ed velikost\u00ed sklenek:<\/p>\n<ul>\n<li><strong>Velikost M<\/strong> \u2013 380 ml<\/li>\n<li><strong>Velikost L<\/strong> \u2013 473 ml<\/li>\n<li><strong>Velikost XL<\/strong> \u2013 540 ml<\/li>\n<\/ul>\n<p>Velikosti M a XL jsou vybaveny sklen\u011bn\u00fdm br\u010dkem a bambusov\u00fdm v\u00ed\u010dkem, kter\u00e9 p\u0159id\u00e1vaj\u00ed na stylu a prakti\u010dnosti. P\u0159izp\u016fsobte si skleni\u010dku p\u0159esn\u011b podle sv\u00e9ho vkusu a u\u017eijte si pit\u00ed s osobit\u00fdm n\u00e1dechem!<\/p>\n<p>Vyb\u00edrat m\u016f\u017eete z mnoha<a href=\"https:\/\/www.madnaughty.cz\/?page_id=631\"> barev vinyl\u016f<\/a> .<\/p>\n","protected":false},"excerpt":{"rendered":"<p>Vytvo\u0159te si sklenku s vlastn\u00edm motivem \u2665<\/p>\n","protected":false},"featured_media":553,"comment_status":"open","ping_status":"closed","template":"","meta":[],"product_cat":[73,83],"product_tag":[],"class_list":{"0":"post-558","1":"product","2":"type-product","3":"status-publish","4":"has-post-thumbnail","6":"product_cat-sklenicky","7":"product_cat-vlastni","9":"first","10":"instock","11":"shipping-taxable","12":"purchasable","13":"product-type-variable"},"_links":{"self":[{"href":"http:\/\/www.madnaughty.cz\/index.php?rest_route=\/wp\/v2\/product\/558"}],"collection":[{"href":"http:\/\/www.madnaughty.cz\/index.php?rest_route=\/wp\/v2\/product"}],"about":[{"href":"http:\/\/www.madnaughty.cz\/index.php?rest_route=\/wp\/v2\/types\/product"}],"replies":[{"embeddable":true,"href":"http:\/\/www.madnaughty.cz\/index.php?rest_route=%2Fwp%2Fv2%2Fcomments&post=558"}],"wp:featuredmedia":[{"embeddable":true,"href":"http:\/\/www.madnaughty.cz\/index.php?rest_route=\/wp\/v2\/media\/553"}],"wp:attachment":[{"href":"http:\/\/www.madnaughty.cz\/index.php?rest_route=%2Fwp%2Fv2%2Fmedia&parent=558"}],"wp:term":[{"taxonomy":"product_cat","embeddable":true,"href":"http:\/\/www.madnaughty.cz\/index.php?rest_route=%2Fwp%2Fv2%2Fproduct_cat&post=558"},{"taxonomy":"product_tag","embeddable":true,"href":"http:\/\/www.madnaughty.cz\/index.php?rest_route=%2Fwp%2Fv2%2Fproduct_tag&post=558"}],"curies":[{"name":"wp","href":"https:\/\/api.w.org\/{rel}","templated":true}]}}