{"id":569,"date":"2024-08-06T16:05:47","date_gmt":"2024-08-06T14:05:47","guid":{"rendered":"https:\/\/www.madnaughty.cz\/?post_type=product&#038;p=569"},"modified":"2025-10-11T02:29:04","modified_gmt":"2025-10-11T00:29:04","slug":"tricko-s-vlastnim-motivem-unisex-cerne","status":"publish","type":"product","link":"http:\/\/www.madnaughty.cz\/?product=tricko-s-vlastnim-motivem-unisex-cerne","title":{"rendered":"Tri\u010dko s vlastn\u00edm motivem Unisex \u010cern\u00e9"},"content":{"rendered":"<div class=\"woocommerce-product-details__short-description\">\n<p>Vyj\u00e1d\u0159ete svou kreativitu a osobitost s na\u0161imi tri\u010dky dle vlastn\u00edho motivu. Nab\u00edz\u00edme v\u00e1m mo\u017enost vytvo\u0159it si tri\u010dko p\u0159esn\u011b podle va\u0161ich p\u0159edstav. A\u0165 u\u017e m\u00e1te vlastn\u00ed design nebo si p\u0159ejete p\u0159izp\u016fsobit jeden z na\u0161ich n\u00e1vrh\u016f, jsme tu, abychom v\u00e1m pomohli!<\/p>\n<p><strong>Materi\u00e1l:<\/strong> 100% bavlna pro pohodl\u00ed a trvanlivost. Ide\u00e1ln\u00ed pro ka\u017edodenn\u00ed no\u0161en\u00ed, speci\u00e1ln\u00ed p\u0159\u00edle\u017eitosti nebo jako jedine\u010dn\u00fd d\u00e1rek.<\/p>\n<p><strong>Design:<\/strong> Modern\u00ed unisex st\u0159ih dostupn\u00fd ve velikostech od S do 3XL. Na\u0161e tri\u010dka v\u00e1m umo\u017e\u0148uj\u00ed pln\u011b vyu\u017e\u00edt svou kreativitu s mo\u017enost\u00ed p\u0159idat vlastn\u00ed grafiku. R\u00e1di v\u00e1m pom\u016f\u017eeme s n\u00e1vrhem grafiky, a\u0165 u\u017e jde o text, obr\u00e1zky nebo kombinaci oboj\u00edho.<\/p>\n<p><strong>Detaily:<\/strong><\/p>\n<ul>\n<li>Barva: K dispozici v \u0161irok\u00e9m spektru barev podle va\u0161eho v\u00fdb\u011bru.<\/li>\n<li>Materi\u00e1l: 100% bavlna<\/li>\n<li>Typ: Unisex<\/li>\n<li>Velikosti: S \u2013 3XL<\/li>\n<li>Mo\u017enost vlastn\u00edho designu<\/li>\n<\/ul>\n<p><strong>Grafika: <\/strong>Vyb\u00edrat m\u016f\u017eete<a href=\"https:\/\/www.madnaughty.cz\/?page_id=680\"> z t\u011bchto na\u017eehlovac\u00edch f\u00f3li\u00ed<\/a>, abyste dos\u00e1hli dokonal\u00e9ho vzhledu va\u0161eho tri\u010dka. N\u00e1\u0161 t\u00fdm je p\u0159ipraven v\u00e1m pomoci s n\u00e1vrhem a zajistit, aby va\u0161e grafika vypadala p\u0159esn\u011b tak, jak si p\u0159ejete.<\/p>\n<p><strong>P\u00e9\u010de:<\/strong> Pran\u00ed na n\u00edzk\u00e9 teplot\u011b a \u017eehlit naruby pro zaji\u0161t\u011bn\u00ed dlouh\u00e9 \u017eivotnosti tri\u010dka a zachov\u00e1n\u00ed kvality potisku.<\/p>\n<p><strong>Vytvo\u0159te si tri\u010dko, kter\u00e9 bude p\u0159esn\u011b odr\u00e1\u017eet va\u0161i osobnost nebo firemn\u00ed identitu. Kontaktujte n\u00e1s a za\u010dn\u011bte s n\u00e1vrhem je\u0161t\u011b dnes!<\/strong><\/p>\n<\/div>\n","protected":false},"excerpt":{"rendered":"<p>Vyj\u00e1d\u0159ete svou kreativitu a osobitost s na\u0161imi tri\u010dky dle vlastn\u00edho motivu. Nab\u00edz\u00edme v\u00e1m mo\u017enost vytvo\u0159it si tri\u010dko p\u0159esn\u011b podle va\u0161ich p\u0159edstav. A\u0165 u\u017e m\u00e1te vlastn\u00ed design<span class=\"excerpt-hellip\"> [\u2026]<\/span><\/p>\n","protected":false},"featured_media":554,"comment_status":"open","ping_status":"closed","template":"","meta":[],"product_cat":[76,83],"product_tag":[],"class_list":{"0":"post-569","1":"product","2":"type-product","3":"status-publish","4":"has-post-thumbnail","6":"product_cat-tricka","7":"product_cat-vlastni","9":"first","10":"onbackorder","11":"shipping-taxable","12":"purchasable","13":"product-type-variable"},"_links":{"self":[{"href":"http:\/\/www.madnaughty.cz\/index.php?rest_route=\/wp\/v2\/product\/569"}],"collection":[{"href":"http:\/\/www.madnaughty.cz\/index.php?rest_route=\/wp\/v2\/product"}],"about":[{"href":"http:\/\/www.madnaughty.cz\/index.php?rest_route=\/wp\/v2\/types\/product"}],"replies":[{"embeddable":true,"href":"http:\/\/www.madnaughty.cz\/index.php?rest_route=%2Fwp%2Fv2%2Fcomments&post=569"}],"wp:featuredmedia":[{"embeddable":true,"href":"http:\/\/www.madnaughty.cz\/index.php?rest_route=\/wp\/v2\/media\/554"}],"wp:attachment":[{"href":"http:\/\/www.madnaughty.cz\/index.php?rest_route=%2Fwp%2Fv2%2Fmedia&parent=569"}],"wp:term":[{"taxonomy":"product_cat","embeddable":true,"href":"http:\/\/www.madnaughty.cz\/index.php?rest_route=%2Fwp%2Fv2%2Fproduct_cat&post=569"},{"taxonomy":"product_tag","embeddable":true,"href":"http:\/\/www.madnaughty.cz\/index.php?rest_route=%2Fwp%2Fv2%2Fproduct_tag&post=569"}],"curies":[{"name":"wp","href":"https:\/\/api.w.org\/{rel}","templated":true}]}}