{"id":603,"date":"2024-08-06T21:49:16","date_gmt":"2024-08-06T19:49:16","guid":{"rendered":"https:\/\/www.madnaughty.cz\/?post_type=product&#038;p=603"},"modified":"2024-08-14T12:15:40","modified_gmt":"2024-08-14T10:15:40","slug":"tricko-perfect-unisex-bile","status":"publish","type":"product","link":"http:\/\/www.madnaughty.cz\/?product=tricko-perfect-unisex-bile","title":{"rendered":"Tri\u010dko \u2013 Perfect \u2013 Unisex B\u00edl\u00e9"},"content":{"rendered":"<div class=\"woocommerce-product-details__short-description\">\n<p>Oslavte svou jedine\u010dnost a osobitost s t\u00edmto b\u00edl\u00fdm tri\u010dkem, kter\u00e9 p\u0159in\u00e1\u0161\u00ed odv\u00e1\u017en\u00fd a pozitivn\u00ed vzkaz. N\u00e1pis \u201eI\u2019m Not Perfect! I\u2019m Limited Edition \u2665\u201c je skv\u011bl\u00fdm zp\u016fsobem, jak uk\u00e1zat, \u017ee i kdy\u017e nejsme dokonal\u00ed, na\u0161e jedine\u010dnost a osobnost jsou neoceniteln\u00e9.<\/p>\n<p><strong>Materi\u00e1l:<\/strong> 100% bavlna pro maxim\u00e1ln\u00ed pohodl\u00ed a prody\u0161nost, ide\u00e1ln\u00ed pro ka\u017edodenn\u00ed no\u0161en\u00ed nebo speci\u00e1ln\u00ed p\u0159\u00edle\u017eitosti.<\/p>\n<p><strong>Design:<\/strong> Modern\u00ed unisex st\u0159ih, kter\u00fd je k dispozici ve velikostech od S do 3XL. Tri\u010dko je navr\u017eeno tak, aby vyhovovalo ka\u017ed\u00e9mu a vyniklo svou jednoduchou, ale v\u00fdsti\u017enou zpr\u00e1vou.<\/p>\n<p><strong>Detaily:<\/strong><\/p>\n<ul>\n<li>Barva: B\u00edl\u00e1<\/li>\n<li>Materi\u00e1l: 100% bavlna<\/li>\n<li>Typ: Unisex<\/li>\n<li>Velikosti: S \u2013 3XL<\/li>\n<\/ul>\n<p><strong>P\u00e9\u010de:<\/strong> Pran\u00ed na n\u00edzk\u00e9 teplot\u011b a \u017eehlit naruby pro udr\u017een\u00ed kvalitn\u00edho vzhledu tri\u010dka.<\/p>\n<p>Toto tri\u010dko je perfektn\u00ed volbou pro v\u0161echny, kte\u0159\u00ed cht\u011bj\u00ed vyj\u00e1d\u0159it svou originalitu a sebev\u011bdom\u00ed s trochou humoru. Skv\u011bl\u00fd d\u00e1rek pro sebe nebo pro n\u011bkoho, kdo ocen\u00ed jedine\u010dn\u00fd a pozitivn\u00ed p\u0159\u00edstup k \u017eivotu.<\/p>\n<\/div>\n","protected":false},"excerpt":{"rendered":"<p>Oslavte svou jedine\u010dnost a osobitost s t\u00edmto b\u00edl\u00fdm tri\u010dkem, kter\u00e9 p\u0159in\u00e1\u0161\u00ed odv\u00e1\u017en\u00fd a pozitivn\u00ed vzkaz. N\u00e1pis \u201eI\u2019m Not Perfect! I\u2019m Limited Edition \u2665\u201c je skv\u011bl\u00fdm zp\u016fsobem,<span class=\"excerpt-hellip\"> [\u2026]<\/span><\/p>\n","protected":false},"featured_media":618,"comment_status":"open","ping_status":"closed","template":"","meta":[],"product_cat":[76],"product_tag":[117,110],"class_list":{"0":"post-603","1":"product","2":"type-product","3":"status-publish","4":"has-post-thumbnail","6":"product_cat-tricka","7":"product_tag-mental-healt","8":"product_tag-self-love-care","10":"first","11":"onbackorder","12":"shipping-taxable","13":"purchasable","14":"product-type-variable"},"_links":{"self":[{"href":"http:\/\/www.madnaughty.cz\/index.php?rest_route=\/wp\/v2\/product\/603"}],"collection":[{"href":"http:\/\/www.madnaughty.cz\/index.php?rest_route=\/wp\/v2\/product"}],"about":[{"href":"http:\/\/www.madnaughty.cz\/index.php?rest_route=\/wp\/v2\/types\/product"}],"replies":[{"embeddable":true,"href":"http:\/\/www.madnaughty.cz\/index.php?rest_route=%2Fwp%2Fv2%2Fcomments&post=603"}],"wp:featuredmedia":[{"embeddable":true,"href":"http:\/\/www.madnaughty.cz\/index.php?rest_route=\/wp\/v2\/media\/618"}],"wp:attachment":[{"href":"http:\/\/www.madnaughty.cz\/index.php?rest_route=%2Fwp%2Fv2%2Fmedia&parent=603"}],"wp:term":[{"taxonomy":"product_cat","embeddable":true,"href":"http:\/\/www.madnaughty.cz\/index.php?rest_route=%2Fwp%2Fv2%2Fproduct_cat&post=603"},{"taxonomy":"product_tag","embeddable":true,"href":"http:\/\/www.madnaughty.cz\/index.php?rest_route=%2Fwp%2Fv2%2Fproduct_tag&post=603"}],"curies":[{"name":"wp","href":"https:\/\/api.w.org\/{rel}","templated":true}]}}