{"id":610,"date":"2024-08-06T21:49:22","date_gmt":"2024-08-06T19:49:22","guid":{"rendered":"https:\/\/www.madnaughty.cz\/?post_type=product&#038;p=610"},"modified":"2024-08-14T12:07:58","modified_gmt":"2024-08-14T10:07:58","slug":"tricko-dog-friendly-unisex-cerne","status":"publish","type":"product","link":"http:\/\/www.madnaughty.cz\/?product=tricko-dog-friendly-unisex-cerne","title":{"rendered":"Tri\u010dko \u2013 Dog Friendly\u2013 Unisex \u010cern\u00e9"},"content":{"rendered":"<div class=\"woocommerce-product-details__short-description\">\n<p>Vytvo\u0159te si osobit\u00fd styl s t\u00edmto \u010dern\u00fdm unisex tri\u010dkem, kter\u00e9 spojuje humor s upozorn\u011bn\u00edm. S n\u00e1pisem \u201eDOG is Friendly Beware of Owner\u201c budete nejen \u0161\u00ed\u0159it \u00fasm\u011bv, ale tak\u00e9 varovat v\u0161echny, \u017ee v\u00e1\u0161 \u010dty\u0159noh\u00fd p\u0159\u00edtel m\u016f\u017ee b\u00fdt p\u0159\u00e1telsk\u00fd, ale jeho majitel je neodolateln\u011b origin\u00e1ln\u00ed!<\/p>\n<p><strong>Materi\u00e1l:<\/strong> 100% bavlna pro pohodl\u00ed a trvanlivost.<\/p>\n<p><strong>Design:<\/strong> Unisex st\u0159ih dostupn\u00fd ve velikostech od S do 3XL, co\u017e zaji\u0161\u0165uje perfektn\u00ed padnut\u00ed pro ka\u017ed\u00e9ho. Tento design je skv\u011blou volbou pro milovn\u00edky ps\u016f i pro v\u0161echny, kdo maj\u00ed r\u00e1di vtipn\u00e9 a jedine\u010dn\u00e9 oble\u010den\u00ed.<\/p>\n<p><strong>Detaily:<\/strong><\/p>\n<ul>\n<li>Barva: \u010cern\u00e1<\/li>\n<li>Materi\u00e1l: 100% bavlna<\/li>\n<li>Typ: Unisex<\/li>\n<li>Velikosti: S \u2013 3XL<\/li>\n<\/ul>\n<p><strong>P\u00e9\u010de:<\/strong> Pran\u00ed na n\u00edzk\u00e9 teplot\u011b a \u017eehlit naruby pro maxim\u00e1ln\u00ed dlouhov\u011bkost tri\u010dka.<\/p>\n<p>Uk\u00e1\u017ete sv\u011btu svou osobnost a v\u00e1\u0161 smysl pro humor s t\u00edmto stylov\u00fdm tri\u010dkem, kter\u00e9 je skv\u011bl\u00fdm d\u00e1rkem pro ka\u017ed\u00e9ho milovn\u00edka ps\u016f nebo pro v\u00e1s samotn\u00e9!<\/p>\n<\/div>\n","protected":false},"excerpt":{"rendered":"<p>Vytvo\u0159te si osobit\u00fd styl s t\u00edmto \u010dern\u00fdm unisex tri\u010dkem, kter\u00e9 spojuje humor s upozorn\u011bn\u00edm. S n\u00e1pisem \u201eDOG is Friendly Beware of Owner\u201c budete nejen \u0161\u00ed\u0159it \u00fasm\u011bv,<span class=\"excerpt-hellip\"> [\u2026]<\/span><\/p>\n","protected":false},"featured_media":617,"comment_status":"open","ping_status":"closed","template":"","meta":[],"product_cat":[76],"product_tag":[107],"class_list":{"0":"post-610","1":"product","2":"type-product","3":"status-publish","4":"has-post-thumbnail","6":"product_cat-tricka","7":"product_tag-dog","9":"first","10":"onbackorder","11":"shipping-taxable","12":"purchasable","13":"product-type-variable"},"_links":{"self":[{"href":"http:\/\/www.madnaughty.cz\/index.php?rest_route=\/wp\/v2\/product\/610"}],"collection":[{"href":"http:\/\/www.madnaughty.cz\/index.php?rest_route=\/wp\/v2\/product"}],"about":[{"href":"http:\/\/www.madnaughty.cz\/index.php?rest_route=\/wp\/v2\/types\/product"}],"replies":[{"embeddable":true,"href":"http:\/\/www.madnaughty.cz\/index.php?rest_route=%2Fwp%2Fv2%2Fcomments&post=610"}],"wp:featuredmedia":[{"embeddable":true,"href":"http:\/\/www.madnaughty.cz\/index.php?rest_route=\/wp\/v2\/media\/617"}],"wp:attachment":[{"href":"http:\/\/www.madnaughty.cz\/index.php?rest_route=%2Fwp%2Fv2%2Fmedia&parent=610"}],"wp:term":[{"taxonomy":"product_cat","embeddable":true,"href":"http:\/\/www.madnaughty.cz\/index.php?rest_route=%2Fwp%2Fv2%2Fproduct_cat&post=610"},{"taxonomy":"product_tag","embeddable":true,"href":"http:\/\/www.madnaughty.cz\/index.php?rest_route=%2Fwp%2Fv2%2Fproduct_tag&post=610"}],"curies":[{"name":"wp","href":"https:\/\/api.w.org\/{rel}","templated":true}]}}